{"id":616,"date":"2020-01-08T20:03:08","date_gmt":"2020-01-08T19:03:08","guid":{"rendered":"http:\/\/innovideasas.com\/?page_id=616"},"modified":"2026-04-08T16:01:16","modified_gmt":"2026-04-08T14:01:16","slug":"partenaires","status":"publish","type":"page","link":"https:\/\/innovideasas.com\/index.php\/fr\/partenaires\/","title":{"rendered":"Partenaires"},"content":{"rendered":"\n<p class=\"wp-block-paragraph\">Les partenaires innovants suivants font confiance \u00e0 INNOVIDEA pour d\u00e9velopper \u00e0 l&#8217;international leur chiffre d&#8217;affaires et leur marque<\/p>\n\n\n\n<figure class=\"wp-block-table is-style-stripes\"><table><thead><tr><th class=\"has-text-align-left\" data-align=\"left\">Partenaire<\/th><th>Offre<\/th><\/tr><\/thead><tbody><tr><td class=\"has-text-align-left\" data-align=\"left\"> <strong><a href=\"https:\/\/asman-technology.com\/\" target=\"_blank\" rel=\"noreferrer noopener\">Asman Technology<\/a><\/strong><\/td><td>Solutions de transmission de donn\u00e9es par a\u00e9ronefs<\/td><\/tr><tr><td class=\"has-text-align-left\" data-align=\"left\"><strong><a href=\"https:\/\/www.e2i-solutions.com\/\" target=\"_blank\" rel=\"noreferrer noopener\">E2I Solutions<\/a><\/strong><\/td><td>D\u00e9veloppement solutions \u00e9lectroniques ( incl. infrarouge)<\/td><\/tr><tr><td class=\"has-text-align-left\" data-align=\"left\"><strong><strong><a href=\"https:\/\/www.haziel.fr\/\" target=\"_blank\" rel=\"noreferrer noopener\">Haziel<\/a><\/strong><\/strong><\/td><td>Prestations de mesure par drone<\/td><\/tr><tr><td class=\"has-text-align-left\" data-align=\"left\"><strong><a href=\"http:\/\/www.idao-engineering.com\/\" target=\"_blank\" rel=\"noreferrer noopener\">IDAO Engineering<\/a><\/strong><\/td><td>Cam\u00e9ras refroidies MWIR sur mesure<\/td><\/tr><tr><td class=\"has-text-align-left\" data-align=\"left\"><strong><a href=\"https:\/\/www.ftmesures.com\/\" target=\"_blank\" rel=\"noreferrer noopener\">FT Mesures<\/a><\/strong><\/td><td>Solutions de capteurs fibre optique<\/td><\/tr><tr><td class=\"has-text-align-left\" data-align=\"left\"><strong><a href=\"https:\/\/pergam-suisse.ch\/\" target=\"_blank\" rel=\"noreferrer noopener\">Pergam<\/a><\/strong><\/td><td>Solution de d\u00e9tection et quantification m\u00e9thane<\/td><\/tr><tr><td class=\"has-text-align-left\" data-align=\"left\"><strong><a href=\"https:\/\/www.phonoptics.fr\/\">Phonoptics<\/a><\/strong><\/td><td>Pyrom\u00e8tre bi-chromatique et capteur fibre optique<\/td><\/tr><tr><td class=\"has-text-align-left\" data-align=\"left\"><strong><a href=\"https:\/\/www.photomedtech.com\/\" target=\"_blank\" rel=\"noreferrer noopener\">Photomed Technologies<\/a><\/strong><\/td><td>Dispositif non invasif de photobiostimulation<\/td><\/tr><tr><td class=\"has-text-align-left\" data-align=\"left\"><strong><a href=\"https:\/\/sierraolympia.com\/\" target=\"_blank\" rel=\"noreferrer noopener\"> Sierra Olympia Technologies Inc.<\/a><\/strong><\/td><td>Cam\u00e9ras  refroidies MWIR &amp; non refroidies LWIR<\/td><\/tr><tr><td class=\"has-text-align-left\" data-align=\"left\"><strong><a href=\"https:\/\/www.xiris.com\/\" target=\"_blank\" rel=\"noreferrer noopener\"> Xiris Automation Inc.<\/a><\/strong><\/td><td>Cam\u00e9ras pour le soudage et la fabrication additive<\/td><\/tr><tr><td class=\"has-text-align-left\" data-align=\"left\"><em>Autres ( Drone, Infrarouge)<\/em><\/td><td><em>Nous consulter<\/em><\/td><\/tr><tr><td class=\"has-text-align-left\" data-align=\"left\"><a href=\"https:\/\/www.clp-laser.fr\/fr\/pages\/about\" target=\"_blank\" rel=\"noreferrer noopener\">Club Laser &amp; Proc\u00e9d\u00e9s<\/a><\/td><td>Association d&#8217;industriels en technologies  &amp; proc\u00e9d\u00e9s laser<\/td><\/tr><tr><td class=\"has-text-align-left\" data-align=\"left\"><a href=\"https:\/\/www.reseau-mesure.com\/\" target=\"_blank\" rel=\"noreferrer noopener\">R\u00e9seau Mesure<\/a><\/td><td>Association d&#8217;industriels de la mesure<\/td><\/tr><\/tbody><\/table><figcaption class=\"wp-element-caption\"> INNOVIDEA conseille \u00e9galement des PME et des groupes fran\u00e7ais ou \u00e9trangers dans diff\u00e9rentes industries ( d\u00e9tection gaz,  vision industrielle, &#8230;) <\/figcaption><\/figure>\n\n\n\n<p class=\"wp-block-paragraph\"><\/p>\n\n\n\n<p class=\"wp-block-paragraph\"><\/p>\n\n\n\n<figure class=\"wp-block-gallery has-nested-images columns-default wp-block-gallery-1 is-layout-flex wp-block-gallery-is-layout-flex\">\n<figure class=\"wp-block-image size-large\"><img decoding=\"async\" width=\"220\" height=\"91\" data-id=\"1110\" data-src=\"https:\/\/innovideasas.com\/wp-content\/uploads\/2021\/08\/Logo-e1628849759301.jpg\" alt=\"\" class=\"wp-image-1110 lazyload\" src=\"data:image\/svg+xml;base64,PHN2ZyB3aWR0aD0iMSIgaGVpZ2h0PSIxIiB4bWxucz0iaHR0cDovL3d3dy53My5vcmcvMjAwMC9zdmciPjwvc3ZnPg==\" style=\"--smush-placeholder-width: 220px; --smush-placeholder-aspect-ratio: 220\/91;\" \/><\/figure>\n\n\n\n<figure class=\"wp-block-image size-large\"><img decoding=\"async\" width=\"305\" height=\"222\" data-id=\"1111\" data-src=\"https:\/\/innovideasas.com\/wp-content\/uploads\/2021\/08\/Xiris-logo.jpg\" alt=\"\" class=\"wp-image-1111 lazyload\" data-srcset=\"https:\/\/innovideasas.com\/wp-content\/uploads\/2021\/08\/Xiris-logo.jpg 305w, https:\/\/innovideasas.com\/wp-content\/uploads\/2021\/08\/Xiris-logo-300x218.jpg 300w\" data-sizes=\"(max-width: 305px) 100vw, 305px\" src=\"data:image\/svg+xml;base64,PHN2ZyB3aWR0aD0iMSIgaGVpZ2h0PSIxIiB4bWxucz0iaHR0cDovL3d3dy53My5vcmcvMjAwMC9zdmciPjwvc3ZnPg==\" style=\"--smush-placeholder-width: 305px; --smush-placeholder-aspect-ratio: 305\/222;\" \/><\/figure>\n\n\n\n<figure class=\"wp-block-image size-full\"><img decoding=\"async\" width=\"474\" height=\"474\" data-id=\"1208\" data-src=\"https:\/\/innovideasas.com\/wp-content\/uploads\/2022\/01\/logo-Pergam.jpg\" alt=\"\" class=\"wp-image-1208 lazyload\" data-srcset=\"https:\/\/innovideasas.com\/wp-content\/uploads\/2022\/01\/logo-Pergam.jpg 474w, https:\/\/innovideasas.com\/wp-content\/uploads\/2022\/01\/logo-Pergam-300x300.jpg 300w, https:\/\/innovideasas.com\/wp-content\/uploads\/2022\/01\/logo-Pergam-150x150.jpg 150w, https:\/\/innovideasas.com\/wp-content\/uploads\/2022\/01\/logo-Pergam-100x100.jpg 100w\" data-sizes=\"(max-width: 474px) 100vw, 474px\" src=\"data:image\/svg+xml;base64,PHN2ZyB3aWR0aD0iMSIgaGVpZ2h0PSIxIiB4bWxucz0iaHR0cDovL3d3dy53My5vcmcvMjAwMC9zdmciPjwvc3ZnPg==\" style=\"--smush-placeholder-width: 474px; --smush-placeholder-aspect-ratio: 474\/474;\" \/><\/figure>\n\n\n\n<figure class=\"wp-block-image size-large\"><img decoding=\"async\" width=\"1000\" height=\"483\" data-id=\"428\" data-src=\"https:\/\/innovideasas.com\/wp-content\/uploads\/2019\/02\/new-log-IDAO.png\" alt=\"\" class=\"wp-image-428 lazyload\" data-srcset=\"https:\/\/innovideasas.com\/wp-content\/uploads\/2019\/02\/new-log-IDAO.png 1000w, https:\/\/innovideasas.com\/wp-content\/uploads\/2019\/02\/new-log-IDAO-300x145.png 300w, https:\/\/innovideasas.com\/wp-content\/uploads\/2019\/02\/new-log-IDAO-768x371.png 768w\" data-sizes=\"(max-width: 767px) 89vw, (max-width: 1000px) 54vw, (max-width: 1071px) 543px, 580px\" src=\"data:image\/svg+xml;base64,PHN2ZyB3aWR0aD0iMSIgaGVpZ2h0PSIxIiB4bWxucz0iaHR0cDovL3d3dy53My5vcmcvMjAwMC9zdmciPjwvc3ZnPg==\" style=\"--smush-placeholder-width: 1000px; --smush-placeholder-aspect-ratio: 1000\/483;\" \/><\/figure>\n\n\n\n<figure class=\"wp-block-image size-full\"><img decoding=\"async\" width=\"576\" height=\"184\" data-id=\"1528\" data-src=\"https:\/\/innovideasas.com\/wp-content\/uploads\/2026\/02\/logo-E2I.png\" alt=\"\" class=\"wp-image-1528 lazyload\" data-srcset=\"https:\/\/innovideasas.com\/wp-content\/uploads\/2026\/02\/logo-E2I.png 576w, https:\/\/innovideasas.com\/wp-content\/uploads\/2026\/02\/logo-E2I-300x96.png 300w\" data-sizes=\"(max-width: 576px) 100vw, 576px\" src=\"data:image\/svg+xml;base64,PHN2ZyB3aWR0aD0iMSIgaGVpZ2h0PSIxIiB4bWxucz0iaHR0cDovL3d3dy53My5vcmcvMjAwMC9zdmciPjwvc3ZnPg==\" style=\"--smush-placeholder-width: 576px; --smush-placeholder-aspect-ratio: 576\/184;\" \/><\/figure>\n\n\n\n<figure class=\"wp-block-image size-full\"><img decoding=\"async\" width=\"476\" height=\"122\" data-id=\"1335\" data-src=\"https:\/\/innovideasas.com\/wp-content\/uploads\/2022\/12\/Logo-SOTI-new-1.jpg\" alt=\"\" class=\"wp-image-1335 lazyload\" data-srcset=\"https:\/\/innovideasas.com\/wp-content\/uploads\/2022\/12\/Logo-SOTI-new-1.jpg 476w, https:\/\/innovideasas.com\/wp-content\/uploads\/2022\/12\/Logo-SOTI-new-1-300x77.jpg 300w\" data-sizes=\"(max-width: 476px) 100vw, 476px\" src=\"data:image\/svg+xml;base64,PHN2ZyB3aWR0aD0iMSIgaGVpZ2h0PSIxIiB4bWxucz0iaHR0cDovL3d3dy53My5vcmcvMjAwMC9zdmciPjwvc3ZnPg==\" style=\"--smush-placeholder-width: 476px; --smush-placeholder-aspect-ratio: 476\/122;\" \/><\/figure>\n<\/figure>\n\n\n\n<p class=\"has-text-align-left wp-block-paragraph\"><\/p>\n\n\n\n<figure class=\"wp-block-gallery has-nested-images columns-default wp-block-gallery-2 is-layout-flex wp-block-gallery-is-layout-flex\">\n<figure class=\"wp-block-image size-large\"><a href=\"https:\/\/www.reseau-mesure.com\/\" target=\"_blank\" rel=\" noreferrer noopener\"><img decoding=\"async\" width=\"1024\" height=\"724\" data-id=\"1552\" data-src=\"https:\/\/innovideasas.com\/wp-content\/uploads\/2026\/04\/LOGO-RESEAU-MESURE-1-1024x724.jpg\" alt=\"\" class=\"wp-image-1552 lazyload\" data-srcset=\"https:\/\/innovideasas.com\/wp-content\/uploads\/2026\/04\/LOGO-RESEAU-MESURE-1-1024x724.jpg 1024w, https:\/\/innovideasas.com\/wp-content\/uploads\/2026\/04\/LOGO-RESEAU-MESURE-1-300x212.jpg 300w, https:\/\/innovideasas.com\/wp-content\/uploads\/2026\/04\/LOGO-RESEAU-MESURE-1-768x543.jpg 768w, https:\/\/innovideasas.com\/wp-content\/uploads\/2026\/04\/LOGO-RESEAU-MESURE-1-1536x1086.jpg 1536w, https:\/\/innovideasas.com\/wp-content\/uploads\/2026\/04\/LOGO-RESEAU-MESURE-1-2048x1448.jpg 2048w\" data-sizes=\"(max-width: 767px) 89vw, (max-width: 1000px) 54vw, (max-width: 1071px) 543px, 580px\" src=\"data:image\/svg+xml;base64,PHN2ZyB3aWR0aD0iMSIgaGVpZ2h0PSIxIiB4bWxucz0iaHR0cDovL3d3dy53My5vcmcvMjAwMC9zdmciPjwvc3ZnPg==\" style=\"--smush-placeholder-width: 1024px; --smush-placeholder-aspect-ratio: 1024\/724;\" \/><\/a><\/figure>\n\n\n\n<figure class=\"wp-block-image size-large\"><img decoding=\"async\" width=\"785\" height=\"1024\" data-id=\"562\" data-src=\"https:\/\/innovideasas.com\/wp-content\/uploads\/2020\/01\/logoPhotoMed-785x1024.png\" alt=\"\" class=\"wp-image-562 lazyload\" data-srcset=\"https:\/\/innovideasas.com\/wp-content\/uploads\/2020\/01\/logoPhotoMed-785x1024.png 785w, https:\/\/innovideasas.com\/wp-content\/uploads\/2020\/01\/logoPhotoMed-230x300.png 230w, https:\/\/innovideasas.com\/wp-content\/uploads\/2020\/01\/logoPhotoMed-768x1002.png 768w, https:\/\/innovideasas.com\/wp-content\/uploads\/2020\/01\/logoPhotoMed.png 800w\" data-sizes=\"(max-width: 767px) 89vw, (max-width: 1000px) 54vw, (max-width: 1071px) 543px, 580px\" src=\"data:image\/svg+xml;base64,PHN2ZyB3aWR0aD0iMSIgaGVpZ2h0PSIxIiB4bWxucz0iaHR0cDovL3d3dy53My5vcmcvMjAwMC9zdmciPjwvc3ZnPg==\" style=\"--smush-placeholder-width: 785px; --smush-placeholder-aspect-ratio: 785\/1024;\" \/><\/figure>\n\n\n\n<figure class=\"wp-block-image size-full\"><img decoding=\"async\" width=\"304\" height=\"304\" data-id=\"461\" data-src=\"https:\/\/innovideasas.com\/wp-content\/uploads\/2019\/04\/logo-haziel.png\" alt=\"\" class=\"wp-image-461 lazyload\" data-srcset=\"https:\/\/innovideasas.com\/wp-content\/uploads\/2019\/04\/logo-haziel.png 304w, https:\/\/innovideasas.com\/wp-content\/uploads\/2019\/04\/logo-haziel-150x150.png 150w, https:\/\/innovideasas.com\/wp-content\/uploads\/2019\/04\/logo-haziel-300x300.png 300w, https:\/\/innovideasas.com\/wp-content\/uploads\/2019\/04\/logo-haziel-100x100.png 100w\" data-sizes=\"(max-width: 304px) 100vw, 304px\" src=\"data:image\/svg+xml;base64,PHN2ZyB3aWR0aD0iMSIgaGVpZ2h0PSIxIiB4bWxucz0iaHR0cDovL3d3dy53My5vcmcvMjAwMC9zdmciPjwvc3ZnPg==\" style=\"--smush-placeholder-width: 304px; --smush-placeholder-aspect-ratio: 304\/304;\" \/><\/figure>\n<\/figure>\n\n\n\n<div class=\"wp-block-group\"><div class=\"wp-block-group__inner-container is-layout-flow wp-block-group-is-layout-flow\">\n<div class=\"wp-block-columns is-layout-flex wp-container-core-columns-is-layout-8f761849 wp-block-columns-is-layout-flex\">\n<div class=\"wp-block-column is-layout-flow wp-block-column-is-layout-flow\"><\/div>\n\n\n\n<div class=\"wp-block-column is-layout-flow wp-block-column-is-layout-flow\"><\/div>\n\n\n\n<div class=\"wp-block-column is-layout-flow wp-block-column-is-layout-flow\"><\/div>\n<\/div>\n<\/div><\/div>\n\n\n\n<div class=\"wp-block-columns is-layout-flex wp-container-core-columns-is-layout-8f761849 wp-block-columns-is-layout-flex\">\n<div class=\"wp-block-column is-layout-flow wp-block-column-is-layout-flow\"><\/div>\n\n\n\n<div class=\"wp-block-column is-layout-flow wp-block-column-is-layout-flow\"><\/div>\n\n\n\n<div class=\"wp-block-column is-layout-flow wp-block-column-is-layout-flow\"><\/div>\n<\/div>\n\n\n\n<div class=\"wp-block-columns is-layout-flex wp-container-core-columns-is-layout-8f761849 wp-block-columns-is-layout-flex\">\n<div class=\"wp-block-column is-layout-flow wp-block-column-is-layout-flow\"><\/div>\n\n\n\n<div class=\"wp-block-column is-layout-flow wp-block-column-is-layout-flow\"><\/div>\n\n\n\n<div class=\"wp-block-column is-layout-flow wp-block-column-is-layout-flow\"><\/div>\n<\/div>\n\n\n\n<hr class=\"wp-block-separator has-css-opacity\"\/>\n\n\n\n<div class=\"wp-block-group\"><div class=\"wp-block-group__inner-container is-layout-flow wp-block-group-is-layout-flow\"><\/div><\/div>\n\n\n\n<div class=\"wp-block-columns is-layout-flex wp-container-core-columns-is-layout-8f761849 wp-block-columns-is-layout-flex\">\n<div class=\"wp-block-column is-layout-flow wp-block-column-is-layout-flow\"><\/div>\n\n\n\n<div class=\"wp-block-column is-layout-flow wp-block-column-is-layout-flow\"><\/div>\n<\/div>\n\n\n\n<p class=\"wp-block-paragraph\"><\/p>\n","protected":false},"excerpt":{"rendered":"<p>Les partenaires innovants suivants font confiance \u00e0 INNOVIDEA pour d\u00e9velopper \u00e0 l&#8217;international leur chiffre d&#8217;affaires et leur marque Partenaire Offre Asman Technology Solutions de transmission de donn\u00e9es par a\u00e9ronefs E2I Solutions D\u00e9veloppement solutions \u00e9lectroniques ( incl. infrarouge) Haziel Prestations de mesure par drone IDAO Engineering Cam\u00e9ras refroidies MWIR sur mesure FT Mesures Solutions de capteurs &hellip; <\/p>\n<p class=\"link-more\"><a href=\"https:\/\/innovideasas.com\/index.php\/fr\/partenaires\/\" class=\"more-link\">Continue reading<span class=\"screen-reader-text\"> &#8220;Partenaires&#8221;<\/span><\/a><\/p>\n","protected":false},"author":1,"featured_media":0,"parent":0,"menu_order":0,"comment_status":"closed","ping_status":"closed","template":"","meta":{"_crdt_document":"","footnotes":""},"class_list":["post-616","page","type-page","status-publish","hentry"],"yoast_head":"<!-- This site is optimized with the Yoast SEO plugin v27.3 - https:\/\/yoast.com\/product\/yoast-seo-wordpress\/ -->\n<title>Partenaires - INNOVIDEA<\/title>\n<meta name=\"description\" content=\"INNOVIDEA coop\u00e8re avec plusieurs partenaires innovants dans le domaine de la photonique qui offrent des cam\u00e9ras de vision visible et infrarouge (LWIR, MWIR, SWIR) et d\u00e9tection gaz. En particulier avec First Light Imaging, IDAO Engineering, Sierra Olympia Technologies Inc, Oil &amp; Gas Technologies, Asman Technology, Pergam, Xiris Automation Inc, Leida technologies, Haziel, CDSI\" \/>\n<meta name=\"robots\" content=\"index, follow, max-snippet:-1, max-image-preview:large, max-video-preview:-1\" \/>\n<link rel=\"canonical\" href=\"https:\/\/innovideasas.com\/index.php\/fr\/partenaires\/\" \/>\n<meta property=\"og:locale\" content=\"en_US\" \/>\n<meta property=\"og:type\" content=\"article\" \/>\n<meta property=\"og:title\" content=\"Partenaires - INNOVIDEA\" \/>\n<meta property=\"og:description\" content=\"INNOVIDEA coop\u00e8re avec plusieurs partenaires innovants dans le domaine de la photonique qui offrent des cam\u00e9ras de vision visible et infrarouge (LWIR, MWIR, SWIR) et d\u00e9tection gaz. En particulier avec First Light Imaging, IDAO Engineering, Sierra Olympia Technologies Inc, Oil &amp; Gas Technologies, Asman Technology, Pergam, Xiris Automation Inc, Leida technologies, Haziel, CDSI\" \/>\n<meta property=\"og:url\" content=\"https:\/\/innovideasas.com\/index.php\/fr\/partenaires\/\" \/>\n<meta property=\"og:site_name\" content=\"INNOVIDEA\" \/>\n<meta property=\"article:modified_time\" content=\"2026-04-08T14:01:16+00:00\" \/>\n<meta property=\"og:image\" content=\"https:\/\/innovideasas.com\/wp-content\/uploads\/2021\/08\/Logo-e1628849759301.jpg\" \/>\n\t<meta property=\"og:image:width\" content=\"220\" \/>\n\t<meta property=\"og:image:height\" content=\"91\" \/>\n\t<meta property=\"og:image:type\" content=\"image\/jpeg\" \/>\n<meta name=\"twitter:card\" content=\"summary_large_image\" \/>\n<meta name=\"twitter:label1\" content=\"Est. reading time\" \/>\n\t<meta name=\"twitter:data1\" content=\"3 minutes\" \/>\n<script type=\"application\/ld+json\" class=\"yoast-schema-graph\">{\"@context\":\"https:\\\/\\\/schema.org\",\"@graph\":[{\"@type\":\"WebPage\",\"@id\":\"https:\\\/\\\/innovideasas.com\\\/index.php\\\/fr\\\/partenaires\\\/\",\"url\":\"https:\\\/\\\/innovideasas.com\\\/index.php\\\/fr\\\/partenaires\\\/\",\"name\":\"Partenaires - INNOVIDEA\",\"isPartOf\":{\"@id\":\"https:\\\/\\\/innovideasas.com\\\/#website\"},\"primaryImageOfPage\":{\"@id\":\"https:\\\/\\\/innovideasas.com\\\/index.php\\\/fr\\\/partenaires\\\/#primaryimage\"},\"image\":{\"@id\":\"https:\\\/\\\/innovideasas.com\\\/index.php\\\/fr\\\/partenaires\\\/#primaryimage\"},\"thumbnailUrl\":\"https:\\\/\\\/innovideasas.com\\\/wp-content\\\/uploads\\\/2021\\\/08\\\/Logo-e1628849759301.jpg\",\"datePublished\":\"2020-01-08T19:03:08+00:00\",\"dateModified\":\"2026-04-08T14:01:16+00:00\",\"description\":\"INNOVIDEA coop\u00e8re avec plusieurs partenaires innovants dans le domaine de la photonique qui offrent des cam\u00e9ras de vision visible et infrarouge (LWIR, MWIR, SWIR) et d\u00e9tection gaz. En particulier avec First Light Imaging, IDAO Engineering, Sierra Olympia Technologies Inc, Oil & Gas Technologies, Asman Technology, Pergam, Xiris Automation Inc, Leida technologies, Haziel, CDSI\",\"breadcrumb\":{\"@id\":\"https:\\\/\\\/innovideasas.com\\\/index.php\\\/fr\\\/partenaires\\\/#breadcrumb\"},\"inLanguage\":\"en-US\",\"potentialAction\":[{\"@type\":\"ReadAction\",\"target\":[\"https:\\\/\\\/innovideasas.com\\\/index.php\\\/fr\\\/partenaires\\\/\"]}]},{\"@type\":\"ImageObject\",\"inLanguage\":\"en-US\",\"@id\":\"https:\\\/\\\/innovideasas.com\\\/index.php\\\/fr\\\/partenaires\\\/#primaryimage\",\"url\":\"https:\\\/\\\/innovideasas.com\\\/wp-content\\\/uploads\\\/2021\\\/08\\\/Logo-e1628849759301.jpg\",\"contentUrl\":\"https:\\\/\\\/innovideasas.com\\\/wp-content\\\/uploads\\\/2021\\\/08\\\/Logo-e1628849759301.jpg\",\"width\":220,\"height\":91},{\"@type\":\"BreadcrumbList\",\"@id\":\"https:\\\/\\\/innovideasas.com\\\/index.php\\\/fr\\\/partenaires\\\/#breadcrumb\",\"itemListElement\":[{\"@type\":\"ListItem\",\"position\":1,\"name\":\"Home\",\"item\":\"https:\\\/\\\/innovideasas.com\\\/\"},{\"@type\":\"ListItem\",\"position\":2,\"name\":\"Partenaires\"}]},{\"@type\":\"WebSite\",\"@id\":\"https:\\\/\\\/innovideasas.com\\\/#website\",\"url\":\"https:\\\/\\\/innovideasas.com\\\/\",\"name\":\"INNOVIDEA\",\"description\":\"Dare to export your Innovations ! Osez exporter vos Innovations!\",\"publisher\":{\"@id\":\"https:\\\/\\\/innovideasas.com\\\/#organization\"},\"potentialAction\":[{\"@type\":\"SearchAction\",\"target\":{\"@type\":\"EntryPoint\",\"urlTemplate\":\"https:\\\/\\\/innovideasas.com\\\/?s={search_term_string}\"},\"query-input\":{\"@type\":\"PropertyValueSpecification\",\"valueRequired\":true,\"valueName\":\"search_term_string\"}}],\"inLanguage\":\"en-US\"},{\"@type\":\"Organization\",\"@id\":\"https:\\\/\\\/innovideasas.com\\\/#organization\",\"name\":\"Innovidea\",\"url\":\"https:\\\/\\\/innovideasas.com\\\/\",\"logo\":{\"@type\":\"ImageObject\",\"inLanguage\":\"en-US\",\"@id\":\"https:\\\/\\\/innovideasas.com\\\/#\\\/schema\\\/logo\\\/image\\\/\",\"url\":\"https:\\\/\\\/innovideasas.com\\\/wp-content\\\/uploads\\\/2018\\\/07\\\/logo_innovidea_color-e1535710679100.png\",\"contentUrl\":\"https:\\\/\\\/innovideasas.com\\\/wp-content\\\/uploads\\\/2018\\\/07\\\/logo_innovidea_color-e1535710679100.png\",\"width\":500,\"height\":500,\"caption\":\"Innovidea\"},\"image\":{\"@id\":\"https:\\\/\\\/innovideasas.com\\\/#\\\/schema\\\/logo\\\/image\\\/\"},\"sameAs\":[\"https:\\\/\\\/www.linkedin.com\\\/company\\\/innovidea-sas\\\/\",\"https:\\\/\\\/www.youtube.com\\\/channel\\\/UCf0dy4i4mt7B9QMIgs90E7Q\\\/playlists\"]}]}<\/script>\n<!-- \/ Yoast SEO plugin. -->","yoast_head_json":{"title":"Partenaires - INNOVIDEA","description":"INNOVIDEA coop\u00e8re avec plusieurs partenaires innovants dans le domaine de la photonique qui offrent des cam\u00e9ras de vision visible et infrarouge (LWIR, MWIR, SWIR) et d\u00e9tection gaz. En particulier avec First Light Imaging, IDAO Engineering, Sierra Olympia Technologies Inc, Oil & Gas Technologies, Asman Technology, Pergam, Xiris Automation Inc, Leida technologies, Haziel, CDSI","robots":{"index":"index","follow":"follow","max-snippet":"max-snippet:-1","max-image-preview":"max-image-preview:large","max-video-preview":"max-video-preview:-1"},"canonical":"https:\/\/innovideasas.com\/index.php\/fr\/partenaires\/","og_locale":"en_US","og_type":"article","og_title":"Partenaires - INNOVIDEA","og_description":"INNOVIDEA coop\u00e8re avec plusieurs partenaires innovants dans le domaine de la photonique qui offrent des cam\u00e9ras de vision visible et infrarouge (LWIR, MWIR, SWIR) et d\u00e9tection gaz. En particulier avec First Light Imaging, IDAO Engineering, Sierra Olympia Technologies Inc, Oil & Gas Technologies, Asman Technology, Pergam, Xiris Automation Inc, Leida technologies, Haziel, CDSI","og_url":"https:\/\/innovideasas.com\/index.php\/fr\/partenaires\/","og_site_name":"INNOVIDEA","article_modified_time":"2026-04-08T14:01:16+00:00","og_image":[{"width":220,"height":91,"url":"https:\/\/innovideasas.com\/wp-content\/uploads\/2021\/08\/Logo-e1628849759301.jpg","type":"image\/jpeg"}],"twitter_card":"summary_large_image","twitter_misc":{"Est. reading time":"3 minutes"},"schema":{"@context":"https:\/\/schema.org","@graph":[{"@type":"WebPage","@id":"https:\/\/innovideasas.com\/index.php\/fr\/partenaires\/","url":"https:\/\/innovideasas.com\/index.php\/fr\/partenaires\/","name":"Partenaires - INNOVIDEA","isPartOf":{"@id":"https:\/\/innovideasas.com\/#website"},"primaryImageOfPage":{"@id":"https:\/\/innovideasas.com\/index.php\/fr\/partenaires\/#primaryimage"},"image":{"@id":"https:\/\/innovideasas.com\/index.php\/fr\/partenaires\/#primaryimage"},"thumbnailUrl":"https:\/\/innovideasas.com\/wp-content\/uploads\/2021\/08\/Logo-e1628849759301.jpg","datePublished":"2020-01-08T19:03:08+00:00","dateModified":"2026-04-08T14:01:16+00:00","description":"INNOVIDEA coop\u00e8re avec plusieurs partenaires innovants dans le domaine de la photonique qui offrent des cam\u00e9ras de vision visible et infrarouge (LWIR, MWIR, SWIR) et d\u00e9tection gaz. En particulier avec First Light Imaging, IDAO Engineering, Sierra Olympia Technologies Inc, Oil & Gas Technologies, Asman Technology, Pergam, Xiris Automation Inc, Leida technologies, Haziel, CDSI","breadcrumb":{"@id":"https:\/\/innovideasas.com\/index.php\/fr\/partenaires\/#breadcrumb"},"inLanguage":"en-US","potentialAction":[{"@type":"ReadAction","target":["https:\/\/innovideasas.com\/index.php\/fr\/partenaires\/"]}]},{"@type":"ImageObject","inLanguage":"en-US","@id":"https:\/\/innovideasas.com\/index.php\/fr\/partenaires\/#primaryimage","url":"https:\/\/innovideasas.com\/wp-content\/uploads\/2021\/08\/Logo-e1628849759301.jpg","contentUrl":"https:\/\/innovideasas.com\/wp-content\/uploads\/2021\/08\/Logo-e1628849759301.jpg","width":220,"height":91},{"@type":"BreadcrumbList","@id":"https:\/\/innovideasas.com\/index.php\/fr\/partenaires\/#breadcrumb","itemListElement":[{"@type":"ListItem","position":1,"name":"Home","item":"https:\/\/innovideasas.com\/"},{"@type":"ListItem","position":2,"name":"Partenaires"}]},{"@type":"WebSite","@id":"https:\/\/innovideasas.com\/#website","url":"https:\/\/innovideasas.com\/","name":"INNOVIDEA","description":"Dare to export your Innovations ! Osez exporter vos Innovations!","publisher":{"@id":"https:\/\/innovideasas.com\/#organization"},"potentialAction":[{"@type":"SearchAction","target":{"@type":"EntryPoint","urlTemplate":"https:\/\/innovideasas.com\/?s={search_term_string}"},"query-input":{"@type":"PropertyValueSpecification","valueRequired":true,"valueName":"search_term_string"}}],"inLanguage":"en-US"},{"@type":"Organization","@id":"https:\/\/innovideasas.com\/#organization","name":"Innovidea","url":"https:\/\/innovideasas.com\/","logo":{"@type":"ImageObject","inLanguage":"en-US","@id":"https:\/\/innovideasas.com\/#\/schema\/logo\/image\/","url":"https:\/\/innovideasas.com\/wp-content\/uploads\/2018\/07\/logo_innovidea_color-e1535710679100.png","contentUrl":"https:\/\/innovideasas.com\/wp-content\/uploads\/2018\/07\/logo_innovidea_color-e1535710679100.png","width":500,"height":500,"caption":"Innovidea"},"image":{"@id":"https:\/\/innovideasas.com\/#\/schema\/logo\/image\/"},"sameAs":["https:\/\/www.linkedin.com\/company\/innovidea-sas\/","https:\/\/www.youtube.com\/channel\/UCf0dy4i4mt7B9QMIgs90E7Q\/playlists"]}]}},"_links":{"self":[{"href":"https:\/\/innovideasas.com\/index.php\/wp-json\/wp\/v2\/pages\/616","targetHints":{"allow":["GET"]}}],"collection":[{"href":"https:\/\/innovideasas.com\/index.php\/wp-json\/wp\/v2\/pages"}],"about":[{"href":"https:\/\/innovideasas.com\/index.php\/wp-json\/wp\/v2\/types\/page"}],"author":[{"embeddable":true,"href":"https:\/\/innovideasas.com\/index.php\/wp-json\/wp\/v2\/users\/1"}],"replies":[{"embeddable":true,"href":"https:\/\/innovideasas.com\/index.php\/wp-json\/wp\/v2\/comments?post=616"}],"version-history":[{"count":42,"href":"https:\/\/innovideasas.com\/index.php\/wp-json\/wp\/v2\/pages\/616\/revisions"}],"predecessor-version":[{"id":1553,"href":"https:\/\/innovideasas.com\/index.php\/wp-json\/wp\/v2\/pages\/616\/revisions\/1553"}],"wp:attachment":[{"href":"https:\/\/innovideasas.com\/index.php\/wp-json\/wp\/v2\/media?parent=616"}],"curies":[{"name":"wp","href":"https:\/\/api.w.org\/{rel}","templated":true}]}}