{"id":621,"date":"2020-01-08T20:08:01","date_gmt":"2020-01-08T19:08:01","guid":{"rendered":"http:\/\/innovideasas.com\/?page_id=621"},"modified":"2026-02-19T12:43:44","modified_gmt":"2026-02-19T11:43:44","slug":"marches","status":"publish","type":"page","link":"https:\/\/innovideasas.com\/index.php\/fr\/marches\/","title":{"rendered":"March\u00e9s"},"content":{"rendered":"\n<p class=\"wp-block-paragraph\">Les solutions utilisant des cam\u00e9ras visibles ou infrarouge et des capteurs sans contact des <a href=\"https:\/\/innovideasas.com\/index.php\/partners\/\">partenaires<\/a> d&#8217;INNOVIDEA permettent d&#8217;adresser en imagerie (visible, NIR, infrarouge, multispectral ou hyperspectral) et en thermographie les march\u00e9s suivants :<\/p>\n\n\n\n<div class=\"wp-block-columns has-2-columns is-layout-flex wp-container-core-columns-is-layout-8f761849 wp-block-columns-is-layout-flex\">\n<div class=\"wp-block-column is-layout-flow wp-block-column-is-layout-flow\">\n<p class=\"wp-block-paragraph\"><br><\/p>\n\n\n\n<p class=\"wp-block-paragraph\"><strong><a href=\"https:\/\/innovideasas.com\/index.php\/fr\/environnement\/\" target=\"_blank\" rel=\"noreferrer noopener\" aria-label=\"Environnement (opens in a new tab)\">Environnement<\/a><\/strong><\/p>\n\n\n\n<p class=\"has-small-font-size wp-block-paragraph\"><span style=\"display: inline !important; float: none; background-color: transparent; color: #32373c; cursor: text; font-family: Noto Serif,serif; font-size: 16px; font-style: normal; font-variant: normal; font-weight: 400; letter-spacing: normal; orphans: 2; text-align: left; text-decoration: none; text-indent: 0px; text-transform: none; -webkit-text-stroke-width: 0px; white-space: normal; word-spacing: 0px;\">Contr\u00f4le des \u00e9missions fugitives (m\u00e9thane)\u00a0<\/span><\/p>\n<\/div>\n\n\n\n<div class=\"wp-block-column is-layout-flow wp-block-column-is-layout-flow\">\n<figure class=\"wp-block-image size-full\"><img decoding=\"async\" width=\"961\" height=\"613\" data-src=\"https:\/\/innovideasas.com\/wp-content\/uploads\/2026\/02\/petrochimie.png\" alt=\"\" class=\"wp-image-1519 lazyload\" data-srcset=\"https:\/\/innovideasas.com\/wp-content\/uploads\/2026\/02\/petrochimie.png 961w, https:\/\/innovideasas.com\/wp-content\/uploads\/2026\/02\/petrochimie-300x191.png 300w, https:\/\/innovideasas.com\/wp-content\/uploads\/2026\/02\/petrochimie-768x490.png 768w\" data-sizes=\"(max-width: 767px) 89vw, (max-width: 1000px) 54vw, (max-width: 1071px) 543px, 580px\" src=\"data:image\/svg+xml;base64,PHN2ZyB3aWR0aD0iMSIgaGVpZ2h0PSIxIiB4bWxucz0iaHR0cDovL3d3dy53My5vcmcvMjAwMC9zdmciPjwvc3ZnPg==\" style=\"--smush-placeholder-width: 961px; --smush-placeholder-aspect-ratio: 961\/613;\" \/><figcaption class=\"wp-element-caption\">Cam\u00e9ra d&#8217;imagerie gaz  pour la p\u00e9trochimie<\/figcaption><\/figure>\n<\/div>\n<\/div>\n\n\n\n<div class=\"wp-block-columns has-2-columns is-layout-flex wp-container-core-columns-is-layout-8f761849 wp-block-columns-is-layout-flex\">\n<div class=\"wp-block-column is-layout-flow wp-block-column-is-layout-flow\"><\/div>\n\n\n\n<div class=\"wp-block-column is-layout-flow wp-block-column-is-layout-flow\"><\/div>\n<\/div>\n\n\n\n<div class=\"wp-block-columns has-2-columns is-layout-flex wp-container-core-columns-is-layout-8f761849 wp-block-columns-is-layout-flex\">\n<div class=\"wp-block-column is-layout-flow wp-block-column-is-layout-flow\">\n<figure class=\"wp-block-image size-large\"><img decoding=\"async\" width=\"1024\" height=\"658\" data-src=\"https:\/\/innovideasas.com\/wp-content\/uploads\/2026\/02\/XIR1800-illustration-on-WeldStudio-3-Pro-1024x658.png\" alt=\"\" class=\"wp-image-1520 lazyload\" data-srcset=\"https:\/\/innovideasas.com\/wp-content\/uploads\/2026\/02\/XIR1800-illustration-on-WeldStudio-3-Pro-1024x658.png 1024w, https:\/\/innovideasas.com\/wp-content\/uploads\/2026\/02\/XIR1800-illustration-on-WeldStudio-3-Pro-300x193.png 300w, https:\/\/innovideasas.com\/wp-content\/uploads\/2026\/02\/XIR1800-illustration-on-WeldStudio-3-Pro-768x494.png 768w, https:\/\/innovideasas.com\/wp-content\/uploads\/2026\/02\/XIR1800-illustration-on-WeldStudio-3-Pro.png 1511w\" data-sizes=\"(max-width: 767px) 89vw, (max-width: 1000px) 54vw, (max-width: 1071px) 543px, 580px\" src=\"data:image\/svg+xml;base64,PHN2ZyB3aWR0aD0iMSIgaGVpZ2h0PSIxIiB4bWxucz0iaHR0cDovL3d3dy53My5vcmcvMjAwMC9zdmciPjwvc3ZnPg==\" style=\"--smush-placeholder-width: 1024px; --smush-placeholder-aspect-ratio: 1024\/658;\" \/><figcaption class=\"wp-element-caption\">Cam\u00e9ra de thermographie pour le soudage et la fabrication additive m\u00e9tal<\/figcaption><\/figure>\n<\/div>\n\n\n\n<div class=\"wp-block-column is-layout-flow wp-block-column-is-layout-flow\">\n<p class=\"has-text-align-center wp-block-paragraph\"><span style=\"text-align: left; color: #32373c; text-transform: none; text-indent: 0px; letter-spacing: normal; font-family: Noto Serif,serif; font-size: 16px; font-style: normal; font-variant: normal; text-decoration: none; word-spacing: 0px; display: inline; white-space: normal; cursor: text; box-sizing: border-box; orphans: 2; float: none; -webkit-text-stroke-width: 0px; background-color: transparent;\"><strong><a href=\"https:\/\/innovideasas.com\/index.php\/fr\/industriel\/\" target=\"_blank\" rel=\"noreferrer noopener\">Industrie<\/a><\/strong><\/span><\/p>\n\n\n\n<p class=\"has-small-font-size wp-block-paragraph\"><span style=\"display: inline !important; float: none; background-color: transparent; color: #32373c; cursor: text; font-family: Noto Serif,serif; font-size: 16px; font-style: normal; font-variant: normal; font-weight: 400; letter-spacing: normal; orphans: 2; text-align: left; text-decoration: none; text-indent: 0px; text-transform: none; -webkit-text-stroke-width: 0px; white-space: normal; word-spacing: 0px;\">Contr\u00f4le de proc\u00e9d\u00e9s en soudage et fabrication additive m\u00e9tal <\/span>(WLAM, WAAM, DED)<br><\/p>\n\n\n\n<p class=\"wp-block-paragraph\"><\/p>\n<\/div>\n<\/div>\n\n\n\n<div class=\"wp-block-columns has-2-columns is-layout-flex wp-container-core-columns-is-layout-8f761849 wp-block-columns-is-layout-flex\">\n<div class=\"wp-block-column is-layout-flow wp-block-column-is-layout-flow\">\n<p class=\"wp-block-paragraph\"><strong><span style=\"text-align: left; color: #32373c; text-transform: none; text-indent: 0px; letter-spacing: normal; font-family: Noto Serif,serif; font-size: 16px; font-style: normal; font-variant: normal; text-decoration: none; word-spacing: 0px; display: inline !important; white-space: normal; cursor: text; orphans: 2; float: none; -webkit-text-stroke-width: 0px; background-color: transparent;\"><\/span><\/strong><\/p>\n\n\n\n<p class=\"has-text-align-center wp-block-paragraph\"><strong><span style=\"text-align: left; color: #32373c; text-transform: none; text-indent: 0px; letter-spacing: normal; font-family: Noto Serif,serif; font-size: 16px; font-style: normal; font-variant: normal; text-decoration: none; word-spacing: 0px; display: inline !important; white-space: normal; cursor: text; orphans: 2; float: none; -webkit-text-stroke-width: 0px; background-color: transparent;\">Mesures<\/span><\/strong><\/p>\n\n\n\n<p class=\"has-text-align-left wp-block-paragraph\">Contr\u00f4le en production (exemple : cartes \u00e9lectroniques)<strong><span style=\"text-align: left; color: #32373c; text-transform: none; text-indent: 0px; letter-spacing: normal; font-family: Noto Serif,serif; font-size: 16px; font-style: normal; font-variant: normal; text-decoration: none; word-spacing: 0px; display: inline !important; white-space: normal; cursor: text; orphans: 2; float: none; -webkit-text-stroke-width: 0px; background-color: transparent;\">\u00a0<\/span><\/strong><\/p>\n\n\n\n<ul class=\"wp-block-list\"><\/ul>\n<\/div>\n\n\n\n<div class=\"wp-block-column is-layout-flow wp-block-column-is-layout-flow\">\n<p class=\"wp-block-paragraph\"><\/p>\n\n\n<div class=\"wp-block-image\">\n<figure class=\"aligncenter size-large is-resized\"><img decoding=\"async\" width=\"1024\" height=\"827\" data-src=\"https:\/\/innovideasas.com\/wp-content\/uploads\/2026\/02\/SPIDER-\u00b5ATE-1024x827.png\" alt=\"\" class=\"wp-image-1521 lazyload\" style=\"--smush-placeholder-width: 1024px; --smush-placeholder-aspect-ratio: 1024\/827;width:235px;height:226px\" data-srcset=\"https:\/\/innovideasas.com\/wp-content\/uploads\/2026\/02\/SPIDER-\u00b5ATE-1024x827.png 1024w, https:\/\/innovideasas.com\/wp-content\/uploads\/2026\/02\/SPIDER-\u00b5ATE-300x242.png 300w, https:\/\/innovideasas.com\/wp-content\/uploads\/2026\/02\/SPIDER-\u00b5ATE-768x620.png 768w, https:\/\/innovideasas.com\/wp-content\/uploads\/2026\/02\/SPIDER-\u00b5ATE-1536x1240.png 1536w, https:\/\/innovideasas.com\/wp-content\/uploads\/2026\/02\/SPIDER-\u00b5ATE.png 1567w\" data-sizes=\"(max-width: 767px) 89vw, (max-width: 1000px) 54vw, (max-width: 1071px) 543px, 580px\" src=\"data:image\/svg+xml;base64,PHN2ZyB3aWR0aD0iMSIgaGVpZ2h0PSIxIiB4bWxucz0iaHR0cDovL3d3dy53My5vcmcvMjAwMC9zdmciPjwvc3ZnPg==\" \/><figcaption class=\"wp-element-caption\">Equipement de tests automatiques cartes \u00e9lectroniques<\/figcaption><\/figure>\n<\/div><\/div>\n<\/div>\n\n\n\n<div class=\"wp-block-columns has-2-columns is-layout-flex wp-container-core-columns-is-layout-8f761849 wp-block-columns-is-layout-flex\">\n<div class=\"wp-block-column is-layout-flow wp-block-column-is-layout-flow\">\n<figure class=\"wp-block-image size-large is-resized\"><img decoding=\"async\" width=\"768\" height=\"1024\" data-src=\"https:\/\/innovideasas.com\/wp-content\/uploads\/2026\/02\/20220126_160424-768x1024.jpg\" alt=\"\" class=\"wp-image-1522 lazyload\" style=\"--smush-placeholder-width: 768px; --smush-placeholder-aspect-ratio: 768\/1024;width:233px;height:186px\" data-srcset=\"https:\/\/innovideasas.com\/wp-content\/uploads\/2026\/02\/20220126_160424-768x1024.jpg 768w, https:\/\/innovideasas.com\/wp-content\/uploads\/2026\/02\/20220126_160424-225x300.jpg 225w, https:\/\/innovideasas.com\/wp-content\/uploads\/2026\/02\/20220126_160424-1152x1536.jpg 1152w, https:\/\/innovideasas.com\/wp-content\/uploads\/2026\/02\/20220126_160424-1536x2048.jpg 1536w, https:\/\/innovideasas.com\/wp-content\/uploads\/2026\/02\/20220126_160424-scaled.jpg 1920w\" data-sizes=\"(max-width: 767px) 89vw, (max-width: 1000px) 54vw, (max-width: 1071px) 543px, 580px\" src=\"data:image\/svg+xml;base64,PHN2ZyB3aWR0aD0iMSIgaGVpZ2h0PSIxIiB4bWxucz0iaHR0cDovL3d3dy53My5vcmcvMjAwMC9zdmciPjwvc3ZnPg==\" \/><figcaption class=\"wp-element-caption\">Spectrom\u00e8tre TDLAS de d\u00e9tection m\u00e9thane embarqu\u00e9 sur drone<\/figcaption><\/figure>\n\n\n\n<p class=\"wp-block-paragraph\"><\/p>\n<\/div>\n\n\n\n<div class=\"wp-block-column is-layout-flow wp-block-column-is-layout-flow\">\n<p class=\"has-text-align-center wp-block-paragraph\"><span style=\"text-align: left; color: #32373c; text-transform: none; text-indent: 0px; letter-spacing: normal; font-family: Noto Serif,serif; font-size: 16px; font-style: normal; font-variant: normal; text-decoration: none; word-spacing: 0px; display: inline; white-space: normal; cursor: text; box-sizing: border-box; orphans: 2; float: none; -webkit-text-stroke-width: 0px; background-color: transparent;\"><span style=\"background-color: transparent; box-sizing: border-box; color: #32373c; cursor: text; display: inline; float: none; font-family: Noto Serif,serif; font-size: 16px; font-style: normal; font-variant: normal; letter-spacing: normal; orphans: 2; text-align: left; text-decoration: none; text-indent: 0px; text-transform: none; -webkit-text-stroke-width: 0px; white-space: normal; word-spacing: 0px;\"><strong>Surveillance et S\u00e9curit\u00e9<\/strong><\/span><\/span><\/p>\n\n\n\n<p class=\"has-text-align-left wp-block-paragraph\">S\u00e9curit\u00e9 d&#8217;infrastructures gazi\u00e8res (exemple : unit\u00e9 production bio-gaz)<\/p>\n\n\n\n<ul class=\"wp-block-list\"><\/ul>\n<\/div>\n<\/div>\n\n\n\n<div class=\"wp-block-group is-content-justification-space-between is-nowrap is-layout-flex wp-container-core-group-is-layout-b0ffac9c wp-block-group-is-layout-flex\">\n<p class=\"has-small-font-size wp-block-paragraph\"><a href=\"https:\/\/innovideasas.com\/index.php\/fr\/sante\/\"><strong>Sant\u00e9<\/strong><\/a><br><br>Photobiostimulation<br><\/p>\n\n\n\n<figure class=\"wp-block-image size-full is-resized\"><img decoding=\"async\" width=\"815\" height=\"640\" data-src=\"https:\/\/innovideasas.com\/wp-content\/uploads\/2026\/02\/cold-hand-capture.png\" alt=\"\" class=\"wp-image-1523 lazyload\" style=\"--smush-placeholder-width: 815px; --smush-placeholder-aspect-ratio: 815\/640;aspect-ratio:1.2734626398606559;width:318px;height:auto\" data-srcset=\"https:\/\/innovideasas.com\/wp-content\/uploads\/2026\/02\/cold-hand-capture.png 815w, https:\/\/innovideasas.com\/wp-content\/uploads\/2026\/02\/cold-hand-capture-300x236.png 300w, https:\/\/innovideasas.com\/wp-content\/uploads\/2026\/02\/cold-hand-capture-768x603.png 768w\" data-sizes=\"(max-width: 767px) 89vw, (max-width: 1000px) 54vw, (max-width: 1071px) 543px, 580px\" src=\"data:image\/svg+xml;base64,PHN2ZyB3aWR0aD0iMSIgaGVpZ2h0PSIxIiB4bWxucz0iaHR0cDovL3d3dy53My5vcmcvMjAwMC9zdmciPjwvc3ZnPg==\" \/><figcaption class=\"wp-element-caption\">Stimulation d&#8217;extr\u00e9mit\u00e9s froides par luminoth\u00e9rapie<\/figcaption><\/figure>\n<\/div>\n\n\n\n<p class=\"wp-block-paragraph\"><\/p>\n","protected":false},"excerpt":{"rendered":"<p>Les solutions utilisant des cam\u00e9ras visibles ou infrarouge et des capteurs sans contact des partenaires d&#8217;INNOVIDEA permettent d&#8217;adresser en imagerie (visible, NIR, infrarouge, multispectral ou hyperspectral) et en thermographie les march\u00e9s suivants : Environnement Contr\u00f4le des \u00e9missions fugitives (m\u00e9thane)\u00a0 Industrie Contr\u00f4le de proc\u00e9d\u00e9s en soudage et fabrication additive m\u00e9tal (WLAM, WAAM, DED) Mesures Contr\u00f4le en &hellip; <\/p>\n<p class=\"link-more\"><a href=\"https:\/\/innovideasas.com\/index.php\/fr\/marches\/\" class=\"more-link\">Continue reading<span class=\"screen-reader-text\"> &#8220;March\u00e9s&#8221;<\/span><\/a><\/p>\n","protected":false},"author":1,"featured_media":0,"parent":0,"menu_order":0,"comment_status":"closed","ping_status":"closed","template":"","meta":{"_crdt_document":"","footnotes":""},"class_list":["post-621","page","type-page","status-publish","hentry"],"yoast_head":"<!-- This site is optimized with the Yoast SEO plugin v27.3 - https:\/\/yoast.com\/product\/yoast-seo-wordpress\/ -->\n<title>March\u00e9s - INNOVIDEA<\/title>\n<meta name=\"description\" content=\"INNOVIDEA offre des solutions innovantes en vision et en infrarouge permettant d&#039;adresser diff\u00e9rents march\u00e9s (industriel, environnement, sant\u00e9). S&#039;appuyant sur son r\u00e9seau de partenaires fran\u00e7ais et internationaux, nous pouvons vous conseiller sur des cam\u00e9ras thermiques ou de thermographie, la d\u00e9tection gaz, la microscopie en contrate de phase...\" \/>\n<meta name=\"robots\" content=\"index, follow, max-snippet:-1, max-image-preview:large, max-video-preview:-1\" \/>\n<link rel=\"canonical\" href=\"https:\/\/innovideasas.com\/index.php\/fr\/marches\/\" \/>\n<meta property=\"og:locale\" content=\"en_US\" \/>\n<meta property=\"og:type\" content=\"article\" \/>\n<meta property=\"og:title\" content=\"March\u00e9s - INNOVIDEA\" \/>\n<meta property=\"og:description\" content=\"INNOVIDEA offre des solutions innovantes en vision et en infrarouge permettant d&#039;adresser diff\u00e9rents march\u00e9s (industriel, environnement, sant\u00e9). S&#039;appuyant sur son r\u00e9seau de partenaires fran\u00e7ais et internationaux, nous pouvons vous conseiller sur des cam\u00e9ras thermiques ou de thermographie, la d\u00e9tection gaz, la microscopie en contrate de phase...\" \/>\n<meta property=\"og:url\" content=\"https:\/\/innovideasas.com\/index.php\/fr\/marches\/\" \/>\n<meta property=\"og:site_name\" content=\"INNOVIDEA\" \/>\n<meta property=\"article:modified_time\" content=\"2026-02-19T11:43:44+00:00\" \/>\n<meta property=\"og:image\" content=\"https:\/\/innovideasas.com\/wp-content\/uploads\/2026\/02\/petrochimie.png\" \/>\n\t<meta property=\"og:image:width\" content=\"961\" \/>\n\t<meta property=\"og:image:height\" content=\"613\" \/>\n\t<meta property=\"og:image:type\" content=\"image\/png\" \/>\n<meta name=\"twitter:card\" content=\"summary_large_image\" \/>\n<meta name=\"twitter:label1\" content=\"Est. reading time\" \/>\n\t<meta name=\"twitter:data1\" content=\"2 minutes\" \/>\n<script type=\"application\/ld+json\" class=\"yoast-schema-graph\">{\"@context\":\"https:\\\/\\\/schema.org\",\"@graph\":[{\"@type\":\"WebPage\",\"@id\":\"https:\\\/\\\/innovideasas.com\\\/index.php\\\/fr\\\/marches\\\/\",\"url\":\"https:\\\/\\\/innovideasas.com\\\/index.php\\\/fr\\\/marches\\\/\",\"name\":\"March\u00e9s - INNOVIDEA\",\"isPartOf\":{\"@id\":\"https:\\\/\\\/innovideasas.com\\\/#website\"},\"primaryImageOfPage\":{\"@id\":\"https:\\\/\\\/innovideasas.com\\\/index.php\\\/fr\\\/marches\\\/#primaryimage\"},\"image\":{\"@id\":\"https:\\\/\\\/innovideasas.com\\\/index.php\\\/fr\\\/marches\\\/#primaryimage\"},\"thumbnailUrl\":\"https:\\\/\\\/innovideasas.com\\\/wp-content\\\/uploads\\\/2026\\\/02\\\/petrochimie.png\",\"datePublished\":\"2020-01-08T19:08:01+00:00\",\"dateModified\":\"2026-02-19T11:43:44+00:00\",\"description\":\"INNOVIDEA offre des solutions innovantes en vision et en infrarouge permettant d'adresser diff\u00e9rents march\u00e9s (industriel, environnement, sant\u00e9). S'appuyant sur son r\u00e9seau de partenaires fran\u00e7ais et internationaux, nous pouvons vous conseiller sur des cam\u00e9ras thermiques ou de thermographie, la d\u00e9tection gaz, la microscopie en contrate de phase...\",\"breadcrumb\":{\"@id\":\"https:\\\/\\\/innovideasas.com\\\/index.php\\\/fr\\\/marches\\\/#breadcrumb\"},\"inLanguage\":\"en-US\",\"potentialAction\":[{\"@type\":\"ReadAction\",\"target\":[\"https:\\\/\\\/innovideasas.com\\\/index.php\\\/fr\\\/marches\\\/\"]}]},{\"@type\":\"ImageObject\",\"inLanguage\":\"en-US\",\"@id\":\"https:\\\/\\\/innovideasas.com\\\/index.php\\\/fr\\\/marches\\\/#primaryimage\",\"url\":\"https:\\\/\\\/innovideasas.com\\\/wp-content\\\/uploads\\\/2026\\\/02\\\/petrochimie.png\",\"contentUrl\":\"https:\\\/\\\/innovideasas.com\\\/wp-content\\\/uploads\\\/2026\\\/02\\\/petrochimie.png\",\"width\":961,\"height\":613},{\"@type\":\"BreadcrumbList\",\"@id\":\"https:\\\/\\\/innovideasas.com\\\/index.php\\\/fr\\\/marches\\\/#breadcrumb\",\"itemListElement\":[{\"@type\":\"ListItem\",\"position\":1,\"name\":\"Home\",\"item\":\"https:\\\/\\\/innovideasas.com\\\/\"},{\"@type\":\"ListItem\",\"position\":2,\"name\":\"March\u00e9s\"}]},{\"@type\":\"WebSite\",\"@id\":\"https:\\\/\\\/innovideasas.com\\\/#website\",\"url\":\"https:\\\/\\\/innovideasas.com\\\/\",\"name\":\"INNOVIDEA\",\"description\":\"Dare to export your Innovations ! Osez exporter vos Innovations!\",\"publisher\":{\"@id\":\"https:\\\/\\\/innovideasas.com\\\/#organization\"},\"potentialAction\":[{\"@type\":\"SearchAction\",\"target\":{\"@type\":\"EntryPoint\",\"urlTemplate\":\"https:\\\/\\\/innovideasas.com\\\/?s={search_term_string}\"},\"query-input\":{\"@type\":\"PropertyValueSpecification\",\"valueRequired\":true,\"valueName\":\"search_term_string\"}}],\"inLanguage\":\"en-US\"},{\"@type\":\"Organization\",\"@id\":\"https:\\\/\\\/innovideasas.com\\\/#organization\",\"name\":\"Innovidea\",\"url\":\"https:\\\/\\\/innovideasas.com\\\/\",\"logo\":{\"@type\":\"ImageObject\",\"inLanguage\":\"en-US\",\"@id\":\"https:\\\/\\\/innovideasas.com\\\/#\\\/schema\\\/logo\\\/image\\\/\",\"url\":\"https:\\\/\\\/innovideasas.com\\\/wp-content\\\/uploads\\\/2018\\\/07\\\/logo_innovidea_color-e1535710679100.png\",\"contentUrl\":\"https:\\\/\\\/innovideasas.com\\\/wp-content\\\/uploads\\\/2018\\\/07\\\/logo_innovidea_color-e1535710679100.png\",\"width\":500,\"height\":500,\"caption\":\"Innovidea\"},\"image\":{\"@id\":\"https:\\\/\\\/innovideasas.com\\\/#\\\/schema\\\/logo\\\/image\\\/\"},\"sameAs\":[\"https:\\\/\\\/www.linkedin.com\\\/company\\\/innovidea-sas\\\/\",\"https:\\\/\\\/www.youtube.com\\\/channel\\\/UCf0dy4i4mt7B9QMIgs90E7Q\\\/playlists\"]}]}<\/script>\n<!-- \/ Yoast SEO plugin. -->","yoast_head_json":{"title":"March\u00e9s - INNOVIDEA","description":"INNOVIDEA offre des solutions innovantes en vision et en infrarouge permettant d'adresser diff\u00e9rents march\u00e9s (industriel, environnement, sant\u00e9). S'appuyant sur son r\u00e9seau de partenaires fran\u00e7ais et internationaux, nous pouvons vous conseiller sur des cam\u00e9ras thermiques ou de thermographie, la d\u00e9tection gaz, la microscopie en contrate de phase...","robots":{"index":"index","follow":"follow","max-snippet":"max-snippet:-1","max-image-preview":"max-image-preview:large","max-video-preview":"max-video-preview:-1"},"canonical":"https:\/\/innovideasas.com\/index.php\/fr\/marches\/","og_locale":"en_US","og_type":"article","og_title":"March\u00e9s - INNOVIDEA","og_description":"INNOVIDEA offre des solutions innovantes en vision et en infrarouge permettant d'adresser diff\u00e9rents march\u00e9s (industriel, environnement, sant\u00e9). S'appuyant sur son r\u00e9seau de partenaires fran\u00e7ais et internationaux, nous pouvons vous conseiller sur des cam\u00e9ras thermiques ou de thermographie, la d\u00e9tection gaz, la microscopie en contrate de phase...","og_url":"https:\/\/innovideasas.com\/index.php\/fr\/marches\/","og_site_name":"INNOVIDEA","article_modified_time":"2026-02-19T11:43:44+00:00","og_image":[{"width":961,"height":613,"url":"https:\/\/innovideasas.com\/wp-content\/uploads\/2026\/02\/petrochimie.png","type":"image\/png"}],"twitter_card":"summary_large_image","twitter_misc":{"Est. reading time":"2 minutes"},"schema":{"@context":"https:\/\/schema.org","@graph":[{"@type":"WebPage","@id":"https:\/\/innovideasas.com\/index.php\/fr\/marches\/","url":"https:\/\/innovideasas.com\/index.php\/fr\/marches\/","name":"March\u00e9s - INNOVIDEA","isPartOf":{"@id":"https:\/\/innovideasas.com\/#website"},"primaryImageOfPage":{"@id":"https:\/\/innovideasas.com\/index.php\/fr\/marches\/#primaryimage"},"image":{"@id":"https:\/\/innovideasas.com\/index.php\/fr\/marches\/#primaryimage"},"thumbnailUrl":"https:\/\/innovideasas.com\/wp-content\/uploads\/2026\/02\/petrochimie.png","datePublished":"2020-01-08T19:08:01+00:00","dateModified":"2026-02-19T11:43:44+00:00","description":"INNOVIDEA offre des solutions innovantes en vision et en infrarouge permettant d'adresser diff\u00e9rents march\u00e9s (industriel, environnement, sant\u00e9). S'appuyant sur son r\u00e9seau de partenaires fran\u00e7ais et internationaux, nous pouvons vous conseiller sur des cam\u00e9ras thermiques ou de thermographie, la d\u00e9tection gaz, la microscopie en contrate de phase...","breadcrumb":{"@id":"https:\/\/innovideasas.com\/index.php\/fr\/marches\/#breadcrumb"},"inLanguage":"en-US","potentialAction":[{"@type":"ReadAction","target":["https:\/\/innovideasas.com\/index.php\/fr\/marches\/"]}]},{"@type":"ImageObject","inLanguage":"en-US","@id":"https:\/\/innovideasas.com\/index.php\/fr\/marches\/#primaryimage","url":"https:\/\/innovideasas.com\/wp-content\/uploads\/2026\/02\/petrochimie.png","contentUrl":"https:\/\/innovideasas.com\/wp-content\/uploads\/2026\/02\/petrochimie.png","width":961,"height":613},{"@type":"BreadcrumbList","@id":"https:\/\/innovideasas.com\/index.php\/fr\/marches\/#breadcrumb","itemListElement":[{"@type":"ListItem","position":1,"name":"Home","item":"https:\/\/innovideasas.com\/"},{"@type":"ListItem","position":2,"name":"March\u00e9s"}]},{"@type":"WebSite","@id":"https:\/\/innovideasas.com\/#website","url":"https:\/\/innovideasas.com\/","name":"INNOVIDEA","description":"Dare to export your Innovations ! Osez exporter vos Innovations!","publisher":{"@id":"https:\/\/innovideasas.com\/#organization"},"potentialAction":[{"@type":"SearchAction","target":{"@type":"EntryPoint","urlTemplate":"https:\/\/innovideasas.com\/?s={search_term_string}"},"query-input":{"@type":"PropertyValueSpecification","valueRequired":true,"valueName":"search_term_string"}}],"inLanguage":"en-US"},{"@type":"Organization","@id":"https:\/\/innovideasas.com\/#organization","name":"Innovidea","url":"https:\/\/innovideasas.com\/","logo":{"@type":"ImageObject","inLanguage":"en-US","@id":"https:\/\/innovideasas.com\/#\/schema\/logo\/image\/","url":"https:\/\/innovideasas.com\/wp-content\/uploads\/2018\/07\/logo_innovidea_color-e1535710679100.png","contentUrl":"https:\/\/innovideasas.com\/wp-content\/uploads\/2018\/07\/logo_innovidea_color-e1535710679100.png","width":500,"height":500,"caption":"Innovidea"},"image":{"@id":"https:\/\/innovideasas.com\/#\/schema\/logo\/image\/"},"sameAs":["https:\/\/www.linkedin.com\/company\/innovidea-sas\/","https:\/\/www.youtube.com\/channel\/UCf0dy4i4mt7B9QMIgs90E7Q\/playlists"]}]}},"_links":{"self":[{"href":"https:\/\/innovideasas.com\/index.php\/wp-json\/wp\/v2\/pages\/621","targetHints":{"allow":["GET"]}}],"collection":[{"href":"https:\/\/innovideasas.com\/index.php\/wp-json\/wp\/v2\/pages"}],"about":[{"href":"https:\/\/innovideasas.com\/index.php\/wp-json\/wp\/v2\/types\/page"}],"author":[{"embeddable":true,"href":"https:\/\/innovideasas.com\/index.php\/wp-json\/wp\/v2\/users\/1"}],"replies":[{"embeddable":true,"href":"https:\/\/innovideasas.com\/index.php\/wp-json\/wp\/v2\/comments?post=621"}],"version-history":[{"count":10,"href":"https:\/\/innovideasas.com\/index.php\/wp-json\/wp\/v2\/pages\/621\/revisions"}],"predecessor-version":[{"id":1526,"href":"https:\/\/innovideasas.com\/index.php\/wp-json\/wp\/v2\/pages\/621\/revisions\/1526"}],"wp:attachment":[{"href":"https:\/\/innovideasas.com\/index.php\/wp-json\/wp\/v2\/media?parent=621"}],"curies":[{"name":"wp","href":"https:\/\/api.w.org\/{rel}","templated":true}]}}