{"id":626,"date":"2020-03-16T20:52:00","date_gmt":"2020-03-16T19:52:00","guid":{"rendered":"http:\/\/innovideasas.com\/?page_id=626"},"modified":"2026-01-09T17:36:34","modified_gmt":"2026-01-09T16:36:34","slug":"produits","status":"publish","type":"page","link":"https:\/\/innovideasas.com\/index.php\/fr\/produits\/","title":{"rendered":"Produits"},"content":{"rendered":"\n<div class=\"wp-block-columns has-2-columns is-layout-flex wp-container-core-columns-is-layout-8f761849 wp-block-columns-is-layout-flex\">\n<div class=\"wp-block-column is-layout-flow wp-block-column-is-layout-flow\"><\/div>\n\n\n\n<div class=\"wp-block-column is-layout-flow wp-block-column-is-layout-flow\">\n<p class=\"wp-block-paragraph\"><\/p>\n<\/div>\n<\/div>\n\n\n\n<p class=\"has-text-align-center wp-block-paragraph\"><strong>Asman Technology<\/strong> Solutions a\u00e9riennes<\/p>\n\n\n\n<figure class=\"wp-block-image size-large\"><img decoding=\"async\" width=\"1024\" height=\"397\" data-src=\"https:\/\/innovideasas.com\/wp-content\/uploads\/2021\/08\/arla600-1-1024x397.jpg\" alt=\"\" class=\"wp-image-1157 lazyload\" data-srcset=\"https:\/\/innovideasas.com\/wp-content\/uploads\/2021\/08\/arla600-1-1024x397.jpg 1024w, https:\/\/innovideasas.com\/wp-content\/uploads\/2021\/08\/arla600-1-300x116.jpg 300w, https:\/\/innovideasas.com\/wp-content\/uploads\/2021\/08\/arla600-1-768x298.jpg 768w, https:\/\/innovideasas.com\/wp-content\/uploads\/2021\/08\/arla600-1.jpg 1500w\" data-sizes=\"(max-width: 767px) 89vw, (max-width: 1000px) 54vw, (max-width: 1071px) 543px, 580px\" src=\"data:image\/svg+xml;base64,PHN2ZyB3aWR0aD0iMSIgaGVpZ2h0PSIxIiB4bWxucz0iaHR0cDovL3d3dy53My5vcmcvMjAwMC9zdmciPjwvc3ZnPg==\" style=\"--smush-placeholder-width: 1024px; --smush-placeholder-aspect-ratio: 1024\/397;\" \/><\/figure>\n\n\n\n<p class=\"has-text-align-left wp-block-paragraph\"><strong>ARLA-600<\/strong> ( syst\u00e8me de transmission Aerodatalink MDU &#8211; boule optronique gyrostabilis\u00e9e TRAKKA)<\/p>\n\n\n\n<figure class=\"wp-block-image size-large\"><img decoding=\"async\" width=\"1024\" height=\"472\" data-src=\"https:\/\/innovideasas.com\/wp-content\/uploads\/2024\/10\/20240924_170616-1024x472.jpg\" alt=\"\" class=\"wp-image-1444 lazyload\" data-srcset=\"https:\/\/innovideasas.com\/wp-content\/uploads\/2024\/10\/20240924_170616-1024x472.jpg 1024w, https:\/\/innovideasas.com\/wp-content\/uploads\/2024\/10\/20240924_170616-300x138.jpg 300w, https:\/\/innovideasas.com\/wp-content\/uploads\/2024\/10\/20240924_170616-768x354.jpg 768w, https:\/\/innovideasas.com\/wp-content\/uploads\/2024\/10\/20240924_170616-1536x709.jpg 1536w, https:\/\/innovideasas.com\/wp-content\/uploads\/2024\/10\/20240924_170616-2048x945.jpg 2048w\" data-sizes=\"(max-width: 767px) 89vw, (max-width: 1000px) 54vw, (max-width: 1071px) 543px, 580px\" src=\"data:image\/svg+xml;base64,PHN2ZyB3aWR0aD0iMSIgaGVpZ2h0PSIxIiB4bWxucz0iaHR0cDovL3d3dy53My5vcmcvMjAwMC9zdmciPjwvc3ZnPg==\" style=\"--smush-placeholder-width: 1024px; --smush-placeholder-aspect-ratio: 1024\/472;\" \/><\/figure>\n\n\n\n<p class=\"wp-block-paragraph\"><strong>P68-OBSERVER<\/strong> ( syst\u00e8me de transmission Aerodatalink MDU &#8211; boule optronique gyrostabilis\u00e9e TRAKKA)<\/p>\n\n\n\n<hr class=\"wp-block-separator has-css-opacity\"\/>\n\n\n\n<p class=\"has-text-align-center wp-block-paragraph\"><strong>Sierra Olympic Technologies Inc<\/strong> Cam\u00e9ras d\u00e9tection gaz et infrarouge<\/p>\n\n\n\n<div class=\"wp-block-columns has-2-columns is-layout-flex wp-container-core-columns-is-layout-8f761849 wp-block-columns-is-layout-flex\">\n<div class=\"wp-block-column is-layout-flow wp-block-column-is-layout-flow\">\n<figure class=\"wp-block-image size-full\"><img decoding=\"async\" width=\"628\" height=\"398\" data-src=\"https:\/\/innovideasas.com\/wp-content\/uploads\/2021\/08\/VayuHD.jpg\" alt=\"\" class=\"wp-image-1158 lazyload\" data-srcset=\"https:\/\/innovideasas.com\/wp-content\/uploads\/2021\/08\/VayuHD.jpg 628w, https:\/\/innovideasas.com\/wp-content\/uploads\/2021\/08\/VayuHD-300x190.jpg 300w\" data-sizes=\"(max-width: 628px) 100vw, 628px\" src=\"data:image\/svg+xml;base64,PHN2ZyB3aWR0aD0iMSIgaGVpZ2h0PSIxIiB4bWxucz0iaHR0cDovL3d3dy53My5vcmcvMjAwMC9zdmciPjwvc3ZnPg==\" style=\"--smush-placeholder-width: 628px; --smush-placeholder-aspect-ratio: 628\/398;\" \/><\/figure>\n\n\n\n<p class=\"wp-block-paragraph\"><strong>Cam\u00e9ra non refroidie LWIR Full HD VayuHD<\/strong><\/p>\n<\/div>\n\n\n\n<div class=\"wp-block-column is-layout-flow wp-block-column-is-layout-flow\">\n<p class=\"wp-block-paragraph\"><strong>Cam\u00e9ra MWIR d\u00e9tection gaz (CH4) VentusOGI<\/strong><\/p>\n\n\n\n<figure class=\"wp-block-image size-full\"><img decoding=\"async\" width=\"405\" height=\"308\" data-src=\"https:\/\/innovideasas.com\/wp-content\/uploads\/2021\/08\/VentusOGI.jpg\" alt=\"\" class=\"wp-image-1159 lazyload\" data-srcset=\"https:\/\/innovideasas.com\/wp-content\/uploads\/2021\/08\/VentusOGI.jpg 405w, https:\/\/innovideasas.com\/wp-content\/uploads\/2021\/08\/VentusOGI-300x228.jpg 300w\" data-sizes=\"(max-width: 405px) 100vw, 405px\" src=\"data:image\/svg+xml;base64,PHN2ZyB3aWR0aD0iMSIgaGVpZ2h0PSIxIiB4bWxucz0iaHR0cDovL3d3dy53My5vcmcvMjAwMC9zdmciPjwvc3ZnPg==\" style=\"--smush-placeholder-width: 405px; --smush-placeholder-aspect-ratio: 405\/308;\" \/><\/figure>\n<\/div>\n<\/div>\n\n\n\n<hr class=\"wp-block-separator has-css-opacity\"\/>\n\n\n\n<p class=\"has-text-align-center wp-block-paragraph\"><strong>IDAO Engineering &nbsp;<\/strong>Modules&nbsp;&amp;&nbsp;Cam\u00e9ras Infrarouge refroidi ( MWIR, LWIR) et non refroidi (SWIR, LWIR)<\/p>\n\n\n\n<figure class=\"wp-block-image is-resized\"><img decoding=\"async\" width=\"1024\" height=\"545\" data-src=\"https:\/\/innovideasas.com\/wp-content\/uploads\/2018\/09\/Idao_boards_DSC7407-1024x545.jpg\" alt=\"\" class=\"wp-image-296 lazyload\" style=\"--smush-placeholder-width: 1024px; --smush-placeholder-aspect-ratio: 1024\/545;width:570px;height:302px\" data-srcset=\"https:\/\/innovideasas.com\/wp-content\/uploads\/2018\/09\/Idao_boards_DSC7407-1024x545.jpg 1024w, https:\/\/innovideasas.com\/wp-content\/uploads\/2018\/09\/Idao_boards_DSC7407-300x160.jpg 300w, https:\/\/innovideasas.com\/wp-content\/uploads\/2018\/09\/Idao_boards_DSC7407-768x409.jpg 768w\" data-sizes=\"(max-width: 767px) 89vw, (max-width: 1000px) 54vw, (max-width: 1071px) 543px, 580px\" src=\"data:image\/svg+xml;base64,PHN2ZyB3aWR0aD0iMSIgaGVpZ2h0PSIxIiB4bWxucz0iaHR0cDovL3d3dy53My5vcmcvMjAwMC9zdmciPjwvc3ZnPg==\" \/><\/figure>\n\n\n\n<p class=\"has-text-align-center wp-block-paragraph\"><strong>IRENE G120<\/strong> <strong>&amp; IRENE G200<\/strong> (compatible SCD &amp; LYNRED)<\/p>\n\n\n\n<figure class=\"wp-block-gallery has-nested-images columns-default is-cropped wp-block-gallery-1 is-layout-flex wp-block-gallery-is-layout-flex\">\n<figure class=\"wp-block-image size-large\"><img decoding=\"async\" width=\"1024\" height=\"1024\" data-id=\"1436\" data-src=\"https:\/\/innovideasas.com\/wp-content\/uploads\/2024\/10\/ISM-TLS1024D-1024x1024.png\" alt=\"\" class=\"wp-image-1436 lazyload\" data-srcset=\"https:\/\/innovideasas.com\/wp-content\/uploads\/2024\/10\/ISM-TLS1024D-1024x1024.png 1024w, https:\/\/innovideasas.com\/wp-content\/uploads\/2024\/10\/ISM-TLS1024D-300x300.png 300w, https:\/\/innovideasas.com\/wp-content\/uploads\/2024\/10\/ISM-TLS1024D-150x150.png 150w, https:\/\/innovideasas.com\/wp-content\/uploads\/2024\/10\/ISM-TLS1024D-768x769.png 768w, https:\/\/innovideasas.com\/wp-content\/uploads\/2024\/10\/ISM-TLS1024D-100x100.png 100w, https:\/\/innovideasas.com\/wp-content\/uploads\/2024\/10\/ISM-TLS1024D.png 1436w\" data-sizes=\"(max-width: 767px) 89vw, (max-width: 1000px) 54vw, (max-width: 1071px) 543px, 580px\" src=\"data:image\/svg+xml;base64,PHN2ZyB3aWR0aD0iMSIgaGVpZ2h0PSIxIiB4bWxucz0iaHR0cDovL3d3dy53My5vcmcvMjAwMC9zdmciPjwvc3ZnPg==\" style=\"--smush-placeholder-width: 1024px; --smush-placeholder-aspect-ratio: 1024\/1024;\" \/><\/figure>\n\n\n\n<figure class=\"wp-block-image size-large\"><img decoding=\"async\" width=\"538\" height=\"609\" data-id=\"1437\" data-src=\"https:\/\/innovideasas.com\/wp-content\/uploads\/2024\/10\/ATTO-ISM320.png\" alt=\"\" class=\"wp-image-1437 lazyload\" data-srcset=\"https:\/\/innovideasas.com\/wp-content\/uploads\/2024\/10\/ATTO-ISM320.png 538w, https:\/\/innovideasas.com\/wp-content\/uploads\/2024\/10\/ATTO-ISM320-265x300.png 265w\" data-sizes=\"(max-width: 538px) 100vw, 538px\" src=\"data:image\/svg+xml;base64,PHN2ZyB3aWR0aD0iMSIgaGVpZ2h0PSIxIiB4bWxucz0iaHR0cDovL3d3dy53My5vcmcvMjAwMC9zdmciPjwvc3ZnPg==\" style=\"--smush-placeholder-width: 538px; --smush-placeholder-aspect-ratio: 538\/609;\" \/><\/figure>\n\n\n\n<figure class=\"wp-block-image size-large\"><img decoding=\"async\" width=\"656\" height=\"614\" data-id=\"1438\" data-src=\"https:\/\/innovideasas.com\/wp-content\/uploads\/2024\/10\/ISM-ATTO640D-avec-optique.png\" alt=\"\" class=\"wp-image-1438 lazyload\" data-srcset=\"https:\/\/innovideasas.com\/wp-content\/uploads\/2024\/10\/ISM-ATTO640D-avec-optique.png 656w, https:\/\/innovideasas.com\/wp-content\/uploads\/2024\/10\/ISM-ATTO640D-avec-optique-300x281.png 300w\" data-sizes=\"(max-width: 656px) 100vw, 656px\" src=\"data:image\/svg+xml;base64,PHN2ZyB3aWR0aD0iMSIgaGVpZ2h0PSIxIiB4bWxucz0iaHR0cDovL3d3dy53My5vcmcvMjAwMC9zdmciPjwvc3ZnPg==\" style=\"--smush-placeholder-width: 656px; --smush-placeholder-aspect-ratio: 656\/614;\" \/><\/figure>\n<\/figure>\n\n\n\n<p class=\"has-text-align-center wp-block-paragraph\"><strong>ISM Product line &#8211; <\/strong><em>de gauche \u00e0 droite <\/em><strong>ISM-TLS1024D (1024X1 SWIR), ISM-ATI320 (QVGA LWIR), ISM-ATTO640D (VGA LWIR) <\/strong><\/p>\n\n\n<div class=\"wp-block-image is-resized\">\n<figure class=\"aligncenter\"><img decoding=\"async\" width=\"1024\" height=\"821\" data-src=\"https:\/\/innovideasas.com\/wp-content\/uploads\/2019\/01\/IRS802-1024x821.jpg\" alt=\"\" class=\"wp-image-318 lazyload\" data-srcset=\"https:\/\/innovideasas.com\/wp-content\/uploads\/2019\/01\/IRS802-1024x821.jpg 1024w, https:\/\/innovideasas.com\/wp-content\/uploads\/2019\/01\/IRS802-300x240.jpg 300w, https:\/\/innovideasas.com\/wp-content\/uploads\/2019\/01\/IRS802-768x616.jpg 768w\" data-sizes=\"(max-width: 767px) 89vw, (max-width: 1000px) 54vw, (max-width: 1071px) 543px, 580px\" src=\"data:image\/svg+xml;base64,PHN2ZyB3aWR0aD0iMSIgaGVpZ2h0PSIxIiB4bWxucz0iaHR0cDovL3d3dy53My5vcmcvMjAwMC9zdmciPjwvc3ZnPg==\" style=\"--smush-placeholder-width: 1024px; --smush-placeholder-aspect-ratio: 1024\/821;\" \/><\/figure>\n<\/div>\n\n\n<p class=\"has-text-align-center wp-block-paragraph\"><strong>MWIR CAMERAS (IRS701 in 640&#215;512 &#8211; IRS802 in 1280&#215;1024)<\/strong><\/p>\n\n\n\n<hr class=\"wp-block-separator has-css-opacity\"\/>\n\n\n\n<p class=\"has-text-align-center wp-block-paragraph\"><strong><a href=\"https:\/\/www.phonoptics.fr\/\">Phonoptics<\/a> <\/strong>Pyrom\u00e8tre Bi-chromatique r\u00e9flectom\u00e8trique SWIR<\/p>\n\n\n\n<figure class=\"wp-block-gallery has-nested-images columns-default is-cropped wp-block-gallery-2 is-layout-flex wp-block-gallery-is-layout-flex\">\n<figure class=\"wp-block-image size-large\"><img decoding=\"async\" width=\"1024\" height=\"776\" data-id=\"1472\" data-src=\"https:\/\/innovideasas.com\/wp-content\/uploads\/2025\/04\/ThermoRef-1024x776.png\" alt=\"\" class=\"wp-image-1472 lazyload\" data-srcset=\"https:\/\/innovideasas.com\/wp-content\/uploads\/2025\/04\/ThermoRef-1024x776.png 1024w, https:\/\/innovideasas.com\/wp-content\/uploads\/2025\/04\/ThermoRef-300x227.png 300w, https:\/\/innovideasas.com\/wp-content\/uploads\/2025\/04\/ThermoRef-768x582.png 768w, https:\/\/innovideasas.com\/wp-content\/uploads\/2025\/04\/ThermoRef.png 1341w\" data-sizes=\"(max-width: 767px) 89vw, (max-width: 1000px) 54vw, (max-width: 1071px) 543px, 580px\" src=\"data:image\/svg+xml;base64,PHN2ZyB3aWR0aD0iMSIgaGVpZ2h0PSIxIiB4bWxucz0iaHR0cDovL3d3dy53My5vcmcvMjAwMC9zdmciPjwvc3ZnPg==\" style=\"--smush-placeholder-width: 1024px; --smush-placeholder-aspect-ratio: 1024\/776;\" \/><\/figure>\n<\/figure>\n\n\n\n<p class=\"has-text-align-center wp-block-paragraph\"><strong>PYROMETRE THERMOREF<\/strong><\/p>\n\n\n\n<hr class=\"wp-block-separator has-alpha-channel-opacity\"\/>\n\n\n\n<p class=\"has-text-align-center wp-block-paragraph\"><strong>Photomed Technologies <\/strong>Dispositif de luminoth\u00e9raphie non-invasif<\/p>\n\n\n\n<figure class=\"wp-block-image is-resized\"><a href=\"https:\/\/www.photomedtech.com\/instant-feedback-platform\" target=\"_blank\" rel=\"noreferrer noopener\"><img decoding=\"async\" width=\"1024\" height=\"643\" data-src=\"https:\/\/innovideasas.com\/wp-content\/uploads\/2019\/03\/InstantFeedbackPlatform2019-03-01-2400-1024x643.jpg\" alt=\"\" class=\"wp-image-432 lazyload\" style=\"--smush-placeholder-width: 1024px; --smush-placeholder-aspect-ratio: 1024\/643;width:533px;height:335px\" data-srcset=\"https:\/\/innovideasas.com\/wp-content\/uploads\/2019\/03\/InstantFeedbackPlatform2019-03-01-2400-1024x643.jpg 1024w, https:\/\/innovideasas.com\/wp-content\/uploads\/2019\/03\/InstantFeedbackPlatform2019-03-01-2400-300x188.jpg 300w, https:\/\/innovideasas.com\/wp-content\/uploads\/2019\/03\/InstantFeedbackPlatform2019-03-01-2400-768x482.jpg 768w\" data-sizes=\"(max-width: 767px) 89vw, (max-width: 1000px) 54vw, (max-width: 1071px) 543px, 580px\" src=\"data:image\/svg+xml;base64,PHN2ZyB3aWR0aD0iMSIgaGVpZ2h0PSIxIiB4bWxucz0iaHR0cDovL3d3dy53My5vcmcvMjAwMC9zdmciPjwvc3ZnPg==\" \/><\/a><\/figure>\n\n\n\n<p class=\"has-text-align-center wp-block-paragraph\"><strong>INSTANT VERIFICATION SYSTEM<\/strong><\/p>\n\n\n\n<figure class=\"wp-block-image size-large is-resized\"><img decoding=\"async\" width=\"1024\" height=\"1024\" data-src=\"https:\/\/innovideasas.com\/wp-content\/uploads\/2020\/08\/Vari-Chrome-Pro-20200803-1024x1024.jpg\" alt=\"\" class=\"wp-image-693 lazyload\" style=\"--smush-placeholder-width: 1024px; --smush-placeholder-aspect-ratio: 1024\/1024;width:444px;height:444px\" data-srcset=\"https:\/\/innovideasas.com\/wp-content\/uploads\/2020\/08\/Vari-Chrome-Pro-20200803-1024x1024.jpg 1024w, https:\/\/innovideasas.com\/wp-content\/uploads\/2020\/08\/Vari-Chrome-Pro-20200803-300x300.jpg 300w, https:\/\/innovideasas.com\/wp-content\/uploads\/2020\/08\/Vari-Chrome-Pro-20200803-150x150.jpg 150w, https:\/\/innovideasas.com\/wp-content\/uploads\/2020\/08\/Vari-Chrome-Pro-20200803-768x768.jpg 768w, https:\/\/innovideasas.com\/wp-content\/uploads\/2020\/08\/Vari-Chrome-Pro-20200803-100x100.jpg 100w, https:\/\/innovideasas.com\/wp-content\/uploads\/2020\/08\/Vari-Chrome-Pro-20200803.jpg 1397w\" data-sizes=\"(max-width: 767px) 89vw, (max-width: 1000px) 54vw, (max-width: 1071px) 543px, 580px\" src=\"data:image\/svg+xml;base64,PHN2ZyB3aWR0aD0iMSIgaGVpZ2h0PSIxIiB4bWxucz0iaHR0cDovL3d3dy53My5vcmcvMjAwMC9zdmciPjwvc3ZnPg==\" \/><\/figure>\n\n\n\n<p class=\"has-text-align-center wp-block-paragraph\"><strong>VARI-CHROME PRO<\/strong><\/p>\n\n\n\n<p class=\"wp-block-paragraph\"><\/p>\n\n\n\n<p class=\"wp-block-paragraph\"><\/p>\n","protected":false},"excerpt":{"rendered":"<p>Asman Technology Solutions a\u00e9riennes ARLA-600 ( syst\u00e8me de transmission Aerodatalink MDU &#8211; boule optronique gyrostabilis\u00e9e TRAKKA) P68-OBSERVER ( syst\u00e8me de transmission Aerodatalink MDU &#8211; boule optronique gyrostabilis\u00e9e TRAKKA) Sierra Olympic Technologies Inc Cam\u00e9ras d\u00e9tection gaz et infrarouge Cam\u00e9ra non refroidie LWIR Full HD VayuHD Cam\u00e9ra MWIR d\u00e9tection gaz (CH4) VentusOGI IDAO Engineering &nbsp;Modules&nbsp;&amp;&nbsp;Cam\u00e9ras Infrarouge refroidi &hellip; <\/p>\n<p class=\"link-more\"><a href=\"https:\/\/innovideasas.com\/index.php\/fr\/produits\/\" class=\"more-link\">Continue reading<span class=\"screen-reader-text\"> &#8220;Produits&#8221;<\/span><\/a><\/p>\n","protected":false},"author":1,"featured_media":0,"parent":0,"menu_order":0,"comment_status":"closed","ping_status":"closed","template":"","meta":{"_crdt_document":"","footnotes":""},"class_list":["post-626","page","type-page","status-publish","hentry"],"yoast_head":"<!-- This site is optimized with the Yoast SEO plugin v27.3 - https:\/\/yoast.com\/product\/yoast-seo-wordpress\/ -->\n<title>Produits - INNOVIDEA<\/title>\n<meta name=\"description\" content=\"Des solutions photoniques avanc\u00e9es pour l&#039;industrie, la recherche, l&#039;environnement et la sant\u00e9. Conseil et offre de cam\u00e9ras infrarouge (LWIR, MWIR, SWIR) ou visibles, des dispositifs d&#039;\u00e9clairage vous assurant un avantage concurrentiel.,\" \/>\n<meta name=\"robots\" content=\"index, follow, max-snippet:-1, max-image-preview:large, max-video-preview:-1\" \/>\n<link rel=\"canonical\" href=\"https:\/\/innovideasas.com\/index.php\/fr\/produits\/\" \/>\n<meta property=\"og:locale\" content=\"en_US\" \/>\n<meta property=\"og:type\" content=\"article\" \/>\n<meta property=\"og:title\" content=\"Produits - INNOVIDEA\" \/>\n<meta property=\"og:description\" content=\"Des solutions photoniques avanc\u00e9es pour l&#039;industrie, la recherche, l&#039;environnement et la sant\u00e9. Conseil et offre de cam\u00e9ras infrarouge (LWIR, MWIR, SWIR) ou visibles, des dispositifs d&#039;\u00e9clairage vous assurant un avantage concurrentiel.,\" \/>\n<meta property=\"og:url\" content=\"https:\/\/innovideasas.com\/index.php\/fr\/produits\/\" \/>\n<meta property=\"og:site_name\" content=\"INNOVIDEA\" \/>\n<meta property=\"article:modified_time\" content=\"2026-01-09T16:36:34+00:00\" \/>\n<meta property=\"og:image\" content=\"https:\/\/innovideasas.com\/wp-content\/uploads\/2021\/08\/arla600-1.jpg\" \/>\n\t<meta property=\"og:image:width\" content=\"1500\" \/>\n\t<meta property=\"og:image:height\" content=\"582\" \/>\n\t<meta property=\"og:image:type\" content=\"image\/jpeg\" \/>\n<meta name=\"twitter:card\" content=\"summary_large_image\" \/>\n<meta name=\"twitter:label1\" content=\"Est. reading time\" \/>\n\t<meta name=\"twitter:data1\" content=\"3 minutes\" \/>\n<script type=\"application\/ld+json\" class=\"yoast-schema-graph\">{\"@context\":\"https:\\\/\\\/schema.org\",\"@graph\":[{\"@type\":\"WebPage\",\"@id\":\"https:\\\/\\\/innovideasas.com\\\/index.php\\\/fr\\\/produits\\\/\",\"url\":\"https:\\\/\\\/innovideasas.com\\\/index.php\\\/fr\\\/produits\\\/\",\"name\":\"Produits - INNOVIDEA\",\"isPartOf\":{\"@id\":\"https:\\\/\\\/innovideasas.com\\\/#website\"},\"primaryImageOfPage\":{\"@id\":\"https:\\\/\\\/innovideasas.com\\\/index.php\\\/fr\\\/produits\\\/#primaryimage\"},\"image\":{\"@id\":\"https:\\\/\\\/innovideasas.com\\\/index.php\\\/fr\\\/produits\\\/#primaryimage\"},\"thumbnailUrl\":\"https:\\\/\\\/innovideasas.com\\\/wp-content\\\/uploads\\\/2021\\\/08\\\/arla600-1-1024x397.jpg\",\"datePublished\":\"2020-03-16T19:52:00+00:00\",\"dateModified\":\"2026-01-09T16:36:34+00:00\",\"description\":\"Des solutions photoniques avanc\u00e9es pour l'industrie, la recherche, l'environnement et la sant\u00e9. Conseil et offre de cam\u00e9ras infrarouge (LWIR, MWIR, SWIR) ou visibles, des dispositifs d'\u00e9clairage vous assurant un avantage concurrentiel.,\",\"breadcrumb\":{\"@id\":\"https:\\\/\\\/innovideasas.com\\\/index.php\\\/fr\\\/produits\\\/#breadcrumb\"},\"inLanguage\":\"en-US\",\"potentialAction\":[{\"@type\":\"ReadAction\",\"target\":[\"https:\\\/\\\/innovideasas.com\\\/index.php\\\/fr\\\/produits\\\/\"]}]},{\"@type\":\"ImageObject\",\"inLanguage\":\"en-US\",\"@id\":\"https:\\\/\\\/innovideasas.com\\\/index.php\\\/fr\\\/produits\\\/#primaryimage\",\"url\":\"https:\\\/\\\/innovideasas.com\\\/wp-content\\\/uploads\\\/2021\\\/08\\\/arla600-1.jpg\",\"contentUrl\":\"https:\\\/\\\/innovideasas.com\\\/wp-content\\\/uploads\\\/2021\\\/08\\\/arla600-1.jpg\",\"width\":1500,\"height\":582},{\"@type\":\"BreadcrumbList\",\"@id\":\"https:\\\/\\\/innovideasas.com\\\/index.php\\\/fr\\\/produits\\\/#breadcrumb\",\"itemListElement\":[{\"@type\":\"ListItem\",\"position\":1,\"name\":\"Home\",\"item\":\"https:\\\/\\\/innovideasas.com\\\/\"},{\"@type\":\"ListItem\",\"position\":2,\"name\":\"Produits\"}]},{\"@type\":\"WebSite\",\"@id\":\"https:\\\/\\\/innovideasas.com\\\/#website\",\"url\":\"https:\\\/\\\/innovideasas.com\\\/\",\"name\":\"INNOVIDEA\",\"description\":\"Dare to export your Innovations ! Osez exporter vos Innovations!\",\"publisher\":{\"@id\":\"https:\\\/\\\/innovideasas.com\\\/#organization\"},\"potentialAction\":[{\"@type\":\"SearchAction\",\"target\":{\"@type\":\"EntryPoint\",\"urlTemplate\":\"https:\\\/\\\/innovideasas.com\\\/?s={search_term_string}\"},\"query-input\":{\"@type\":\"PropertyValueSpecification\",\"valueRequired\":true,\"valueName\":\"search_term_string\"}}],\"inLanguage\":\"en-US\"},{\"@type\":\"Organization\",\"@id\":\"https:\\\/\\\/innovideasas.com\\\/#organization\",\"name\":\"Innovidea\",\"url\":\"https:\\\/\\\/innovideasas.com\\\/\",\"logo\":{\"@type\":\"ImageObject\",\"inLanguage\":\"en-US\",\"@id\":\"https:\\\/\\\/innovideasas.com\\\/#\\\/schema\\\/logo\\\/image\\\/\",\"url\":\"https:\\\/\\\/innovideasas.com\\\/wp-content\\\/uploads\\\/2018\\\/07\\\/logo_innovidea_color-e1535710679100.png\",\"contentUrl\":\"https:\\\/\\\/innovideasas.com\\\/wp-content\\\/uploads\\\/2018\\\/07\\\/logo_innovidea_color-e1535710679100.png\",\"width\":500,\"height\":500,\"caption\":\"Innovidea\"},\"image\":{\"@id\":\"https:\\\/\\\/innovideasas.com\\\/#\\\/schema\\\/logo\\\/image\\\/\"},\"sameAs\":[\"https:\\\/\\\/www.linkedin.com\\\/company\\\/innovidea-sas\\\/\",\"https:\\\/\\\/www.youtube.com\\\/channel\\\/UCf0dy4i4mt7B9QMIgs90E7Q\\\/playlists\"]}]}<\/script>\n<!-- \/ Yoast SEO plugin. -->","yoast_head_json":{"title":"Produits - INNOVIDEA","description":"Des solutions photoniques avanc\u00e9es pour l'industrie, la recherche, l'environnement et la sant\u00e9. Conseil et offre de cam\u00e9ras infrarouge (LWIR, MWIR, SWIR) ou visibles, des dispositifs d'\u00e9clairage vous assurant un avantage concurrentiel.,","robots":{"index":"index","follow":"follow","max-snippet":"max-snippet:-1","max-image-preview":"max-image-preview:large","max-video-preview":"max-video-preview:-1"},"canonical":"https:\/\/innovideasas.com\/index.php\/fr\/produits\/","og_locale":"en_US","og_type":"article","og_title":"Produits - INNOVIDEA","og_description":"Des solutions photoniques avanc\u00e9es pour l'industrie, la recherche, l'environnement et la sant\u00e9. Conseil et offre de cam\u00e9ras infrarouge (LWIR, MWIR, SWIR) ou visibles, des dispositifs d'\u00e9clairage vous assurant un avantage concurrentiel.,","og_url":"https:\/\/innovideasas.com\/index.php\/fr\/produits\/","og_site_name":"INNOVIDEA","article_modified_time":"2026-01-09T16:36:34+00:00","og_image":[{"width":1500,"height":582,"url":"https:\/\/innovideasas.com\/wp-content\/uploads\/2021\/08\/arla600-1.jpg","type":"image\/jpeg"}],"twitter_card":"summary_large_image","twitter_misc":{"Est. reading time":"3 minutes"},"schema":{"@context":"https:\/\/schema.org","@graph":[{"@type":"WebPage","@id":"https:\/\/innovideasas.com\/index.php\/fr\/produits\/","url":"https:\/\/innovideasas.com\/index.php\/fr\/produits\/","name":"Produits - INNOVIDEA","isPartOf":{"@id":"https:\/\/innovideasas.com\/#website"},"primaryImageOfPage":{"@id":"https:\/\/innovideasas.com\/index.php\/fr\/produits\/#primaryimage"},"image":{"@id":"https:\/\/innovideasas.com\/index.php\/fr\/produits\/#primaryimage"},"thumbnailUrl":"https:\/\/innovideasas.com\/wp-content\/uploads\/2021\/08\/arla600-1-1024x397.jpg","datePublished":"2020-03-16T19:52:00+00:00","dateModified":"2026-01-09T16:36:34+00:00","description":"Des solutions photoniques avanc\u00e9es pour l'industrie, la recherche, l'environnement et la sant\u00e9. Conseil et offre de cam\u00e9ras infrarouge (LWIR, MWIR, SWIR) ou visibles, des dispositifs d'\u00e9clairage vous assurant un avantage concurrentiel.,","breadcrumb":{"@id":"https:\/\/innovideasas.com\/index.php\/fr\/produits\/#breadcrumb"},"inLanguage":"en-US","potentialAction":[{"@type":"ReadAction","target":["https:\/\/innovideasas.com\/index.php\/fr\/produits\/"]}]},{"@type":"ImageObject","inLanguage":"en-US","@id":"https:\/\/innovideasas.com\/index.php\/fr\/produits\/#primaryimage","url":"https:\/\/innovideasas.com\/wp-content\/uploads\/2021\/08\/arla600-1.jpg","contentUrl":"https:\/\/innovideasas.com\/wp-content\/uploads\/2021\/08\/arla600-1.jpg","width":1500,"height":582},{"@type":"BreadcrumbList","@id":"https:\/\/innovideasas.com\/index.php\/fr\/produits\/#breadcrumb","itemListElement":[{"@type":"ListItem","position":1,"name":"Home","item":"https:\/\/innovideasas.com\/"},{"@type":"ListItem","position":2,"name":"Produits"}]},{"@type":"WebSite","@id":"https:\/\/innovideasas.com\/#website","url":"https:\/\/innovideasas.com\/","name":"INNOVIDEA","description":"Dare to export your Innovations ! Osez exporter vos Innovations!","publisher":{"@id":"https:\/\/innovideasas.com\/#organization"},"potentialAction":[{"@type":"SearchAction","target":{"@type":"EntryPoint","urlTemplate":"https:\/\/innovideasas.com\/?s={search_term_string}"},"query-input":{"@type":"PropertyValueSpecification","valueRequired":true,"valueName":"search_term_string"}}],"inLanguage":"en-US"},{"@type":"Organization","@id":"https:\/\/innovideasas.com\/#organization","name":"Innovidea","url":"https:\/\/innovideasas.com\/","logo":{"@type":"ImageObject","inLanguage":"en-US","@id":"https:\/\/innovideasas.com\/#\/schema\/logo\/image\/","url":"https:\/\/innovideasas.com\/wp-content\/uploads\/2018\/07\/logo_innovidea_color-e1535710679100.png","contentUrl":"https:\/\/innovideasas.com\/wp-content\/uploads\/2018\/07\/logo_innovidea_color-e1535710679100.png","width":500,"height":500,"caption":"Innovidea"},"image":{"@id":"https:\/\/innovideasas.com\/#\/schema\/logo\/image\/"},"sameAs":["https:\/\/www.linkedin.com\/company\/innovidea-sas\/","https:\/\/www.youtube.com\/channel\/UCf0dy4i4mt7B9QMIgs90E7Q\/playlists"]}]}},"_links":{"self":[{"href":"https:\/\/innovideasas.com\/index.php\/wp-json\/wp\/v2\/pages\/626","targetHints":{"allow":["GET"]}}],"collection":[{"href":"https:\/\/innovideasas.com\/index.php\/wp-json\/wp\/v2\/pages"}],"about":[{"href":"https:\/\/innovideasas.com\/index.php\/wp-json\/wp\/v2\/types\/page"}],"author":[{"embeddable":true,"href":"https:\/\/innovideasas.com\/index.php\/wp-json\/wp\/v2\/users\/1"}],"replies":[{"embeddable":true,"href":"https:\/\/innovideasas.com\/index.php\/wp-json\/wp\/v2\/comments?post=626"}],"version-history":[{"count":21,"href":"https:\/\/innovideasas.com\/index.php\/wp-json\/wp\/v2\/pages\/626\/revisions"}],"predecessor-version":[{"id":1505,"href":"https:\/\/innovideasas.com\/index.php\/wp-json\/wp\/v2\/pages\/626\/revisions\/1505"}],"wp:attachment":[{"href":"https:\/\/innovideasas.com\/index.php\/wp-json\/wp\/v2\/media?parent=626"}],"curies":[{"name":"wp","href":"https:\/\/api.w.org\/{rel}","templated":true}]}}