{"id":632,"date":"2020-01-08T21:09:19","date_gmt":"2020-01-08T20:09:19","guid":{"rendered":"http:\/\/innovideasas.com\/?page_id=632"},"modified":"2026-02-19T16:38:36","modified_gmt":"2026-02-19T15:38:36","slug":"services-2","status":"publish","type":"page","link":"https:\/\/innovideasas.com\/index.php\/fr\/services-2\/","title":{"rendered":"Services"},"content":{"rendered":"<h2><strong>Conseil<\/strong><\/h2>\n<p>Innovidea offre un service de conseil sur mesure en strat\u00e9gie, marketing, business d\u00e9veloppement et ventes export. Vous \u00eates \u00e0 la recherche d&#8217;une solution innovante correspondant \u00e0 votre besoin, trouvons ensemble celle qui vous convient le mieux; un <a href=\"https:\/\/innovideasas.com\/index.php\/fr\/produits\/\">produit<\/a>, une technologie, un partenaire. Vous avez besoin d&#8217;identifier les acteurs d&#8217;un march\u00e9 pour enrichir votre base de prospects\u00a0 pour les produits de la photonique ou de haute technologie que vous offrez, Innovidea peut vous offrir une solution sur mesure.<\/p>\n<h2><strong>Repr\u00e9sentation<\/strong><\/h2>\n<p>Innovidea repr\u00e9sente plusieurs soci\u00e9t\u00e9s innovantes sur diff\u00e9rents territoires pour les march\u00e9s de la mesure et de l&#8217;instrumentation, de l&#8217;industriel, de la s\u00e9curit\u00e9 et du m\u00e9dical. Vous pouvez voir les <a href=\"https:\/\/innovideasas.com\/index.php\/fr\/partenaires\/\">Partenaires<\/a><\/p>\n<p>Les produits propos\u00e9s comprennent :<\/p>\n<ul>\n<li>Des cam\u00e9ras de thermographie refroidie (MWIR) ou non refroidie (LWIR), et de d\u00e9tection gaz<\/li>\n<li>Des cam\u00e9ras visible ou SWIR HDR pour les march\u00e9s du soudage et d ela fabrication additive (WAAM, WLAM, DED)<\/li>\n<li>Des modules cartes ou cam\u00e9ras infarouge sur mesure \u00e0 base de d\u00e9tecteurs refroidis SCD ou LYNRED en r\u00e9solution VGA et HD<\/li>\n<li>Des solutions type module LWIR compatibles MIPI-CSI2<\/li>\n<li>Le dispositif de photo-biostimulation non invasif Vari-Chrome Pro<\/li>\n<\/ul>\n","protected":false},"excerpt":{"rendered":"<p>Conseil Innovidea offre un service de conseil sur mesure en strat\u00e9gie, marketing, business d\u00e9veloppement et ventes export. Vous \u00eates \u00e0 la recherche d&#8217;une solution innovante correspondant \u00e0 votre besoin, trouvons ensemble celle qui vous convient le mieux; un produit, une technologie, un partenaire. Vous avez besoin d&#8217;identifier les acteurs d&#8217;un march\u00e9 pour enrichir votre base &hellip; <\/p>\n<p class=\"link-more\"><a href=\"https:\/\/innovideasas.com\/index.php\/fr\/services-2\/\" class=\"more-link\">Continue reading<span class=\"screen-reader-text\"> &#8220;Services&#8221;<\/span><\/a><\/p>\n","protected":false},"author":1,"featured_media":0,"parent":0,"menu_order":0,"comment_status":"closed","ping_status":"closed","template":"","meta":{"_crdt_document":"","footnotes":""},"class_list":["post-632","page","type-page","status-publish","hentry"],"yoast_head":"<!-- This site is optimized with the Yoast SEO plugin v27.1.1 - https:\/\/yoast.com\/product\/yoast-seo-wordpress\/ -->\n<title>Services - INNOVIDEA<\/title>\n<meta name=\"description\" content=\"INNOVIDEA apporte son exp\u00e9rience technologique et en commerce BtoB international \u00e0 votre soci\u00e9t\u00e9. Vous recherchez une solution produits, des partenaires pour exporter ou bien \u00e0 explorer un march\u00e9, nous vous aidons \u00e0 trouver les informations et contacts pour d\u00e9velopper vos ventes et renforcer votre comp\u00e9titivit\u00e9.\" \/>\n<meta name=\"robots\" content=\"index, follow, max-snippet:-1, max-image-preview:large, max-video-preview:-1\" \/>\n<link rel=\"canonical\" href=\"https:\/\/innovideasas.com\/index.php\/fr\/services-2\/\" \/>\n<meta property=\"og:locale\" content=\"en_US\" \/>\n<meta property=\"og:type\" content=\"article\" \/>\n<meta property=\"og:title\" content=\"Services - INNOVIDEA\" \/>\n<meta property=\"og:description\" content=\"INNOVIDEA apporte son exp\u00e9rience technologique et en commerce BtoB international \u00e0 votre soci\u00e9t\u00e9. Vous recherchez une solution produits, des partenaires pour exporter ou bien \u00e0 explorer un march\u00e9, nous vous aidons \u00e0 trouver les informations et contacts pour d\u00e9velopper vos ventes et renforcer votre comp\u00e9titivit\u00e9.\" \/>\n<meta property=\"og:url\" content=\"https:\/\/innovideasas.com\/index.php\/fr\/services-2\/\" \/>\n<meta property=\"og:site_name\" content=\"INNOVIDEA\" \/>\n<meta property=\"article:modified_time\" content=\"2026-02-19T15:38:36+00:00\" \/>\n<meta name=\"twitter:card\" content=\"summary_large_image\" \/>\n<meta name=\"twitter:label1\" content=\"Est. reading time\" \/>\n\t<meta name=\"twitter:data1\" content=\"1 minute\" \/>\n<script type=\"application\/ld+json\" class=\"yoast-schema-graph\">{\"@context\":\"https:\/\/schema.org\",\"@graph\":[{\"@type\":\"WebPage\",\"@id\":\"https:\/\/innovideasas.com\/index.php\/fr\/services-2\/\",\"url\":\"https:\/\/innovideasas.com\/index.php\/fr\/services-2\/\",\"name\":\"Services - INNOVIDEA\",\"isPartOf\":{\"@id\":\"https:\/\/innovideasas.com\/#website\"},\"datePublished\":\"2020-01-08T20:09:19+00:00\",\"dateModified\":\"2026-02-19T15:38:36+00:00\",\"description\":\"INNOVIDEA apporte son exp\u00e9rience technologique et en commerce BtoB international \u00e0 votre soci\u00e9t\u00e9. Vous recherchez une solution produits, des partenaires pour exporter ou bien \u00e0 explorer un march\u00e9, nous vous aidons \u00e0 trouver les informations et contacts pour d\u00e9velopper vos ventes et renforcer votre comp\u00e9titivit\u00e9.\",\"breadcrumb\":{\"@id\":\"https:\/\/innovideasas.com\/index.php\/fr\/services-2\/#breadcrumb\"},\"inLanguage\":\"en-US\",\"potentialAction\":[{\"@type\":\"ReadAction\",\"target\":[\"https:\/\/innovideasas.com\/index.php\/fr\/services-2\/\"]}]},{\"@type\":\"BreadcrumbList\",\"@id\":\"https:\/\/innovideasas.com\/index.php\/fr\/services-2\/#breadcrumb\",\"itemListElement\":[{\"@type\":\"ListItem\",\"position\":1,\"name\":\"Home\",\"item\":\"https:\/\/innovideasas.com\/\"},{\"@type\":\"ListItem\",\"position\":2,\"name\":\"Services\"}]},{\"@type\":\"WebSite\",\"@id\":\"https:\/\/innovideasas.com\/#website\",\"url\":\"https:\/\/innovideasas.com\/\",\"name\":\"INNOVIDEA\",\"description\":\"Dare to export your Innovations ! Osez exporter vos Innovations!\",\"publisher\":{\"@id\":\"https:\/\/innovideasas.com\/#organization\"},\"potentialAction\":[{\"@type\":\"SearchAction\",\"target\":{\"@type\":\"EntryPoint\",\"urlTemplate\":\"https:\/\/innovideasas.com\/?s={search_term_string}\"},\"query-input\":{\"@type\":\"PropertyValueSpecification\",\"valueRequired\":true,\"valueName\":\"search_term_string\"}}],\"inLanguage\":\"en-US\"},{\"@type\":\"Organization\",\"@id\":\"https:\/\/innovideasas.com\/#organization\",\"name\":\"Innovidea\",\"url\":\"https:\/\/innovideasas.com\/\",\"logo\":{\"@type\":\"ImageObject\",\"inLanguage\":\"en-US\",\"@id\":\"https:\/\/innovideasas.com\/#\/schema\/logo\/image\/\",\"url\":\"https:\/\/innovideasas.com\/wp-content\/uploads\/2018\/07\/logo_innovidea_color-e1535710679100.png\",\"contentUrl\":\"https:\/\/innovideasas.com\/wp-content\/uploads\/2018\/07\/logo_innovidea_color-e1535710679100.png\",\"width\":500,\"height\":500,\"caption\":\"Innovidea\"},\"image\":{\"@id\":\"https:\/\/innovideasas.com\/#\/schema\/logo\/image\/\"},\"sameAs\":[\"https:\/\/www.linkedin.com\/company\/innovidea-sas\/\",\"https:\/\/www.youtube.com\/channel\/UCf0dy4i4mt7B9QMIgs90E7Q\/playlists\"]}]}<\/script>\n<!-- \/ Yoast SEO plugin. -->","yoast_head_json":{"title":"Services - INNOVIDEA","description":"INNOVIDEA apporte son exp\u00e9rience technologique et en commerce BtoB international \u00e0 votre soci\u00e9t\u00e9. Vous recherchez une solution produits, des partenaires pour exporter ou bien \u00e0 explorer un march\u00e9, nous vous aidons \u00e0 trouver les informations et contacts pour d\u00e9velopper vos ventes et renforcer votre comp\u00e9titivit\u00e9.","robots":{"index":"index","follow":"follow","max-snippet":"max-snippet:-1","max-image-preview":"max-image-preview:large","max-video-preview":"max-video-preview:-1"},"canonical":"https:\/\/innovideasas.com\/index.php\/fr\/services-2\/","og_locale":"en_US","og_type":"article","og_title":"Services - INNOVIDEA","og_description":"INNOVIDEA apporte son exp\u00e9rience technologique et en commerce BtoB international \u00e0 votre soci\u00e9t\u00e9. Vous recherchez une solution produits, des partenaires pour exporter ou bien \u00e0 explorer un march\u00e9, nous vous aidons \u00e0 trouver les informations et contacts pour d\u00e9velopper vos ventes et renforcer votre comp\u00e9titivit\u00e9.","og_url":"https:\/\/innovideasas.com\/index.php\/fr\/services-2\/","og_site_name":"INNOVIDEA","article_modified_time":"2026-02-19T15:38:36+00:00","twitter_card":"summary_large_image","twitter_misc":{"Est. reading time":"1 minute"},"schema":{"@context":"https:\/\/schema.org","@graph":[{"@type":"WebPage","@id":"https:\/\/innovideasas.com\/index.php\/fr\/services-2\/","url":"https:\/\/innovideasas.com\/index.php\/fr\/services-2\/","name":"Services - INNOVIDEA","isPartOf":{"@id":"https:\/\/innovideasas.com\/#website"},"datePublished":"2020-01-08T20:09:19+00:00","dateModified":"2026-02-19T15:38:36+00:00","description":"INNOVIDEA apporte son exp\u00e9rience technologique et en commerce BtoB international \u00e0 votre soci\u00e9t\u00e9. Vous recherchez une solution produits, des partenaires pour exporter ou bien \u00e0 explorer un march\u00e9, nous vous aidons \u00e0 trouver les informations et contacts pour d\u00e9velopper vos ventes et renforcer votre comp\u00e9titivit\u00e9.","breadcrumb":{"@id":"https:\/\/innovideasas.com\/index.php\/fr\/services-2\/#breadcrumb"},"inLanguage":"en-US","potentialAction":[{"@type":"ReadAction","target":["https:\/\/innovideasas.com\/index.php\/fr\/services-2\/"]}]},{"@type":"BreadcrumbList","@id":"https:\/\/innovideasas.com\/index.php\/fr\/services-2\/#breadcrumb","itemListElement":[{"@type":"ListItem","position":1,"name":"Home","item":"https:\/\/innovideasas.com\/"},{"@type":"ListItem","position":2,"name":"Services"}]},{"@type":"WebSite","@id":"https:\/\/innovideasas.com\/#website","url":"https:\/\/innovideasas.com\/","name":"INNOVIDEA","description":"Dare to export your Innovations ! Osez exporter vos Innovations!","publisher":{"@id":"https:\/\/innovideasas.com\/#organization"},"potentialAction":[{"@type":"SearchAction","target":{"@type":"EntryPoint","urlTemplate":"https:\/\/innovideasas.com\/?s={search_term_string}"},"query-input":{"@type":"PropertyValueSpecification","valueRequired":true,"valueName":"search_term_string"}}],"inLanguage":"en-US"},{"@type":"Organization","@id":"https:\/\/innovideasas.com\/#organization","name":"Innovidea","url":"https:\/\/innovideasas.com\/","logo":{"@type":"ImageObject","inLanguage":"en-US","@id":"https:\/\/innovideasas.com\/#\/schema\/logo\/image\/","url":"https:\/\/innovideasas.com\/wp-content\/uploads\/2018\/07\/logo_innovidea_color-e1535710679100.png","contentUrl":"https:\/\/innovideasas.com\/wp-content\/uploads\/2018\/07\/logo_innovidea_color-e1535710679100.png","width":500,"height":500,"caption":"Innovidea"},"image":{"@id":"https:\/\/innovideasas.com\/#\/schema\/logo\/image\/"},"sameAs":["https:\/\/www.linkedin.com\/company\/innovidea-sas\/","https:\/\/www.youtube.com\/channel\/UCf0dy4i4mt7B9QMIgs90E7Q\/playlists"]}]}},"_links":{"self":[{"href":"https:\/\/innovideasas.com\/index.php\/wp-json\/wp\/v2\/pages\/632","targetHints":{"allow":["GET"]}}],"collection":[{"href":"https:\/\/innovideasas.com\/index.php\/wp-json\/wp\/v2\/pages"}],"about":[{"href":"https:\/\/innovideasas.com\/index.php\/wp-json\/wp\/v2\/types\/page"}],"author":[{"embeddable":true,"href":"https:\/\/innovideasas.com\/index.php\/wp-json\/wp\/v2\/users\/1"}],"replies":[{"embeddable":true,"href":"https:\/\/innovideasas.com\/index.php\/wp-json\/wp\/v2\/comments?post=632"}],"version-history":[{"count":10,"href":"https:\/\/innovideasas.com\/index.php\/wp-json\/wp\/v2\/pages\/632\/revisions"}],"predecessor-version":[{"id":1535,"href":"https:\/\/innovideasas.com\/index.php\/wp-json\/wp\/v2\/pages\/632\/revisions\/1535"}],"wp:attachment":[{"href":"https:\/\/innovideasas.com\/index.php\/wp-json\/wp\/v2\/media?parent=632"}],"curies":[{"name":"wp","href":"https:\/\/api.w.org\/{rel}","templated":true}]}}