{"id":647,"date":"2020-01-08T21:27:33","date_gmt":"2020-01-08T20:27:33","guid":{"rendered":"http:\/\/innovideasas.com\/?page_id=647"},"modified":"2026-01-09T17:47:29","modified_gmt":"2026-01-09T16:47:29","slug":"environnement","status":"publish","type":"page","link":"https:\/\/innovideasas.com\/index.php\/fr\/environnement\/","title":{"rendered":"Environnement"},"content":{"rendered":"\n<h2 class=\"wp-block-heading\"><strong>D\u00e9tection, quantification et localisation de fuites m\u00e9thane par drone<\/strong><\/h2>\n\n\n\n<p class=\"wp-block-paragraph\">Le m\u00e9thane est un gaz \u00e0 effet de serre puissant et ses \u00e9missions fugitives dans<br>les industries du p\u00e9trole et du gaz et du biogaz sont un d\u00e9fi en termes de co\u00fbt, de risque d&#8217;accident et d&#8217;impact sur l&#8217;environnement.<\/p>\n\n\n\n<p class=\"wp-block-paragraph\"><strong>Asman Technology<\/strong>, <strong>Pergam<\/strong> et <strong>Sierra Olympic Technologies Inc<\/strong>, partenaires d&#8217;<strong>INNOVIDEA<\/strong>, proposent plusieurs solutions sp\u00e9cialement con\u00e7ues pour l&#8217;inspection des actifs critiques des industries du p\u00e9trole et du gaz ou du biogaz :<\/p>\n\n\n\n<ul class=\"wp-block-list\">\n<li>Module de cam\u00e9ra OGI (Optical Gas Imaging) sp\u00e9cialement con\u00e7u pour les drones ou les plateformes a\u00e9riennes.<\/li>\n\n\n\n<li>Cam\u00e9ras OGI portables ATEX<\/li>\n\n\n\n<li>Spectrom\u00e8tre TDLAS pour drone<\/li>\n\n\n\n<li>Solutions a\u00e9riennes clef en main avec un avion l\u00e9ger ou un drone pour l&#8217;inspection de gazoducs de grande longueur ou d&#8217;installations critiques telles que station de compression de gaz ou terminal GNL ou r\u00e9servoir de stockage de gaz, usine de biogaz, champs d&#8217;enfouissement de d\u00e9chets\u2026<\/li>\n<\/ul>\n\n\n\n<figure class=\"wp-block-gallery has-nested-images columns-default is-cropped aligncenter wp-block-gallery-1 is-layout-flex wp-block-gallery-is-layout-flex\">\n<figure class=\"wp-block-image size-medium\"><img decoding=\"async\" width=\"300\" height=\"228\" data-id=\"1244\" data-src=\"https:\/\/innovideasas.com\/wp-content\/uploads\/2022\/03\/VentusOGI-300x228.jpg\" alt=\"\" class=\"wp-image-1244 lazyload\" data-srcset=\"https:\/\/innovideasas.com\/wp-content\/uploads\/2022\/03\/VentusOGI-300x228.jpg 300w, https:\/\/innovideasas.com\/wp-content\/uploads\/2022\/03\/VentusOGI.jpg 405w\" data-sizes=\"(max-width: 300px) 100vw, 300px\" src=\"data:image\/svg+xml;base64,PHN2ZyB3aWR0aD0iMSIgaGVpZ2h0PSIxIiB4bWxucz0iaHR0cDovL3d3dy53My5vcmcvMjAwMC9zdmciPjwvc3ZnPg==\" style=\"--smush-placeholder-width: 300px; --smush-placeholder-aspect-ratio: 300\/228;\" \/><figcaption class=\"wp-element-caption\">Ventus OGI (SOTI)<\/figcaption><\/figure>\n\n\n\n<figure class=\"wp-block-image size-large\"><img decoding=\"async\" width=\"1280\" height=\"720\" data-id=\"1248\" data-src=\"https:\/\/innovideasas.com\/wp-content\/uploads\/2022\/04\/Pergam-Falcon-illustration.jpg\" alt=\"\" class=\"wp-image-1248 lazyload\" data-srcset=\"https:\/\/innovideasas.com\/wp-content\/uploads\/2022\/04\/Pergam-Falcon-illustration.jpg 1280w, https:\/\/innovideasas.com\/wp-content\/uploads\/2022\/04\/Pergam-Falcon-illustration-300x169.jpg 300w, https:\/\/innovideasas.com\/wp-content\/uploads\/2022\/04\/Pergam-Falcon-illustration-1024x576.jpg 1024w, https:\/\/innovideasas.com\/wp-content\/uploads\/2022\/04\/Pergam-Falcon-illustration-768x432.jpg 768w\" data-sizes=\"(max-width: 767px) 89vw, (max-width: 1000px) 54vw, (max-width: 1071px) 543px, 580px\" src=\"data:image\/svg+xml;base64,PHN2ZyB3aWR0aD0iMSIgaGVpZ2h0PSIxIiB4bWxucz0iaHR0cDovL3d3dy53My5vcmcvMjAwMC9zdmciPjwvc3ZnPg==\" style=\"--smush-placeholder-width: 1280px; --smush-placeholder-aspect-ratio: 1280\/720;\" \/><figcaption class=\"wp-element-caption\">Falcon TDLAS (Pergam)<\/figcaption><\/figure>\n<figcaption class=\"blocks-gallery-caption wp-element-caption\">Solutions capteurs pour la d\u00e9tection m\u00e9thane<\/figcaption><\/figure>\n\n\n\n<figure class=\"wp-block-gallery has-nested-images columns-default is-cropped aligncenter wp-block-gallery-2 is-layout-flex wp-block-gallery-is-layout-flex\">\n<figure class=\"wp-block-image size-large\"><img decoding=\"async\" width=\"1024\" height=\"640\" data-id=\"1249\" data-src=\"https:\/\/innovideasas.com\/wp-content\/uploads\/2022\/04\/aerio_TDLAS-1024x640.jpg\" alt=\"\" class=\"wp-image-1249 lazyload\" data-srcset=\"https:\/\/innovideasas.com\/wp-content\/uploads\/2022\/04\/aerio_TDLAS-1024x640.jpg 1024w, https:\/\/innovideasas.com\/wp-content\/uploads\/2022\/04\/aerio_TDLAS-300x188.jpg 300w, https:\/\/innovideasas.com\/wp-content\/uploads\/2022\/04\/aerio_TDLAS-768x480.jpg 768w, https:\/\/innovideasas.com\/wp-content\/uploads\/2022\/04\/aerio_TDLAS.jpg 1152w\" data-sizes=\"(max-width: 767px) 89vw, (max-width: 1000px) 54vw, (max-width: 1071px) 543px, 580px\" src=\"data:image\/svg+xml;base64,PHN2ZyB3aWR0aD0iMSIgaGVpZ2h0PSIxIiB4bWxucz0iaHR0cDovL3d3dy53My5vcmcvMjAwMC9zdmciPjwvc3ZnPg==\" style=\"--smush-placeholder-width: 1024px; --smush-placeholder-aspect-ratio: 1024\/640;\" \/><figcaption class=\"wp-element-caption\">AERIO -TDLAS (Asman)<\/figcaption><\/figure>\n\n\n\n<figure class=\"wp-block-image size-large\"><img decoding=\"async\" width=\"1024\" height=\"768\" data-id=\"1250\" data-src=\"https:\/\/innovideasas.com\/wp-content\/uploads\/2022\/04\/IMG_6561-1024x768.jpg\" alt=\"\" class=\"wp-image-1250 lazyload\" data-srcset=\"https:\/\/innovideasas.com\/wp-content\/uploads\/2022\/04\/IMG_6561-1024x768.jpg 1024w, https:\/\/innovideasas.com\/wp-content\/uploads\/2022\/04\/IMG_6561-300x225.jpg 300w, https:\/\/innovideasas.com\/wp-content\/uploads\/2022\/04\/IMG_6561-768x576.jpg 768w, https:\/\/innovideasas.com\/wp-content\/uploads\/2022\/04\/IMG_6561-1536x1152.jpg 1536w, https:\/\/innovideasas.com\/wp-content\/uploads\/2022\/04\/IMG_6561-2048x1536.jpg 2048w\" data-sizes=\"(max-width: 767px) 89vw, (max-width: 1000px) 54vw, (max-width: 1071px) 543px, 580px\" src=\"data:image\/svg+xml;base64,PHN2ZyB3aWR0aD0iMSIgaGVpZ2h0PSIxIiB4bWxucz0iaHR0cDovL3d3dy53My5vcmcvMjAwMC9zdmciPjwvc3ZnPg==\" style=\"--smush-placeholder-width: 1024px; --smush-placeholder-aspect-ratio: 1024\/768;\" \/><figcaption class=\"wp-element-caption\">HyperCam mini (Telops) sur Arla 600 <\/figcaption><\/figure>\n<figcaption class=\"blocks-gallery-caption wp-element-caption\">Solutions a\u00e9riennes compl\u00e8tes pour la d\u00e9tection m\u00e9thane<\/figcaption><\/figure>\n\n\n\n<figure class=\"wp-block-gallery has-nested-images columns-default is-cropped aligncenter wp-block-gallery-3 is-layout-flex wp-block-gallery-is-layout-flex\">\n<figure class=\"wp-block-image size-full\"><img decoding=\"async\" width=\"987\" height=\"1131\" data-id=\"1507\" data-src=\"https:\/\/innovideasas.com\/wp-content\/uploads\/2026\/01\/RG600C-uncooled-OGI-camera.png\" alt=\"\" class=\"wp-image-1507 lazyload\" data-srcset=\"https:\/\/innovideasas.com\/wp-content\/uploads\/2026\/01\/RG600C-uncooled-OGI-camera.png 987w, https:\/\/innovideasas.com\/wp-content\/uploads\/2026\/01\/RG600C-uncooled-OGI-camera-262x300.png 262w, https:\/\/innovideasas.com\/wp-content\/uploads\/2026\/01\/RG600C-uncooled-OGI-camera-894x1024.png 894w, https:\/\/innovideasas.com\/wp-content\/uploads\/2026\/01\/RG600C-uncooled-OGI-camera-768x880.png 768w\" data-sizes=\"(max-width: 767px) 89vw, (max-width: 1000px) 54vw, (max-width: 1071px) 543px, 580px\" src=\"data:image\/svg+xml;base64,PHN2ZyB3aWR0aD0iMSIgaGVpZ2h0PSIxIiB4bWxucz0iaHR0cDovL3d3dy53My5vcmcvMjAwMC9zdmciPjwvc3ZnPg==\" style=\"--smush-placeholder-width: 987px; --smush-placeholder-aspect-ratio: 987\/1131;\" \/><figcaption class=\"wp-element-caption\">Cam\u00e9ra RG600C<\/figcaption><\/figure>\n<figcaption class=\"blocks-gallery-caption wp-element-caption\">Cam\u00e9ras OGI ATEX  portables<\/figcaption><\/figure>\n\n\n\n<p class=\"wp-block-paragraph\"><\/p>\n","protected":false},"excerpt":{"rendered":"<p>D\u00e9tection, quantification et localisation de fuites m\u00e9thane par drone Le m\u00e9thane est un gaz \u00e0 effet de serre puissant et ses \u00e9missions fugitives dansles industries du p\u00e9trole et du gaz et du biogaz sont un d\u00e9fi en termes de co\u00fbt, de risque d&#8217;accident et d&#8217;impact sur l&#8217;environnement. Asman Technology, Pergam et Sierra Olympic Technologies Inc, &hellip; <\/p>\n<p class=\"link-more\"><a href=\"https:\/\/innovideasas.com\/index.php\/fr\/environnement\/\" class=\"more-link\">Continue reading<span class=\"screen-reader-text\"> &#8220;Environnement&#8221;<\/span><\/a><\/p>\n","protected":false},"author":1,"featured_media":0,"parent":0,"menu_order":0,"comment_status":"closed","ping_status":"closed","template":"","meta":{"_crdt_document":"","footnotes":""},"class_list":["post-647","page","type-page","status-publish","hentry"],"yoast_head":"<!-- This site is optimized with the Yoast SEO plugin v27.3 - https:\/\/yoast.com\/product\/yoast-seo-wordpress\/ -->\n<title>Environnement - INNOVIDEA<\/title>\n<meta name=\"description\" content=\"INNOVIDEA propose des solutions par drone pour la d\u00e9tection de fuites m\u00e9thane (Cam\u00e9ras refroidies MWIR, spectrom\u00e8tre TDLAS). D&#039;autres solutions existent \u00e9galement pour le traitement des chenilles processionaires.\" \/>\n<meta name=\"robots\" content=\"index, follow, max-snippet:-1, max-image-preview:large, max-video-preview:-1\" \/>\n<link rel=\"canonical\" href=\"https:\/\/innovideasas.com\/index.php\/fr\/environnement\/\" \/>\n<meta property=\"og:locale\" content=\"en_US\" \/>\n<meta property=\"og:type\" content=\"article\" \/>\n<meta property=\"og:title\" content=\"Environnement - INNOVIDEA\" \/>\n<meta property=\"og:description\" content=\"INNOVIDEA propose des solutions par drone pour la d\u00e9tection de fuites m\u00e9thane (Cam\u00e9ras refroidies MWIR, spectrom\u00e8tre TDLAS). D&#039;autres solutions existent \u00e9galement pour le traitement des chenilles processionaires.\" \/>\n<meta property=\"og:url\" content=\"https:\/\/innovideasas.com\/index.php\/fr\/environnement\/\" \/>\n<meta property=\"og:site_name\" content=\"INNOVIDEA\" \/>\n<meta property=\"article:modified_time\" content=\"2026-01-09T16:47:29+00:00\" \/>\n<meta property=\"og:image\" content=\"https:\/\/innovideasas.com\/wp-content\/uploads\/2022\/03\/VentusOGI.jpg\" \/>\n\t<meta property=\"og:image:width\" content=\"405\" \/>\n\t<meta property=\"og:image:height\" content=\"308\" \/>\n\t<meta property=\"og:image:type\" content=\"image\/jpeg\" \/>\n<meta name=\"twitter:card\" content=\"summary_large_image\" \/>\n<meta name=\"twitter:label1\" content=\"Est. reading time\" \/>\n\t<meta name=\"twitter:data1\" content=\"2 minutes\" \/>\n<script type=\"application\/ld+json\" class=\"yoast-schema-graph\">{\"@context\":\"https:\\\/\\\/schema.org\",\"@graph\":[{\"@type\":\"WebPage\",\"@id\":\"https:\\\/\\\/innovideasas.com\\\/index.php\\\/fr\\\/environnement\\\/\",\"url\":\"https:\\\/\\\/innovideasas.com\\\/index.php\\\/fr\\\/environnement\\\/\",\"name\":\"Environnement - INNOVIDEA\",\"isPartOf\":{\"@id\":\"https:\\\/\\\/innovideasas.com\\\/#website\"},\"primaryImageOfPage\":{\"@id\":\"https:\\\/\\\/innovideasas.com\\\/index.php\\\/fr\\\/environnement\\\/#primaryimage\"},\"image\":{\"@id\":\"https:\\\/\\\/innovideasas.com\\\/index.php\\\/fr\\\/environnement\\\/#primaryimage\"},\"thumbnailUrl\":\"https:\\\/\\\/innovideasas.com\\\/wp-content\\\/uploads\\\/2022\\\/03\\\/VentusOGI-300x228.jpg\",\"datePublished\":\"2020-01-08T20:27:33+00:00\",\"dateModified\":\"2026-01-09T16:47:29+00:00\",\"description\":\"INNOVIDEA propose des solutions par drone pour la d\u00e9tection de fuites m\u00e9thane (Cam\u00e9ras refroidies MWIR, spectrom\u00e8tre TDLAS). D'autres solutions existent \u00e9galement pour le traitement des chenilles processionaires.\",\"breadcrumb\":{\"@id\":\"https:\\\/\\\/innovideasas.com\\\/index.php\\\/fr\\\/environnement\\\/#breadcrumb\"},\"inLanguage\":\"en-US\",\"potentialAction\":[{\"@type\":\"ReadAction\",\"target\":[\"https:\\\/\\\/innovideasas.com\\\/index.php\\\/fr\\\/environnement\\\/\"]}]},{\"@type\":\"ImageObject\",\"inLanguage\":\"en-US\",\"@id\":\"https:\\\/\\\/innovideasas.com\\\/index.php\\\/fr\\\/environnement\\\/#primaryimage\",\"url\":\"https:\\\/\\\/innovideasas.com\\\/wp-content\\\/uploads\\\/2022\\\/03\\\/VentusOGI.jpg\",\"contentUrl\":\"https:\\\/\\\/innovideasas.com\\\/wp-content\\\/uploads\\\/2022\\\/03\\\/VentusOGI.jpg\",\"width\":405,\"height\":308},{\"@type\":\"BreadcrumbList\",\"@id\":\"https:\\\/\\\/innovideasas.com\\\/index.php\\\/fr\\\/environnement\\\/#breadcrumb\",\"itemListElement\":[{\"@type\":\"ListItem\",\"position\":1,\"name\":\"Home\",\"item\":\"https:\\\/\\\/innovideasas.com\\\/\"},{\"@type\":\"ListItem\",\"position\":2,\"name\":\"Environnement\"}]},{\"@type\":\"WebSite\",\"@id\":\"https:\\\/\\\/innovideasas.com\\\/#website\",\"url\":\"https:\\\/\\\/innovideasas.com\\\/\",\"name\":\"INNOVIDEA\",\"description\":\"Dare to export your Innovations ! Osez exporter vos Innovations!\",\"publisher\":{\"@id\":\"https:\\\/\\\/innovideasas.com\\\/#organization\"},\"potentialAction\":[{\"@type\":\"SearchAction\",\"target\":{\"@type\":\"EntryPoint\",\"urlTemplate\":\"https:\\\/\\\/innovideasas.com\\\/?s={search_term_string}\"},\"query-input\":{\"@type\":\"PropertyValueSpecification\",\"valueRequired\":true,\"valueName\":\"search_term_string\"}}],\"inLanguage\":\"en-US\"},{\"@type\":\"Organization\",\"@id\":\"https:\\\/\\\/innovideasas.com\\\/#organization\",\"name\":\"Innovidea\",\"url\":\"https:\\\/\\\/innovideasas.com\\\/\",\"logo\":{\"@type\":\"ImageObject\",\"inLanguage\":\"en-US\",\"@id\":\"https:\\\/\\\/innovideasas.com\\\/#\\\/schema\\\/logo\\\/image\\\/\",\"url\":\"https:\\\/\\\/innovideasas.com\\\/wp-content\\\/uploads\\\/2018\\\/07\\\/logo_innovidea_color-e1535710679100.png\",\"contentUrl\":\"https:\\\/\\\/innovideasas.com\\\/wp-content\\\/uploads\\\/2018\\\/07\\\/logo_innovidea_color-e1535710679100.png\",\"width\":500,\"height\":500,\"caption\":\"Innovidea\"},\"image\":{\"@id\":\"https:\\\/\\\/innovideasas.com\\\/#\\\/schema\\\/logo\\\/image\\\/\"},\"sameAs\":[\"https:\\\/\\\/www.linkedin.com\\\/company\\\/innovidea-sas\\\/\",\"https:\\\/\\\/www.youtube.com\\\/channel\\\/UCf0dy4i4mt7B9QMIgs90E7Q\\\/playlists\"]}]}<\/script>\n<!-- \/ Yoast SEO plugin. -->","yoast_head_json":{"title":"Environnement - INNOVIDEA","description":"INNOVIDEA propose des solutions par drone pour la d\u00e9tection de fuites m\u00e9thane (Cam\u00e9ras refroidies MWIR, spectrom\u00e8tre TDLAS). D'autres solutions existent \u00e9galement pour le traitement des chenilles processionaires.","robots":{"index":"index","follow":"follow","max-snippet":"max-snippet:-1","max-image-preview":"max-image-preview:large","max-video-preview":"max-video-preview:-1"},"canonical":"https:\/\/innovideasas.com\/index.php\/fr\/environnement\/","og_locale":"en_US","og_type":"article","og_title":"Environnement - INNOVIDEA","og_description":"INNOVIDEA propose des solutions par drone pour la d\u00e9tection de fuites m\u00e9thane (Cam\u00e9ras refroidies MWIR, spectrom\u00e8tre TDLAS). D'autres solutions existent \u00e9galement pour le traitement des chenilles processionaires.","og_url":"https:\/\/innovideasas.com\/index.php\/fr\/environnement\/","og_site_name":"INNOVIDEA","article_modified_time":"2026-01-09T16:47:29+00:00","og_image":[{"width":405,"height":308,"url":"https:\/\/innovideasas.com\/wp-content\/uploads\/2022\/03\/VentusOGI.jpg","type":"image\/jpeg"}],"twitter_card":"summary_large_image","twitter_misc":{"Est. reading time":"2 minutes"},"schema":{"@context":"https:\/\/schema.org","@graph":[{"@type":"WebPage","@id":"https:\/\/innovideasas.com\/index.php\/fr\/environnement\/","url":"https:\/\/innovideasas.com\/index.php\/fr\/environnement\/","name":"Environnement - INNOVIDEA","isPartOf":{"@id":"https:\/\/innovideasas.com\/#website"},"primaryImageOfPage":{"@id":"https:\/\/innovideasas.com\/index.php\/fr\/environnement\/#primaryimage"},"image":{"@id":"https:\/\/innovideasas.com\/index.php\/fr\/environnement\/#primaryimage"},"thumbnailUrl":"https:\/\/innovideasas.com\/wp-content\/uploads\/2022\/03\/VentusOGI-300x228.jpg","datePublished":"2020-01-08T20:27:33+00:00","dateModified":"2026-01-09T16:47:29+00:00","description":"INNOVIDEA propose des solutions par drone pour la d\u00e9tection de fuites m\u00e9thane (Cam\u00e9ras refroidies MWIR, spectrom\u00e8tre TDLAS). D'autres solutions existent \u00e9galement pour le traitement des chenilles processionaires.","breadcrumb":{"@id":"https:\/\/innovideasas.com\/index.php\/fr\/environnement\/#breadcrumb"},"inLanguage":"en-US","potentialAction":[{"@type":"ReadAction","target":["https:\/\/innovideasas.com\/index.php\/fr\/environnement\/"]}]},{"@type":"ImageObject","inLanguage":"en-US","@id":"https:\/\/innovideasas.com\/index.php\/fr\/environnement\/#primaryimage","url":"https:\/\/innovideasas.com\/wp-content\/uploads\/2022\/03\/VentusOGI.jpg","contentUrl":"https:\/\/innovideasas.com\/wp-content\/uploads\/2022\/03\/VentusOGI.jpg","width":405,"height":308},{"@type":"BreadcrumbList","@id":"https:\/\/innovideasas.com\/index.php\/fr\/environnement\/#breadcrumb","itemListElement":[{"@type":"ListItem","position":1,"name":"Home","item":"https:\/\/innovideasas.com\/"},{"@type":"ListItem","position":2,"name":"Environnement"}]},{"@type":"WebSite","@id":"https:\/\/innovideasas.com\/#website","url":"https:\/\/innovideasas.com\/","name":"INNOVIDEA","description":"Dare to export your Innovations ! Osez exporter vos Innovations!","publisher":{"@id":"https:\/\/innovideasas.com\/#organization"},"potentialAction":[{"@type":"SearchAction","target":{"@type":"EntryPoint","urlTemplate":"https:\/\/innovideasas.com\/?s={search_term_string}"},"query-input":{"@type":"PropertyValueSpecification","valueRequired":true,"valueName":"search_term_string"}}],"inLanguage":"en-US"},{"@type":"Organization","@id":"https:\/\/innovideasas.com\/#organization","name":"Innovidea","url":"https:\/\/innovideasas.com\/","logo":{"@type":"ImageObject","inLanguage":"en-US","@id":"https:\/\/innovideasas.com\/#\/schema\/logo\/image\/","url":"https:\/\/innovideasas.com\/wp-content\/uploads\/2018\/07\/logo_innovidea_color-e1535710679100.png","contentUrl":"https:\/\/innovideasas.com\/wp-content\/uploads\/2018\/07\/logo_innovidea_color-e1535710679100.png","width":500,"height":500,"caption":"Innovidea"},"image":{"@id":"https:\/\/innovideasas.com\/#\/schema\/logo\/image\/"},"sameAs":["https:\/\/www.linkedin.com\/company\/innovidea-sas\/","https:\/\/www.youtube.com\/channel\/UCf0dy4i4mt7B9QMIgs90E7Q\/playlists"]}]}},"_links":{"self":[{"href":"https:\/\/innovideasas.com\/index.php\/wp-json\/wp\/v2\/pages\/647","targetHints":{"allow":["GET"]}}],"collection":[{"href":"https:\/\/innovideasas.com\/index.php\/wp-json\/wp\/v2\/pages"}],"about":[{"href":"https:\/\/innovideasas.com\/index.php\/wp-json\/wp\/v2\/types\/page"}],"author":[{"embeddable":true,"href":"https:\/\/innovideasas.com\/index.php\/wp-json\/wp\/v2\/users\/1"}],"replies":[{"embeddable":true,"href":"https:\/\/innovideasas.com\/index.php\/wp-json\/wp\/v2\/comments?post=647"}],"version-history":[{"count":10,"href":"https:\/\/innovideasas.com\/index.php\/wp-json\/wp\/v2\/pages\/647\/revisions"}],"predecessor-version":[{"id":1510,"href":"https:\/\/innovideasas.com\/index.php\/wp-json\/wp\/v2\/pages\/647\/revisions\/1510"}],"wp:attachment":[{"href":"https:\/\/innovideasas.com\/index.php\/wp-json\/wp\/v2\/media?parent=647"}],"curies":[{"name":"wp","href":"https:\/\/api.w.org\/{rel}","templated":true}]}}