{"id":707,"date":"2020-08-06T12:42:31","date_gmt":"2020-08-06T10:42:31","guid":{"rendered":"https:\/\/innovideasas.com\/?page_id=707"},"modified":"2020-08-06T12:42:34","modified_gmt":"2020-08-06T10:42:34","slug":"contactez-nous","status":"publish","type":"page","link":"https:\/\/innovideasas.com\/index.php\/fr\/contactez-nous\/","title":{"rendered":"Contactez-nous"},"content":{"rendered":"\n<p class=\"wp-block-paragraph\">Si vous souhaitez plus d&#8217;information, merci de bien vouloir remplir ce questionnaire<\/p>\n\n\n\n<div class=\"wpcf7 no-js\" id=\"wpcf7-f705-o1\" lang=\"en-US\" dir=\"ltr\" data-wpcf7-id=\"705\">\n<div class=\"screen-reader-response\"><p role=\"status\" aria-live=\"polite\" aria-atomic=\"true\"><\/p> <ul><\/ul><\/div>\n<form action=\"\/index.php\/wp-json\/wp\/v2\/pages\/707#wpcf7-f705-o1\" method=\"post\" class=\"wpcf7-form init\" aria-label=\"Contact form\" novalidate=\"novalidate\" data-status=\"init\">\n<fieldset class=\"hidden-fields-container\"><input type=\"hidden\" name=\"_wpcf7\" value=\"705\" \/><input type=\"hidden\" name=\"_wpcf7_version\" value=\"6.1.5\" \/><input type=\"hidden\" name=\"_wpcf7_locale\" value=\"en_US\" \/><input type=\"hidden\" name=\"_wpcf7_unit_tag\" value=\"wpcf7-f705-o1\" \/><input type=\"hidden\" name=\"_wpcf7_container_post\" value=\"0\" \/><input type=\"hidden\" name=\"_wpcf7_posted_data_hash\" value=\"\" \/><input type=\"hidden\" name=\"_wpcf7_recaptcha_response\" value=\"\" \/>\n<\/fieldset>\n<p><label> Votre Nom et Pr\u00e9nom (requis)<br \/>\n<span class=\"wpcf7-form-control-wrap\" data-name=\"your-name\"><input size=\"40\" maxlength=\"400\" class=\"wpcf7-form-control wpcf7-text wpcf7-validates-as-required\" aria-required=\"true\" aria-invalid=\"false\" value=\"\" type=\"text\" name=\"your-name\" \/><\/span> <\/label>\n<\/p>\n<p><label> Votre E-mail (requis)<br \/>\n<span class=\"wpcf7-form-control-wrap\" data-name=\"your-email\"><input size=\"40\" maxlength=\"400\" class=\"wpcf7-form-control wpcf7-email wpcf7-validates-as-required wpcf7-text wpcf7-validates-as-email\" aria-required=\"true\" aria-invalid=\"false\" value=\"\" type=\"email\" name=\"your-email\" \/><\/span> <\/label>\n<\/p>\n<p><label> Votre Num\u00e9ro de T\u00e9l\u00e9phone<br \/>\n<span class=\"wpcf7-form-control-wrap\" data-name=\"your-tel\"><input size=\"40\" maxlength=\"400\" class=\"wpcf7-form-control wpcf7-tel wpcf7-text wpcf7-validates-as-tel\" aria-invalid=\"false\" value=\"\" type=\"tel\" name=\"your-tel\" \/><\/span> <\/label>\n<\/p>\n<p><label> Le Site Web de votre Organisation (requis)<br \/>\n<span class=\"wpcf7-form-control-wrap\" data-name=\"website\"><input size=\"40\" maxlength=\"400\" class=\"wpcf7-form-control wpcf7-url wpcf7-validates-as-required wpcf7-text wpcf7-validates-as-url\" aria-required=\"true\" aria-invalid=\"false\" value=\"\" type=\"url\" name=\"website\" \/><\/span> <\/label>\n<\/p>\n<p><label> Selectionnez (requis)<br \/>\n<span class=\"wpcf7-form-control-wrap\" data-name=\"company\"><select class=\"wpcf7-form-control wpcf7-select wpcf7-validates-as-required\" aria-required=\"true\" aria-invalid=\"false\" name=\"company\"><option value=\"\">&#8212;Please choose an option&#8212;<\/option><option value=\"Bitflow\">Bitflow<\/option><option value=\"Infrared Cameras Inc\">Infrared Cameras Inc<\/option><option value=\"IDAO Engineering\">IDAO Engineering<\/option><option value=\"First Light Imaging\">First Light Imaging<\/option><option value=\"Photomed\">Photomed<\/option><option value=\"Leida technologies\">Leida technologies<\/option><\/select><\/span> <\/label>\n<\/p>\n<p><label> Objet<br \/>\n<span class=\"wpcf7-form-control-wrap\" data-name=\"your-subject\"><input size=\"40\" maxlength=\"400\" class=\"wpcf7-form-control wpcf7-text wpcf7-validates-as-required\" aria-required=\"true\" aria-invalid=\"false\" value=\"\" type=\"text\" name=\"your-subject\" \/><\/span> <\/label>\n<\/p>\n<p><label> Votre Message<br \/>\n<span class=\"wpcf7-form-control-wrap\" data-name=\"your-message\"><textarea cols=\"40\" rows=\"10\" maxlength=\"2000\" class=\"wpcf7-form-control wpcf7-textarea wpcf7-validates-as-required\" aria-required=\"true\" aria-invalid=\"false\" name=\"your-message\"><\/textarea><\/span> <\/label>\n<\/p>\n<p><input class=\"wpcf7-form-control wpcf7-submit has-spinner\" type=\"submit\" value=\"Envoyer\" \/>\n<\/p><p style=\"display: none !important;\" class=\"akismet-fields-container\" data-prefix=\"_wpcf7_ak_\"><label>&#916;<textarea name=\"_wpcf7_ak_hp_textarea\" cols=\"45\" rows=\"8\" maxlength=\"100\"><\/textarea><\/label><input type=\"hidden\" id=\"ak_js_1\" name=\"_wpcf7_ak_js\" value=\"31\"\/><script>document.getElementById( \"ak_js_1\" ).setAttribute( \"value\", ( new Date() ).getTime() );<\/script><\/p><div class=\"wpcf7-response-output\" aria-hidden=\"true\"><\/div>\n<\/form>\n<\/div>\n\n\n\n\n<p class=\"wp-block-paragraph\"><\/p>\n","protected":false},"excerpt":{"rendered":"<p>Si vous souhaitez plus d&#8217;information, merci de bien vouloir remplir ce questionnaire<\/p>\n","protected":false},"author":1,"featured_media":0,"parent":0,"menu_order":0,"comment_status":"closed","ping_status":"closed","template":"","meta":{"_crdt_document":"","footnotes":""},"class_list":["post-707","page","type-page","status-publish","hentry"],"yoast_head":"<!-- This site is optimized with the Yoast SEO plugin v27.3 - https:\/\/yoast.com\/product\/yoast-seo-wordpress\/ -->\n<title>Contactez-nous - INNOVIDEA<\/title>\n<meta name=\"robots\" content=\"index, follow, max-snippet:-1, max-image-preview:large, max-video-preview:-1\" \/>\n<link rel=\"canonical\" href=\"https:\/\/innovideasas.com\/index.php\/fr\/contactez-nous\/\" \/>\n<meta property=\"og:locale\" content=\"en_US\" \/>\n<meta property=\"og:type\" content=\"article\" \/>\n<meta property=\"og:title\" content=\"Contactez-nous - INNOVIDEA\" \/>\n<meta property=\"og:description\" content=\"Si vous souhaitez plus d&#8217;information, merci de bien vouloir remplir ce questionnaire\" \/>\n<meta property=\"og:url\" content=\"https:\/\/innovideasas.com\/index.php\/fr\/contactez-nous\/\" \/>\n<meta property=\"og:site_name\" content=\"INNOVIDEA\" \/>\n<meta property=\"article:modified_time\" content=\"2020-08-06T10:42:34+00:00\" \/>\n<meta name=\"twitter:card\" content=\"summary_large_image\" \/>\n<script type=\"application\/ld+json\" class=\"yoast-schema-graph\">{\"@context\":\"https:\\\/\\\/schema.org\",\"@graph\":[{\"@type\":\"WebPage\",\"@id\":\"https:\\\/\\\/innovideasas.com\\\/index.php\\\/fr\\\/contactez-nous\\\/\",\"url\":\"https:\\\/\\\/innovideasas.com\\\/index.php\\\/fr\\\/contactez-nous\\\/\",\"name\":\"Contactez-nous - INNOVIDEA\",\"isPartOf\":{\"@id\":\"https:\\\/\\\/innovideasas.com\\\/#website\"},\"datePublished\":\"2020-08-06T10:42:31+00:00\",\"dateModified\":\"2020-08-06T10:42:34+00:00\",\"breadcrumb\":{\"@id\":\"https:\\\/\\\/innovideasas.com\\\/index.php\\\/fr\\\/contactez-nous\\\/#breadcrumb\"},\"inLanguage\":\"en-US\",\"potentialAction\":[{\"@type\":\"ReadAction\",\"target\":[\"https:\\\/\\\/innovideasas.com\\\/index.php\\\/fr\\\/contactez-nous\\\/\"]}]},{\"@type\":\"BreadcrumbList\",\"@id\":\"https:\\\/\\\/innovideasas.com\\\/index.php\\\/fr\\\/contactez-nous\\\/#breadcrumb\",\"itemListElement\":[{\"@type\":\"ListItem\",\"position\":1,\"name\":\"Home\",\"item\":\"https:\\\/\\\/innovideasas.com\\\/\"},{\"@type\":\"ListItem\",\"position\":2,\"name\":\"Contactez-nous\"}]},{\"@type\":\"WebSite\",\"@id\":\"https:\\\/\\\/innovideasas.com\\\/#website\",\"url\":\"https:\\\/\\\/innovideasas.com\\\/\",\"name\":\"INNOVIDEA\",\"description\":\"Dare to export your Innovations ! Osez exporter vos Innovations!\",\"publisher\":{\"@id\":\"https:\\\/\\\/innovideasas.com\\\/#organization\"},\"potentialAction\":[{\"@type\":\"SearchAction\",\"target\":{\"@type\":\"EntryPoint\",\"urlTemplate\":\"https:\\\/\\\/innovideasas.com\\\/?s={search_term_string}\"},\"query-input\":{\"@type\":\"PropertyValueSpecification\",\"valueRequired\":true,\"valueName\":\"search_term_string\"}}],\"inLanguage\":\"en-US\"},{\"@type\":\"Organization\",\"@id\":\"https:\\\/\\\/innovideasas.com\\\/#organization\",\"name\":\"Innovidea\",\"url\":\"https:\\\/\\\/innovideasas.com\\\/\",\"logo\":{\"@type\":\"ImageObject\",\"inLanguage\":\"en-US\",\"@id\":\"https:\\\/\\\/innovideasas.com\\\/#\\\/schema\\\/logo\\\/image\\\/\",\"url\":\"https:\\\/\\\/innovideasas.com\\\/wp-content\\\/uploads\\\/2018\\\/07\\\/logo_innovidea_color-e1535710679100.png\",\"contentUrl\":\"https:\\\/\\\/innovideasas.com\\\/wp-content\\\/uploads\\\/2018\\\/07\\\/logo_innovidea_color-e1535710679100.png\",\"width\":500,\"height\":500,\"caption\":\"Innovidea\"},\"image\":{\"@id\":\"https:\\\/\\\/innovideasas.com\\\/#\\\/schema\\\/logo\\\/image\\\/\"},\"sameAs\":[\"https:\\\/\\\/www.linkedin.com\\\/company\\\/innovidea-sas\\\/\",\"https:\\\/\\\/www.youtube.com\\\/channel\\\/UCf0dy4i4mt7B9QMIgs90E7Q\\\/playlists\"]}]}<\/script>\n<!-- \/ Yoast SEO plugin. -->","yoast_head_json":{"title":"Contactez-nous - INNOVIDEA","robots":{"index":"index","follow":"follow","max-snippet":"max-snippet:-1","max-image-preview":"max-image-preview:large","max-video-preview":"max-video-preview:-1"},"canonical":"https:\/\/innovideasas.com\/index.php\/fr\/contactez-nous\/","og_locale":"en_US","og_type":"article","og_title":"Contactez-nous - INNOVIDEA","og_description":"Si vous souhaitez plus d&#8217;information, merci de bien vouloir remplir ce questionnaire","og_url":"https:\/\/innovideasas.com\/index.php\/fr\/contactez-nous\/","og_site_name":"INNOVIDEA","article_modified_time":"2020-08-06T10:42:34+00:00","twitter_card":"summary_large_image","schema":{"@context":"https:\/\/schema.org","@graph":[{"@type":"WebPage","@id":"https:\/\/innovideasas.com\/index.php\/fr\/contactez-nous\/","url":"https:\/\/innovideasas.com\/index.php\/fr\/contactez-nous\/","name":"Contactez-nous - INNOVIDEA","isPartOf":{"@id":"https:\/\/innovideasas.com\/#website"},"datePublished":"2020-08-06T10:42:31+00:00","dateModified":"2020-08-06T10:42:34+00:00","breadcrumb":{"@id":"https:\/\/innovideasas.com\/index.php\/fr\/contactez-nous\/#breadcrumb"},"inLanguage":"en-US","potentialAction":[{"@type":"ReadAction","target":["https:\/\/innovideasas.com\/index.php\/fr\/contactez-nous\/"]}]},{"@type":"BreadcrumbList","@id":"https:\/\/innovideasas.com\/index.php\/fr\/contactez-nous\/#breadcrumb","itemListElement":[{"@type":"ListItem","position":1,"name":"Home","item":"https:\/\/innovideasas.com\/"},{"@type":"ListItem","position":2,"name":"Contactez-nous"}]},{"@type":"WebSite","@id":"https:\/\/innovideasas.com\/#website","url":"https:\/\/innovideasas.com\/","name":"INNOVIDEA","description":"Dare to export your Innovations ! Osez exporter vos Innovations!","publisher":{"@id":"https:\/\/innovideasas.com\/#organization"},"potentialAction":[{"@type":"SearchAction","target":{"@type":"EntryPoint","urlTemplate":"https:\/\/innovideasas.com\/?s={search_term_string}"},"query-input":{"@type":"PropertyValueSpecification","valueRequired":true,"valueName":"search_term_string"}}],"inLanguage":"en-US"},{"@type":"Organization","@id":"https:\/\/innovideasas.com\/#organization","name":"Innovidea","url":"https:\/\/innovideasas.com\/","logo":{"@type":"ImageObject","inLanguage":"en-US","@id":"https:\/\/innovideasas.com\/#\/schema\/logo\/image\/","url":"https:\/\/innovideasas.com\/wp-content\/uploads\/2018\/07\/logo_innovidea_color-e1535710679100.png","contentUrl":"https:\/\/innovideasas.com\/wp-content\/uploads\/2018\/07\/logo_innovidea_color-e1535710679100.png","width":500,"height":500,"caption":"Innovidea"},"image":{"@id":"https:\/\/innovideasas.com\/#\/schema\/logo\/image\/"},"sameAs":["https:\/\/www.linkedin.com\/company\/innovidea-sas\/","https:\/\/www.youtube.com\/channel\/UCf0dy4i4mt7B9QMIgs90E7Q\/playlists"]}]}},"_links":{"self":[{"href":"https:\/\/innovideasas.com\/index.php\/wp-json\/wp\/v2\/pages\/707","targetHints":{"allow":["GET"]}}],"collection":[{"href":"https:\/\/innovideasas.com\/index.php\/wp-json\/wp\/v2\/pages"}],"about":[{"href":"https:\/\/innovideasas.com\/index.php\/wp-json\/wp\/v2\/types\/page"}],"author":[{"embeddable":true,"href":"https:\/\/innovideasas.com\/index.php\/wp-json\/wp\/v2\/users\/1"}],"replies":[{"embeddable":true,"href":"https:\/\/innovideasas.com\/index.php\/wp-json\/wp\/v2\/comments?post=707"}],"version-history":[{"count":3,"href":"https:\/\/innovideasas.com\/index.php\/wp-json\/wp\/v2\/pages\/707\/revisions"}],"predecessor-version":[{"id":710,"href":"https:\/\/innovideasas.com\/index.php\/wp-json\/wp\/v2\/pages\/707\/revisions\/710"}],"wp:attachment":[{"href":"https:\/\/innovideasas.com\/index.php\/wp-json\/wp\/v2\/media?parent=707"}],"curies":[{"name":"wp","href":"https:\/\/api.w.org\/{rel}","templated":true}]}}