{"id":767,"date":"2020-08-09T18:53:17","date_gmt":"2020-08-09T16:53:17","guid":{"rendered":"https:\/\/innovideasas.com\/?page_id=767"},"modified":"2020-08-10T11:06:31","modified_gmt":"2020-08-10T09:06:31","slug":"industriel","status":"publish","type":"page","link":"https:\/\/innovideasas.com\/index.php\/fr\/industriel\/","title":{"rendered":"Industriel"},"content":{"rendered":"\n<h2 class=\"wp-block-heading\"><strong>Contr\u00f4le de soudage et de fabrication additive par vision<\/strong><\/h2>\n\n\n\n<p class=\"wp-block-paragraph\">Les proc\u00e9d\u00e9s de soudages (MAG, MIG, TIG) et de fabrication par laser (Impression 3D, rechargement de pi\u00e8ces) font de plus en plus appel \u00e0 des syst\u00e8mes de vision en visible et en infrarouge.  Qu&#8217;il s&#8217;agisse de v\u00e9rifier un alignement (seam tracking) ou bien de v\u00e9rifier les param\u00e8tres de fusion et\/ou de refroidissement du bain de soudure ou de la zone affect\u00e9e thermiquement, les cam\u00e9ras coupl\u00e9es \u00e0 des algorithmes de &#8220;computer vision&#8221; ou d&#8217;intelligence artificielle deviennent incontournables pour assurer la tra\u00e7abilit\u00e9 et la qualit\u00e9 du travail effectu\u00e9. La publication suivante d\u00e9crit plusieurs solutions :<\/p>\n\n\n\n<div class=\"wp-block-file\"><a href=\"https:\/\/innovideasas.com\/wp-content\/uploads\/2020\/08\/white-paper-welding-20160329-1.pdf\" target=\"_blank\" rel=\"noreferrer noopener\">White paper welding vision<\/a><a href=\"https:\/\/innovideasas.com\/wp-content\/uploads\/2020\/08\/white-paper-welding-20160329-1.pdf\" class=\"wp-block-file__button\" download>Download<\/a><\/div>\n\n\n\n<h2 class=\"wp-block-heading\"><strong>Contr\u00f4les <strong>de b\u00e2timents ou de sites<\/strong><\/strong> <strong>par drone <strong>pouvant \u00eatre automatis\u00e9s<\/strong><\/strong> <strong> <\/strong><\/h2>\n\n\n\n<p class=\"wp-block-paragraph\">L&#8217;\u00e9mergence de v\u00e9hicules automatis\u00e9s, notamment dans le domaine des drones, ouvre des perspectives de surveillance et maintenance r\u00e9guli\u00e8re avec une moindre exposition aux risques des humains. La mesure sans contact, notamment par dispositifs optiques (cam\u00e9ras, instruments sur base laser)  est un domaine qui va b\u00e9n\u00e9ficier du d\u00e9ploiement de ce type de porteur.  Plusieurs solutions sont illustr\u00e9s dans la publication suivante : <\/p>\n\n\n\n<div class=\"wp-block-file\"><a href=\"https:\/\/innovideasas.com\/wp-content\/uploads\/2020\/08\/Autonomous-vehicle-for-remote-sensing-opportunities-and-challenges-for-drone.pdf\" target=\"_blank\" rel=\"noreferrer noopener\">Autonomous vehicle for remote sensing &#8211; opportunities and challenges for drone<\/a><a href=\"https:\/\/innovideasas.com\/wp-content\/uploads\/2020\/08\/Autonomous-vehicle-for-remote-sensing-opportunities-and-challenges-for-drone.pdf\" class=\"wp-block-file__button\" download>Download<\/a><\/div>\n\n\n\n<p class=\"wp-block-paragraph\"><\/p>\n","protected":false},"excerpt":{"rendered":"<p>Contr\u00f4le de soudage et de fabrication additive par vision Les proc\u00e9d\u00e9s de soudages (MAG, MIG, TIG) et de fabrication par laser (Impression 3D, rechargement de pi\u00e8ces) font de plus en plus appel \u00e0 des syst\u00e8mes de vision en visible et en infrarouge. Qu&#8217;il s&#8217;agisse de v\u00e9rifier un alignement (seam tracking) ou bien de v\u00e9rifier les &hellip; <\/p>\n<p class=\"link-more\"><a href=\"https:\/\/innovideasas.com\/index.php\/fr\/industriel\/\" class=\"more-link\">Continue reading<span class=\"screen-reader-text\"> &#8220;Industriel&#8221;<\/span><\/a><\/p>\n","protected":false},"author":1,"featured_media":0,"parent":0,"menu_order":0,"comment_status":"closed","ping_status":"closed","template":"","meta":{"_crdt_document":"","footnotes":""},"class_list":["post-767","page","type-page","status-publish","hentry"],"yoast_head":"<!-- This site is optimized with the Yoast SEO plugin v27.3 - https:\/\/yoast.com\/product\/yoast-seo-wordpress\/ -->\n<title>Industriel - INNOVIDEA<\/title>\n<meta name=\"robots\" content=\"index, follow, max-snippet:-1, max-image-preview:large, max-video-preview:-1\" \/>\n<link rel=\"canonical\" href=\"https:\/\/innovideasas.com\/index.php\/fr\/industriel\/\" \/>\n<meta property=\"og:locale\" content=\"en_US\" \/>\n<meta property=\"og:type\" content=\"article\" \/>\n<meta property=\"og:title\" content=\"Industriel - INNOVIDEA\" \/>\n<meta property=\"og:description\" content=\"Contr\u00f4le de soudage et de fabrication additive par vision Les proc\u00e9d\u00e9s de soudages (MAG, MIG, TIG) et de fabrication par laser (Impression 3D, rechargement de pi\u00e8ces) font de plus en plus appel \u00e0 des syst\u00e8mes de vision en visible et en infrarouge. Qu&#8217;il s&#8217;agisse de v\u00e9rifier un alignement (seam tracking) ou bien de v\u00e9rifier les &hellip; Continue reading &quot;Industriel&quot;\" \/>\n<meta property=\"og:url\" content=\"https:\/\/innovideasas.com\/index.php\/fr\/industriel\/\" \/>\n<meta property=\"og:site_name\" content=\"INNOVIDEA\" \/>\n<meta property=\"article:modified_time\" content=\"2020-08-10T09:06:31+00:00\" \/>\n<meta name=\"twitter:card\" content=\"summary_large_image\" \/>\n<meta name=\"twitter:label1\" content=\"Est. reading time\" \/>\n\t<meta name=\"twitter:data1\" content=\"1 minute\" \/>\n<script type=\"application\/ld+json\" class=\"yoast-schema-graph\">{\"@context\":\"https:\\\/\\\/schema.org\",\"@graph\":[{\"@type\":\"WebPage\",\"@id\":\"https:\\\/\\\/innovideasas.com\\\/index.php\\\/fr\\\/industriel\\\/\",\"url\":\"https:\\\/\\\/innovideasas.com\\\/index.php\\\/fr\\\/industriel\\\/\",\"name\":\"Industriel - INNOVIDEA\",\"isPartOf\":{\"@id\":\"https:\\\/\\\/innovideasas.com\\\/#website\"},\"datePublished\":\"2020-08-09T16:53:17+00:00\",\"dateModified\":\"2020-08-10T09:06:31+00:00\",\"breadcrumb\":{\"@id\":\"https:\\\/\\\/innovideasas.com\\\/index.php\\\/fr\\\/industriel\\\/#breadcrumb\"},\"inLanguage\":\"en-US\",\"potentialAction\":[{\"@type\":\"ReadAction\",\"target\":[\"https:\\\/\\\/innovideasas.com\\\/index.php\\\/fr\\\/industriel\\\/\"]}]},{\"@type\":\"BreadcrumbList\",\"@id\":\"https:\\\/\\\/innovideasas.com\\\/index.php\\\/fr\\\/industriel\\\/#breadcrumb\",\"itemListElement\":[{\"@type\":\"ListItem\",\"position\":1,\"name\":\"Home\",\"item\":\"https:\\\/\\\/innovideasas.com\\\/\"},{\"@type\":\"ListItem\",\"position\":2,\"name\":\"Industriel\"}]},{\"@type\":\"WebSite\",\"@id\":\"https:\\\/\\\/innovideasas.com\\\/#website\",\"url\":\"https:\\\/\\\/innovideasas.com\\\/\",\"name\":\"INNOVIDEA\",\"description\":\"Dare to export your Innovations ! Osez exporter vos Innovations!\",\"publisher\":{\"@id\":\"https:\\\/\\\/innovideasas.com\\\/#organization\"},\"potentialAction\":[{\"@type\":\"SearchAction\",\"target\":{\"@type\":\"EntryPoint\",\"urlTemplate\":\"https:\\\/\\\/innovideasas.com\\\/?s={search_term_string}\"},\"query-input\":{\"@type\":\"PropertyValueSpecification\",\"valueRequired\":true,\"valueName\":\"search_term_string\"}}],\"inLanguage\":\"en-US\"},{\"@type\":\"Organization\",\"@id\":\"https:\\\/\\\/innovideasas.com\\\/#organization\",\"name\":\"Innovidea\",\"url\":\"https:\\\/\\\/innovideasas.com\\\/\",\"logo\":{\"@type\":\"ImageObject\",\"inLanguage\":\"en-US\",\"@id\":\"https:\\\/\\\/innovideasas.com\\\/#\\\/schema\\\/logo\\\/image\\\/\",\"url\":\"https:\\\/\\\/innovideasas.com\\\/wp-content\\\/uploads\\\/2018\\\/07\\\/logo_innovidea_color-e1535710679100.png\",\"contentUrl\":\"https:\\\/\\\/innovideasas.com\\\/wp-content\\\/uploads\\\/2018\\\/07\\\/logo_innovidea_color-e1535710679100.png\",\"width\":500,\"height\":500,\"caption\":\"Innovidea\"},\"image\":{\"@id\":\"https:\\\/\\\/innovideasas.com\\\/#\\\/schema\\\/logo\\\/image\\\/\"},\"sameAs\":[\"https:\\\/\\\/www.linkedin.com\\\/company\\\/innovidea-sas\\\/\",\"https:\\\/\\\/www.youtube.com\\\/channel\\\/UCf0dy4i4mt7B9QMIgs90E7Q\\\/playlists\"]}]}<\/script>\n<!-- \/ Yoast SEO plugin. -->","yoast_head_json":{"title":"Industriel - INNOVIDEA","robots":{"index":"index","follow":"follow","max-snippet":"max-snippet:-1","max-image-preview":"max-image-preview:large","max-video-preview":"max-video-preview:-1"},"canonical":"https:\/\/innovideasas.com\/index.php\/fr\/industriel\/","og_locale":"en_US","og_type":"article","og_title":"Industriel - INNOVIDEA","og_description":"Contr\u00f4le de soudage et de fabrication additive par vision Les proc\u00e9d\u00e9s de soudages (MAG, MIG, TIG) et de fabrication par laser (Impression 3D, rechargement de pi\u00e8ces) font de plus en plus appel \u00e0 des syst\u00e8mes de vision en visible et en infrarouge. Qu&#8217;il s&#8217;agisse de v\u00e9rifier un alignement (seam tracking) ou bien de v\u00e9rifier les &hellip; Continue reading \"Industriel\"","og_url":"https:\/\/innovideasas.com\/index.php\/fr\/industriel\/","og_site_name":"INNOVIDEA","article_modified_time":"2020-08-10T09:06:31+00:00","twitter_card":"summary_large_image","twitter_misc":{"Est. reading time":"1 minute"},"schema":{"@context":"https:\/\/schema.org","@graph":[{"@type":"WebPage","@id":"https:\/\/innovideasas.com\/index.php\/fr\/industriel\/","url":"https:\/\/innovideasas.com\/index.php\/fr\/industriel\/","name":"Industriel - INNOVIDEA","isPartOf":{"@id":"https:\/\/innovideasas.com\/#website"},"datePublished":"2020-08-09T16:53:17+00:00","dateModified":"2020-08-10T09:06:31+00:00","breadcrumb":{"@id":"https:\/\/innovideasas.com\/index.php\/fr\/industriel\/#breadcrumb"},"inLanguage":"en-US","potentialAction":[{"@type":"ReadAction","target":["https:\/\/innovideasas.com\/index.php\/fr\/industriel\/"]}]},{"@type":"BreadcrumbList","@id":"https:\/\/innovideasas.com\/index.php\/fr\/industriel\/#breadcrumb","itemListElement":[{"@type":"ListItem","position":1,"name":"Home","item":"https:\/\/innovideasas.com\/"},{"@type":"ListItem","position":2,"name":"Industriel"}]},{"@type":"WebSite","@id":"https:\/\/innovideasas.com\/#website","url":"https:\/\/innovideasas.com\/","name":"INNOVIDEA","description":"Dare to export your Innovations ! Osez exporter vos Innovations!","publisher":{"@id":"https:\/\/innovideasas.com\/#organization"},"potentialAction":[{"@type":"SearchAction","target":{"@type":"EntryPoint","urlTemplate":"https:\/\/innovideasas.com\/?s={search_term_string}"},"query-input":{"@type":"PropertyValueSpecification","valueRequired":true,"valueName":"search_term_string"}}],"inLanguage":"en-US"},{"@type":"Organization","@id":"https:\/\/innovideasas.com\/#organization","name":"Innovidea","url":"https:\/\/innovideasas.com\/","logo":{"@type":"ImageObject","inLanguage":"en-US","@id":"https:\/\/innovideasas.com\/#\/schema\/logo\/image\/","url":"https:\/\/innovideasas.com\/wp-content\/uploads\/2018\/07\/logo_innovidea_color-e1535710679100.png","contentUrl":"https:\/\/innovideasas.com\/wp-content\/uploads\/2018\/07\/logo_innovidea_color-e1535710679100.png","width":500,"height":500,"caption":"Innovidea"},"image":{"@id":"https:\/\/innovideasas.com\/#\/schema\/logo\/image\/"},"sameAs":["https:\/\/www.linkedin.com\/company\/innovidea-sas\/","https:\/\/www.youtube.com\/channel\/UCf0dy4i4mt7B9QMIgs90E7Q\/playlists"]}]}},"_links":{"self":[{"href":"https:\/\/innovideasas.com\/index.php\/wp-json\/wp\/v2\/pages\/767","targetHints":{"allow":["GET"]}}],"collection":[{"href":"https:\/\/innovideasas.com\/index.php\/wp-json\/wp\/v2\/pages"}],"about":[{"href":"https:\/\/innovideasas.com\/index.php\/wp-json\/wp\/v2\/types\/page"}],"author":[{"embeddable":true,"href":"https:\/\/innovideasas.com\/index.php\/wp-json\/wp\/v2\/users\/1"}],"replies":[{"embeddable":true,"href":"https:\/\/innovideasas.com\/index.php\/wp-json\/wp\/v2\/comments?post=767"}],"version-history":[{"count":9,"href":"https:\/\/innovideasas.com\/index.php\/wp-json\/wp\/v2\/pages\/767\/revisions"}],"predecessor-version":[{"id":788,"href":"https:\/\/innovideasas.com\/index.php\/wp-json\/wp\/v2\/pages\/767\/revisions\/788"}],"wp:attachment":[{"href":"https:\/\/innovideasas.com\/index.php\/wp-json\/wp\/v2\/media?parent=767"}],"curies":[{"name":"wp","href":"https:\/\/api.w.org\/{rel}","templated":true}]}}