{"id":850,"date":"2020-08-12T17:08:56","date_gmt":"2020-08-12T15:08:56","guid":{"rendered":"https:\/\/innovideasas.com\/?page_id=850"},"modified":"2023-03-14T08:53:34","modified_gmt":"2023-03-14T07:53:34","slug":"sante","status":"publish","type":"page","link":"https:\/\/innovideasas.com\/index.php\/fr\/sante\/","title":{"rendered":"Sant\u00e9"},"content":{"rendered":"\n<h2 class=\"wp-block-heading\"><strong>Nouvelle luminoth\u00e9rapie utilisant une lumi\u00e8re de couleur variable<\/strong><\/h2>\n\n\n\n<p class=\"wp-block-paragraph\">INNOVIDEA coop\u00e8re avec <a href=\"https:\/\/www.photomedtech.com\/\" target=\"_blank\" rel=\"noreferrer noopener\">Photomed Technologies Inc<\/a> qui a introduit son dispositif non invasif <a href=\"https:\/\/www.photomedtech.com\/vari-chrome\" target=\"_blank\" rel=\"noreferrer noopener\">Vari-Chrome Pro<\/a> permettant de red\u00e9marrer le processus de gu\u00e9rison de personnes souffrant de douleurs chroniques et de dysfonctionnements physiques pour lesquelles &#8220;aucune autre solution ne marche&#8221;.<\/p>\n\n\n\n<p class=\"wp-block-paragraph\">La longueur d&#8217;onde de la lumi\u00e8re visible varie continuellement pendant la th\u00e9rapie afin de favoriser efficacement le retour \u00e0 un fonctionnement normal et \u00e0 une meilleure qualit\u00e9 de vie. Le retour des sensations et des fonctions motrices pour soulager la douleur est obtenu par une th\u00e9rapie personnalis\u00e9e et g\u00e9n\u00e9ralement l&#8217;effet est visible, pour environ une personne sur trois, lors de la ou les premi\u00e8res visites.<\/p>\n\n\n\n<p class=\"wp-block-paragraph\">Ci-dessous, une vid\u00e9o montre un r\u00e9sultat mesurable en quelques minutes \u00e0 partir de la stimulation Vari-chrome Pro sur une personne ayant un probl\u00e8me de main froide.<\/p>\n\n\n\n<figure class=\"wp-block-video\"><video height=\"720\" style=\"aspect-ratio: 1280 \/ 720;\" width=\"1280\" controls src=\"https:\/\/innovideasas.com\/wp-content\/uploads\/2019\/01\/SynchronizedWarming.mp4\"><\/video><\/figure>\n","protected":false},"excerpt":{"rendered":"<p>Nouvelle luminoth\u00e9rapie utilisant une lumi\u00e8re de couleur variable INNOVIDEA coop\u00e8re avec Photomed Technologies Inc qui a introduit son dispositif non invasif Vari-Chrome Pro permettant de red\u00e9marrer le processus de gu\u00e9rison de personnes souffrant de douleurs chroniques et de dysfonctionnements physiques pour lesquelles &#8220;aucune autre solution ne marche&#8221;. La longueur d&#8217;onde de la lumi\u00e8re visible varie &hellip; <\/p>\n<p class=\"link-more\"><a href=\"https:\/\/innovideasas.com\/index.php\/fr\/sante\/\" class=\"more-link\">Continue reading<span class=\"screen-reader-text\"> &#8220;Sant\u00e9&#8221;<\/span><\/a><\/p>\n","protected":false},"author":1,"featured_media":0,"parent":0,"menu_order":0,"comment_status":"closed","ping_status":"closed","template":"","meta":{"_crdt_document":"","footnotes":""},"class_list":["post-850","page","type-page","status-publish","hentry"],"yoast_head":"<!-- This site is optimized with the Yoast SEO plugin v27.3 - https:\/\/yoast.com\/product\/yoast-seo-wordpress\/ -->\n<title>Sant\u00e9 - INNOVIDEA<\/title>\n<meta name=\"description\" content=\"INNOVIDEA propose avec ses partenaires ses solutions innovantes en mati\u00e8re de luminoth\u00e9rapie, de vision en microscopie pour les sciences du vivant. Ainsi, Photomed Technologies Inc offre son dispositif non -invasif Vari-Chrome Pro permettant de red\u00e9marrer la gu\u00e9rison de douleurs chroniques.\" \/>\n<meta name=\"robots\" content=\"index, follow, max-snippet:-1, max-image-preview:large, max-video-preview:-1\" \/>\n<link rel=\"canonical\" href=\"https:\/\/innovideasas.com\/index.php\/fr\/sante\/\" \/>\n<meta property=\"og:locale\" content=\"en_US\" \/>\n<meta property=\"og:type\" content=\"article\" \/>\n<meta property=\"og:title\" content=\"Sant\u00e9 - INNOVIDEA\" \/>\n<meta property=\"og:description\" content=\"INNOVIDEA propose avec ses partenaires ses solutions innovantes en mati\u00e8re de luminoth\u00e9rapie, de vision en microscopie pour les sciences du vivant. Ainsi, Photomed Technologies Inc offre son dispositif non -invasif Vari-Chrome Pro permettant de red\u00e9marrer la gu\u00e9rison de douleurs chroniques.\" \/>\n<meta property=\"og:url\" content=\"https:\/\/innovideasas.com\/index.php\/fr\/sante\/\" \/>\n<meta property=\"og:site_name\" content=\"INNOVIDEA\" \/>\n<meta property=\"article:modified_time\" content=\"2023-03-14T07:53:34+00:00\" \/>\n<meta name=\"twitter:card\" content=\"summary_large_image\" \/>\n<meta name=\"twitter:label1\" content=\"Est. reading time\" \/>\n\t<meta name=\"twitter:data1\" content=\"1 minute\" \/>\n<script type=\"application\/ld+json\" class=\"yoast-schema-graph\">{\"@context\":\"https:\\\/\\\/schema.org\",\"@graph\":[{\"@type\":\"WebPage\",\"@id\":\"https:\\\/\\\/innovideasas.com\\\/index.php\\\/fr\\\/sante\\\/\",\"url\":\"https:\\\/\\\/innovideasas.com\\\/index.php\\\/fr\\\/sante\\\/\",\"name\":\"Sant\u00e9 - INNOVIDEA\",\"isPartOf\":{\"@id\":\"https:\\\/\\\/innovideasas.com\\\/#website\"},\"datePublished\":\"2020-08-12T15:08:56+00:00\",\"dateModified\":\"2023-03-14T07:53:34+00:00\",\"description\":\"INNOVIDEA propose avec ses partenaires ses solutions innovantes en mati\u00e8re de luminoth\u00e9rapie, de vision en microscopie pour les sciences du vivant. Ainsi, Photomed Technologies Inc offre son dispositif non -invasif Vari-Chrome Pro permettant de red\u00e9marrer la gu\u00e9rison de douleurs chroniques.\",\"breadcrumb\":{\"@id\":\"https:\\\/\\\/innovideasas.com\\\/index.php\\\/fr\\\/sante\\\/#breadcrumb\"},\"inLanguage\":\"en-US\",\"potentialAction\":[{\"@type\":\"ReadAction\",\"target\":[\"https:\\\/\\\/innovideasas.com\\\/index.php\\\/fr\\\/sante\\\/\"]}]},{\"@type\":\"BreadcrumbList\",\"@id\":\"https:\\\/\\\/innovideasas.com\\\/index.php\\\/fr\\\/sante\\\/#breadcrumb\",\"itemListElement\":[{\"@type\":\"ListItem\",\"position\":1,\"name\":\"Home\",\"item\":\"https:\\\/\\\/innovideasas.com\\\/\"},{\"@type\":\"ListItem\",\"position\":2,\"name\":\"Sant\u00e9\"}]},{\"@type\":\"WebSite\",\"@id\":\"https:\\\/\\\/innovideasas.com\\\/#website\",\"url\":\"https:\\\/\\\/innovideasas.com\\\/\",\"name\":\"INNOVIDEA\",\"description\":\"Dare to export your Innovations ! Osez exporter vos Innovations!\",\"publisher\":{\"@id\":\"https:\\\/\\\/innovideasas.com\\\/#organization\"},\"potentialAction\":[{\"@type\":\"SearchAction\",\"target\":{\"@type\":\"EntryPoint\",\"urlTemplate\":\"https:\\\/\\\/innovideasas.com\\\/?s={search_term_string}\"},\"query-input\":{\"@type\":\"PropertyValueSpecification\",\"valueRequired\":true,\"valueName\":\"search_term_string\"}}],\"inLanguage\":\"en-US\"},{\"@type\":\"Organization\",\"@id\":\"https:\\\/\\\/innovideasas.com\\\/#organization\",\"name\":\"Innovidea\",\"url\":\"https:\\\/\\\/innovideasas.com\\\/\",\"logo\":{\"@type\":\"ImageObject\",\"inLanguage\":\"en-US\",\"@id\":\"https:\\\/\\\/innovideasas.com\\\/#\\\/schema\\\/logo\\\/image\\\/\",\"url\":\"https:\\\/\\\/innovideasas.com\\\/wp-content\\\/uploads\\\/2018\\\/07\\\/logo_innovidea_color-e1535710679100.png\",\"contentUrl\":\"https:\\\/\\\/innovideasas.com\\\/wp-content\\\/uploads\\\/2018\\\/07\\\/logo_innovidea_color-e1535710679100.png\",\"width\":500,\"height\":500,\"caption\":\"Innovidea\"},\"image\":{\"@id\":\"https:\\\/\\\/innovideasas.com\\\/#\\\/schema\\\/logo\\\/image\\\/\"},\"sameAs\":[\"https:\\\/\\\/www.linkedin.com\\\/company\\\/innovidea-sas\\\/\",\"https:\\\/\\\/www.youtube.com\\\/channel\\\/UCf0dy4i4mt7B9QMIgs90E7Q\\\/playlists\"]}]}<\/script>\n<!-- \/ Yoast SEO plugin. -->","yoast_head_json":{"title":"Sant\u00e9 - INNOVIDEA","description":"INNOVIDEA propose avec ses partenaires ses solutions innovantes en mati\u00e8re de luminoth\u00e9rapie, de vision en microscopie pour les sciences du vivant. Ainsi, Photomed Technologies Inc offre son dispositif non -invasif Vari-Chrome Pro permettant de red\u00e9marrer la gu\u00e9rison de douleurs chroniques.","robots":{"index":"index","follow":"follow","max-snippet":"max-snippet:-1","max-image-preview":"max-image-preview:large","max-video-preview":"max-video-preview:-1"},"canonical":"https:\/\/innovideasas.com\/index.php\/fr\/sante\/","og_locale":"en_US","og_type":"article","og_title":"Sant\u00e9 - INNOVIDEA","og_description":"INNOVIDEA propose avec ses partenaires ses solutions innovantes en mati\u00e8re de luminoth\u00e9rapie, de vision en microscopie pour les sciences du vivant. Ainsi, Photomed Technologies Inc offre son dispositif non -invasif Vari-Chrome Pro permettant de red\u00e9marrer la gu\u00e9rison de douleurs chroniques.","og_url":"https:\/\/innovideasas.com\/index.php\/fr\/sante\/","og_site_name":"INNOVIDEA","article_modified_time":"2023-03-14T07:53:34+00:00","twitter_card":"summary_large_image","twitter_misc":{"Est. reading time":"1 minute"},"schema":{"@context":"https:\/\/schema.org","@graph":[{"@type":"WebPage","@id":"https:\/\/innovideasas.com\/index.php\/fr\/sante\/","url":"https:\/\/innovideasas.com\/index.php\/fr\/sante\/","name":"Sant\u00e9 - INNOVIDEA","isPartOf":{"@id":"https:\/\/innovideasas.com\/#website"},"datePublished":"2020-08-12T15:08:56+00:00","dateModified":"2023-03-14T07:53:34+00:00","description":"INNOVIDEA propose avec ses partenaires ses solutions innovantes en mati\u00e8re de luminoth\u00e9rapie, de vision en microscopie pour les sciences du vivant. Ainsi, Photomed Technologies Inc offre son dispositif non -invasif Vari-Chrome Pro permettant de red\u00e9marrer la gu\u00e9rison de douleurs chroniques.","breadcrumb":{"@id":"https:\/\/innovideasas.com\/index.php\/fr\/sante\/#breadcrumb"},"inLanguage":"en-US","potentialAction":[{"@type":"ReadAction","target":["https:\/\/innovideasas.com\/index.php\/fr\/sante\/"]}]},{"@type":"BreadcrumbList","@id":"https:\/\/innovideasas.com\/index.php\/fr\/sante\/#breadcrumb","itemListElement":[{"@type":"ListItem","position":1,"name":"Home","item":"https:\/\/innovideasas.com\/"},{"@type":"ListItem","position":2,"name":"Sant\u00e9"}]},{"@type":"WebSite","@id":"https:\/\/innovideasas.com\/#website","url":"https:\/\/innovideasas.com\/","name":"INNOVIDEA","description":"Dare to export your Innovations ! Osez exporter vos Innovations!","publisher":{"@id":"https:\/\/innovideasas.com\/#organization"},"potentialAction":[{"@type":"SearchAction","target":{"@type":"EntryPoint","urlTemplate":"https:\/\/innovideasas.com\/?s={search_term_string}"},"query-input":{"@type":"PropertyValueSpecification","valueRequired":true,"valueName":"search_term_string"}}],"inLanguage":"en-US"},{"@type":"Organization","@id":"https:\/\/innovideasas.com\/#organization","name":"Innovidea","url":"https:\/\/innovideasas.com\/","logo":{"@type":"ImageObject","inLanguage":"en-US","@id":"https:\/\/innovideasas.com\/#\/schema\/logo\/image\/","url":"https:\/\/innovideasas.com\/wp-content\/uploads\/2018\/07\/logo_innovidea_color-e1535710679100.png","contentUrl":"https:\/\/innovideasas.com\/wp-content\/uploads\/2018\/07\/logo_innovidea_color-e1535710679100.png","width":500,"height":500,"caption":"Innovidea"},"image":{"@id":"https:\/\/innovideasas.com\/#\/schema\/logo\/image\/"},"sameAs":["https:\/\/www.linkedin.com\/company\/innovidea-sas\/","https:\/\/www.youtube.com\/channel\/UCf0dy4i4mt7B9QMIgs90E7Q\/playlists"]}]}},"_links":{"self":[{"href":"https:\/\/innovideasas.com\/index.php\/wp-json\/wp\/v2\/pages\/850","targetHints":{"allow":["GET"]}}],"collection":[{"href":"https:\/\/innovideasas.com\/index.php\/wp-json\/wp\/v2\/pages"}],"about":[{"href":"https:\/\/innovideasas.com\/index.php\/wp-json\/wp\/v2\/types\/page"}],"author":[{"embeddable":true,"href":"https:\/\/innovideasas.com\/index.php\/wp-json\/wp\/v2\/users\/1"}],"replies":[{"embeddable":true,"href":"https:\/\/innovideasas.com\/index.php\/wp-json\/wp\/v2\/comments?post=850"}],"version-history":[{"count":2,"href":"https:\/\/innovideasas.com\/index.php\/wp-json\/wp\/v2\/pages\/850\/revisions"}],"predecessor-version":[{"id":1369,"href":"https:\/\/innovideasas.com\/index.php\/wp-json\/wp\/v2\/pages\/850\/revisions\/1369"}],"wp:attachment":[{"href":"https:\/\/innovideasas.com\/index.php\/wp-json\/wp\/v2\/media?parent=850"}],"curies":[{"name":"wp","href":"https:\/\/api.w.org\/{rel}","templated":true}]}}