{"id":948,"date":"2020-09-17T14:54:16","date_gmt":"2020-09-17T12:54:16","guid":{"rendered":"https:\/\/innovideasas.com\/?page_id=948"},"modified":"2022-04-22T11:03:28","modified_gmt":"2022-04-22T09:03:28","slug":"conseil","status":"publish","type":"page","link":"https:\/\/innovideasas.com\/index.php\/fr\/conseil\/","title":{"rendered":"Conseil"},"content":{"rendered":"\n<p class=\"wp-block-paragraph\"><strong>INNOVIDEA<\/strong>, de par ses connaissances, son r\u00e9seau et son exp\u00e9rience internationale en vente &amp; marketing\/&#8221;business development&#8221; offre des services sur mesure aux grands comptes et au start-up dans les domaines de la vision, de l&#8217;infrarouge, de la photonique et des technologies avanc\u00e9es.  La discr\u00e9tion des prestations est une valeur fondamentale sur laquelle nous nous engageons.<\/p>\n\n\n\n<p class=\"wp-block-paragraph\">Les missions de conseil propos\u00e9es sont d\u00e9crites ici :<\/p>\n\n\n\n<figure class=\"wp-block-table is-style-stripes\"><table><thead><tr><th>Categorie<\/th><th>Missions<\/th><th>D\u00e9liverables<\/th><\/tr><\/thead><tbody><tr><td><strong>Coaching<\/strong>  <\/td><td>Lev\u00e9e de fonds,  valorisation d&#8217;IP, <br>projets d&#8217;acquisition<\/td><td>Sales pitch, Exec. summary<\/td><\/tr><tr><td><strong>Strat\u00e9gie Ventes<\/strong><\/td><td>Canaux de ventes, Digital, Croissance<\/td><td>Distributeurs\/Rep, prospects<\/td><\/tr><tr><td><strong>Marketing<\/strong><\/td><td>Positionnement march\u00e9\/produit<\/td><td>Etude de march\u00e9, pr\u00e9sentation soci\u00e9t\u00e9<\/td><\/tr><tr><td><strong>Social media<\/strong><\/td><td>Image de marque, pr\u00e9sence digitale<\/td><td> Site Web, LinkedIn (post, articles)<\/td><\/tr><\/tbody><\/table><figcaption>Ces services sont factur\u00e9s sur une base horaire, journali\u00e8re ou bien  n\u00e9goci\u00e9s \u00e0 la mission<\/figcaption><\/figure>\n\n\n\n<div class=\"wp-block-media-text alignwide is-stacked-on-mobile\"><figure class=\"wp-block-media-text__media\"><img decoding=\"async\" width=\"1024\" height=\"819\" data-src=\"https:\/\/innovideasas.com\/wp-content\/uploads\/2022\/04\/elie-imagerie-2-1024x819.jpg\" alt=\"\" class=\"wp-image-1261 size-full lazyload\" data-srcset=\"https:\/\/innovideasas.com\/wp-content\/uploads\/2022\/04\/elie-imagerie-2-1024x819.jpg 1024w, https:\/\/innovideasas.com\/wp-content\/uploads\/2022\/04\/elie-imagerie-2-300x240.jpg 300w, https:\/\/innovideasas.com\/wp-content\/uploads\/2022\/04\/elie-imagerie-2-768x614.jpg 768w, https:\/\/innovideasas.com\/wp-content\/uploads\/2022\/04\/elie-imagerie-2-1536x1228.jpg 1536w, https:\/\/innovideasas.com\/wp-content\/uploads\/2022\/04\/elie-imagerie-2-2048x1638.jpg 2048w\" data-sizes=\"(max-width: 767px) 89vw, (max-width: 1000px) 54vw, (max-width: 1071px) 543px, 580px\" src=\"data:image\/svg+xml;base64,PHN2ZyB3aWR0aD0iMSIgaGVpZ2h0PSIxIiB4bWxucz0iaHR0cDovL3d3dy53My5vcmcvMjAwMC9zdmciPjwvc3ZnPg==\" style=\"--smush-placeholder-width: 1024px; --smush-placeholder-aspect-ratio: 1024\/819;\" \/><\/figure><div class=\"wp-block-media-text__content\">\n<p class=\"has-medium-font-size wp-block-paragraph\"><strong>Expertise en Thermographie<\/strong><\/p>\n\n\n\n<p class=\"wp-block-paragraph\"><strong>INNOVIDEA<\/strong> avec son partenaire <strong><a href=\"https:\/\/www.thermokrasia.com\/\" target=\"_blank\" rel=\"noreferrer noopener\">Thermokrasi<\/a>a<\/strong> peut \u00e9galement apporter son expertise en thermographie, d\u00e9tection gaz par cam\u00e9ra OGI ou hyperspectrale.<\/p>\n<\/div><\/div>\n","protected":false},"excerpt":{"rendered":"<p>INNOVIDEA, de par ses connaissances, son r\u00e9seau et son exp\u00e9rience internationale en vente &amp; marketing\/&#8221;business development&#8221; offre des services sur mesure aux grands comptes et au start-up dans les domaines de la vision, de l&#8217;infrarouge, de la photonique et des technologies avanc\u00e9es. La discr\u00e9tion des prestations est une valeur fondamentale sur laquelle nous nous engageons. &hellip; <\/p>\n<p class=\"link-more\"><a href=\"https:\/\/innovideasas.com\/index.php\/fr\/conseil\/\" class=\"more-link\">Continue reading<span class=\"screen-reader-text\"> &#8220;Conseil&#8221;<\/span><\/a><\/p>\n","protected":false},"author":1,"featured_media":0,"parent":0,"menu_order":0,"comment_status":"closed","ping_status":"closed","template":"","meta":{"_crdt_document":"","footnotes":""},"class_list":["post-948","page","type-page","status-publish","hentry"],"yoast_head":"<!-- This site is optimized with the Yoast SEO plugin v27.1.1 - https:\/\/yoast.com\/product\/yoast-seo-wordpress\/ -->\n<title>Conseil - INNOVIDEA<\/title>\n<meta name=\"description\" content=\"INNOVIDEA propose des prestations apyantes aux grand comptes et start-up dans les domaines vision, infrarouge, photonique et technologies avanc\u00e9es. Typiquement, nous offrons du coaching, du conseil strat\u00e9gique en vente ou marketing ou bien en pr\u00e9sence dans le digital.\" \/>\n<meta name=\"robots\" content=\"index, follow, max-snippet:-1, max-image-preview:large, max-video-preview:-1\" \/>\n<link rel=\"canonical\" href=\"https:\/\/innovideasas.com\/index.php\/fr\/conseil\/\" \/>\n<meta property=\"og:locale\" content=\"en_US\" \/>\n<meta property=\"og:type\" content=\"article\" \/>\n<meta property=\"og:title\" content=\"Conseil - INNOVIDEA\" \/>\n<meta property=\"og:description\" content=\"INNOVIDEA propose des prestations apyantes aux grand comptes et start-up dans les domaines vision, infrarouge, photonique et technologies avanc\u00e9es. Typiquement, nous offrons du coaching, du conseil strat\u00e9gique en vente ou marketing ou bien en pr\u00e9sence dans le digital.\" \/>\n<meta property=\"og:url\" content=\"https:\/\/innovideasas.com\/index.php\/fr\/conseil\/\" \/>\n<meta property=\"og:site_name\" content=\"INNOVIDEA\" \/>\n<meta property=\"article:modified_time\" content=\"2022-04-22T09:03:28+00:00\" \/>\n<meta property=\"og:image\" content=\"https:\/\/innovideasas.com\/wp-content\/uploads\/2022\/04\/elie-imagerie-2-1024x819.jpg\" \/>\n<meta name=\"twitter:card\" content=\"summary_large_image\" \/>\n<meta name=\"twitter:label1\" content=\"Est. reading time\" \/>\n\t<meta name=\"twitter:data1\" content=\"1 minute\" \/>\n<script type=\"application\/ld+json\" class=\"yoast-schema-graph\">{\"@context\":\"https:\/\/schema.org\",\"@graph\":[{\"@type\":\"WebPage\",\"@id\":\"https:\/\/innovideasas.com\/index.php\/fr\/conseil\/\",\"url\":\"https:\/\/innovideasas.com\/index.php\/fr\/conseil\/\",\"name\":\"Conseil - INNOVIDEA\",\"isPartOf\":{\"@id\":\"https:\/\/innovideasas.com\/#website\"},\"primaryImageOfPage\":{\"@id\":\"https:\/\/innovideasas.com\/index.php\/fr\/conseil\/#primaryimage\"},\"image\":{\"@id\":\"https:\/\/innovideasas.com\/index.php\/fr\/conseil\/#primaryimage\"},\"thumbnailUrl\":\"https:\/\/innovideasas.com\/wp-content\/uploads\/2022\/04\/elie-imagerie-2-1024x819.jpg\",\"datePublished\":\"2020-09-17T12:54:16+00:00\",\"dateModified\":\"2022-04-22T09:03:28+00:00\",\"description\":\"INNOVIDEA propose des prestations apyantes aux grand comptes et start-up dans les domaines vision, infrarouge, photonique et technologies avanc\u00e9es. Typiquement, nous offrons du coaching, du conseil strat\u00e9gique en vente ou marketing ou bien en pr\u00e9sence dans le digital.\",\"breadcrumb\":{\"@id\":\"https:\/\/innovideasas.com\/index.php\/fr\/conseil\/#breadcrumb\"},\"inLanguage\":\"en-US\",\"potentialAction\":[{\"@type\":\"ReadAction\",\"target\":[\"https:\/\/innovideasas.com\/index.php\/fr\/conseil\/\"]}]},{\"@type\":\"ImageObject\",\"inLanguage\":\"en-US\",\"@id\":\"https:\/\/innovideasas.com\/index.php\/fr\/conseil\/#primaryimage\",\"url\":\"https:\/\/innovideasas.com\/wp-content\/uploads\/2022\/04\/elie-imagerie-2.jpg\",\"contentUrl\":\"https:\/\/innovideasas.com\/wp-content\/uploads\/2022\/04\/elie-imagerie-2.jpg\",\"width\":2557,\"height\":2045},{\"@type\":\"BreadcrumbList\",\"@id\":\"https:\/\/innovideasas.com\/index.php\/fr\/conseil\/#breadcrumb\",\"itemListElement\":[{\"@type\":\"ListItem\",\"position\":1,\"name\":\"Home\",\"item\":\"https:\/\/innovideasas.com\/\"},{\"@type\":\"ListItem\",\"position\":2,\"name\":\"Conseil\"}]},{\"@type\":\"WebSite\",\"@id\":\"https:\/\/innovideasas.com\/#website\",\"url\":\"https:\/\/innovideasas.com\/\",\"name\":\"INNOVIDEA\",\"description\":\"Dare to export your Innovations ! Osez exporter vos Innovations!\",\"publisher\":{\"@id\":\"https:\/\/innovideasas.com\/#organization\"},\"potentialAction\":[{\"@type\":\"SearchAction\",\"target\":{\"@type\":\"EntryPoint\",\"urlTemplate\":\"https:\/\/innovideasas.com\/?s={search_term_string}\"},\"query-input\":{\"@type\":\"PropertyValueSpecification\",\"valueRequired\":true,\"valueName\":\"search_term_string\"}}],\"inLanguage\":\"en-US\"},{\"@type\":\"Organization\",\"@id\":\"https:\/\/innovideasas.com\/#organization\",\"name\":\"Innovidea\",\"url\":\"https:\/\/innovideasas.com\/\",\"logo\":{\"@type\":\"ImageObject\",\"inLanguage\":\"en-US\",\"@id\":\"https:\/\/innovideasas.com\/#\/schema\/logo\/image\/\",\"url\":\"https:\/\/innovideasas.com\/wp-content\/uploads\/2018\/07\/logo_innovidea_color-e1535710679100.png\",\"contentUrl\":\"https:\/\/innovideasas.com\/wp-content\/uploads\/2018\/07\/logo_innovidea_color-e1535710679100.png\",\"width\":500,\"height\":500,\"caption\":\"Innovidea\"},\"image\":{\"@id\":\"https:\/\/innovideasas.com\/#\/schema\/logo\/image\/\"},\"sameAs\":[\"https:\/\/www.linkedin.com\/company\/innovidea-sas\/\",\"https:\/\/www.youtube.com\/channel\/UCf0dy4i4mt7B9QMIgs90E7Q\/playlists\"]}]}<\/script>\n<!-- \/ Yoast SEO plugin. -->","yoast_head_json":{"title":"Conseil - INNOVIDEA","description":"INNOVIDEA propose des prestations apyantes aux grand comptes et start-up dans les domaines vision, infrarouge, photonique et technologies avanc\u00e9es. Typiquement, nous offrons du coaching, du conseil strat\u00e9gique en vente ou marketing ou bien en pr\u00e9sence dans le digital.","robots":{"index":"index","follow":"follow","max-snippet":"max-snippet:-1","max-image-preview":"max-image-preview:large","max-video-preview":"max-video-preview:-1"},"canonical":"https:\/\/innovideasas.com\/index.php\/fr\/conseil\/","og_locale":"en_US","og_type":"article","og_title":"Conseil - INNOVIDEA","og_description":"INNOVIDEA propose des prestations apyantes aux grand comptes et start-up dans les domaines vision, infrarouge, photonique et technologies avanc\u00e9es. Typiquement, nous offrons du coaching, du conseil strat\u00e9gique en vente ou marketing ou bien en pr\u00e9sence dans le digital.","og_url":"https:\/\/innovideasas.com\/index.php\/fr\/conseil\/","og_site_name":"INNOVIDEA","article_modified_time":"2022-04-22T09:03:28+00:00","og_image":[{"url":"https:\/\/innovideasas.com\/wp-content\/uploads\/2022\/04\/elie-imagerie-2-1024x819.jpg","type":"","width":"","height":""}],"twitter_card":"summary_large_image","twitter_misc":{"Est. reading time":"1 minute"},"schema":{"@context":"https:\/\/schema.org","@graph":[{"@type":"WebPage","@id":"https:\/\/innovideasas.com\/index.php\/fr\/conseil\/","url":"https:\/\/innovideasas.com\/index.php\/fr\/conseil\/","name":"Conseil - INNOVIDEA","isPartOf":{"@id":"https:\/\/innovideasas.com\/#website"},"primaryImageOfPage":{"@id":"https:\/\/innovideasas.com\/index.php\/fr\/conseil\/#primaryimage"},"image":{"@id":"https:\/\/innovideasas.com\/index.php\/fr\/conseil\/#primaryimage"},"thumbnailUrl":"https:\/\/innovideasas.com\/wp-content\/uploads\/2022\/04\/elie-imagerie-2-1024x819.jpg","datePublished":"2020-09-17T12:54:16+00:00","dateModified":"2022-04-22T09:03:28+00:00","description":"INNOVIDEA propose des prestations apyantes aux grand comptes et start-up dans les domaines vision, infrarouge, photonique et technologies avanc\u00e9es. Typiquement, nous offrons du coaching, du conseil strat\u00e9gique en vente ou marketing ou bien en pr\u00e9sence dans le digital.","breadcrumb":{"@id":"https:\/\/innovideasas.com\/index.php\/fr\/conseil\/#breadcrumb"},"inLanguage":"en-US","potentialAction":[{"@type":"ReadAction","target":["https:\/\/innovideasas.com\/index.php\/fr\/conseil\/"]}]},{"@type":"ImageObject","inLanguage":"en-US","@id":"https:\/\/innovideasas.com\/index.php\/fr\/conseil\/#primaryimage","url":"https:\/\/innovideasas.com\/wp-content\/uploads\/2022\/04\/elie-imagerie-2.jpg","contentUrl":"https:\/\/innovideasas.com\/wp-content\/uploads\/2022\/04\/elie-imagerie-2.jpg","width":2557,"height":2045},{"@type":"BreadcrumbList","@id":"https:\/\/innovideasas.com\/index.php\/fr\/conseil\/#breadcrumb","itemListElement":[{"@type":"ListItem","position":1,"name":"Home","item":"https:\/\/innovideasas.com\/"},{"@type":"ListItem","position":2,"name":"Conseil"}]},{"@type":"WebSite","@id":"https:\/\/innovideasas.com\/#website","url":"https:\/\/innovideasas.com\/","name":"INNOVIDEA","description":"Dare to export your Innovations ! Osez exporter vos Innovations!","publisher":{"@id":"https:\/\/innovideasas.com\/#organization"},"potentialAction":[{"@type":"SearchAction","target":{"@type":"EntryPoint","urlTemplate":"https:\/\/innovideasas.com\/?s={search_term_string}"},"query-input":{"@type":"PropertyValueSpecification","valueRequired":true,"valueName":"search_term_string"}}],"inLanguage":"en-US"},{"@type":"Organization","@id":"https:\/\/innovideasas.com\/#organization","name":"Innovidea","url":"https:\/\/innovideasas.com\/","logo":{"@type":"ImageObject","inLanguage":"en-US","@id":"https:\/\/innovideasas.com\/#\/schema\/logo\/image\/","url":"https:\/\/innovideasas.com\/wp-content\/uploads\/2018\/07\/logo_innovidea_color-e1535710679100.png","contentUrl":"https:\/\/innovideasas.com\/wp-content\/uploads\/2018\/07\/logo_innovidea_color-e1535710679100.png","width":500,"height":500,"caption":"Innovidea"},"image":{"@id":"https:\/\/innovideasas.com\/#\/schema\/logo\/image\/"},"sameAs":["https:\/\/www.linkedin.com\/company\/innovidea-sas\/","https:\/\/www.youtube.com\/channel\/UCf0dy4i4mt7B9QMIgs90E7Q\/playlists"]}]}},"_links":{"self":[{"href":"https:\/\/innovideasas.com\/index.php\/wp-json\/wp\/v2\/pages\/948","targetHints":{"allow":["GET"]}}],"collection":[{"href":"https:\/\/innovideasas.com\/index.php\/wp-json\/wp\/v2\/pages"}],"about":[{"href":"https:\/\/innovideasas.com\/index.php\/wp-json\/wp\/v2\/types\/page"}],"author":[{"embeddable":true,"href":"https:\/\/innovideasas.com\/index.php\/wp-json\/wp\/v2\/users\/1"}],"replies":[{"embeddable":true,"href":"https:\/\/innovideasas.com\/index.php\/wp-json\/wp\/v2\/comments?post=948"}],"version-history":[{"count":2,"href":"https:\/\/innovideasas.com\/index.php\/wp-json\/wp\/v2\/pages\/948\/revisions"}],"predecessor-version":[{"id":1262,"href":"https:\/\/innovideasas.com\/index.php\/wp-json\/wp\/v2\/pages\/948\/revisions\/1262"}],"wp:attachment":[{"href":"https:\/\/innovideasas.com\/index.php\/wp-json\/wp\/v2\/media?parent=948"}],"curies":[{"name":"wp","href":"https:\/\/api.w.org\/{rel}","templated":true}]}}